{"id":11495,"date":"2021-11-19T13:01:49","date_gmt":"2021-11-19T12:01:49","guid":{"rendered":"https:\/\/staging.hotelderblauereiter.de\/?page_id=11495"},"modified":"2021-11-19T14:47:50","modified_gmt":"2021-11-19T13:47:50","slug":"sommerlounge-galerie","status":"publish","type":"page","link":"https:\/\/staging.hotelderblauereiter.de\/en\/sommerlounge-galerie\/","title":{"rendered":"Sommerlounge Galerie"},"content":{"rendered":"<div data-elementor-type=\"wp-page\" data-elementor-id=\"11495\" class=\"elementor elementor-11495\">\n\t\t\t\t\t\t<div class=\"elementor-inner\">\n\t\t\t\t<div class=\"elementor-section-wrap\">\n\t\t\t\t\t\t\t\t\t<div class=\"elementor-section elementor-top-section elementor-element elementor-element-2105a3b elementor-section-full_width elementor-section-height-min-height elementor-section-content-middle background elementor-section-height-default elementor-section-items-middle\" data-id=\"2105a3b\" data-element_type=\"section\" id=\"top-background\" data-settings=\"{&quot;background_background&quot;:&quot;classic&quot;}\">\n\t\t\t\t\t\t<div class=\"elementor-container elementor-column-gap-default\">\n\t\t\t\t\t\t\t<div class=\"elementor-row\">\n\t\t\t\t\t<div class=\"elementor-column elementor-col-100 elementor-top-column elementor-element elementor-element-b9497b8\" data-id=\"b9497b8\" data-element_type=\"column\">\n\t\t\t<div class=\"elementor-column-wrap lazyelementorbackgroundimages  elementor-element-populated\">\n\t\t\t\t\t\t\t<div class=\"elementor-widget-wrap\">\n\t\t\t\t\t\t<div class=\"elementor-element elementor-element-0b50196 front-titel elementor-widget elementor-widget-text-editor\" data-id=\"0b50196\" data-element_type=\"widget\" data-widget_type=\"text-editor.default\">\n\t\t\t\t<div class=\"elementor-widget-container\">\n\t\t\t\t\t\t\t\t<div class=\"elementor-text-editor elementor-clearfix\">\n\t\t\t\t<h1>SOMMERLOUNGE<br \/>GALLERY<\/h1>\t\t\t\t\t<\/div>\n\t\t\t\t\t\t<\/div>\n\t\t\t\t<\/div>\n\t\t\t\t\t\t<\/div>\n\t\t\t\t\t<\/div>\n\t\t<\/div>\n\t\t\t\t\t\t\t\t<\/div>\n\t\t\t\t\t<\/div>\n\t\t<\/div>\n\t\t\t\t<section class=\"elementor-section elementor-top-section elementor-element elementor-element-57c8625 elementor-section-full_width elementor-section-content-middle text-box min-height-200 elementor-section-height-default elementor-section-height-default\" data-id=\"57c8625\" data-element_type=\"section\" data-settings=\"{&quot;background_background&quot;:&quot;classic&quot;}\">\n\t\t\t\t\t\t<div class=\"elementor-container elementor-column-gap-default\">\n\t\t\t\t\t\t\t<div class=\"elementor-row\">\n\t\t\t\t\t<div class=\"elementor-column elementor-col-100 elementor-top-column elementor-element elementor-element-909264c\" data-id=\"909264c\" data-element_type=\"column\" data-settings=\"{&quot;background_background&quot;:&quot;classic&quot;}\">\n\t\t\t<div class=\"elementor-column-wrap lazyelementorbackgroundimages  elementor-element-populated\">\n\t\t\t\t\t\t\t<div class=\"elementor-widget-wrap\">\n\t\t\t\t\t\t<div class=\"elementor-element elementor-element-ef50cd1 text-box-h5 elementor-widget elementor-widget-heading\" data-id=\"ef50cd1\" data-element_type=\"widget\" data-widget_type=\"heading.default\">\n\t\t\t\t<div class=\"elementor-widget-container\">\n\t\t\t<h5 class=\"elementor-heading-title elementor-size-default\">Hier haben wir ein paar Eindr\u00fccke f\u00fcr Sie zusammengestellt.<\/h5>\t\t<\/div>\n\t\t\t\t<\/div>\n\t\t\t\t\t\t<\/div>\n\t\t\t\t\t<\/div>\n\t\t<\/div>\n\t\t\t\t\t\t\t\t<\/div>\n\t\t\t\t\t<\/div>\n\t\t<\/section>\n\t\t\t\t<section class=\"elementor-section elementor-top-section elementor-element elementor-element-00ebc8e elementor-section-full_width elementor-section-height-default elementor-section-height-default\" data-id=\"00ebc8e\" data-element_type=\"section\">\n\t\t\t\t\t\t<div class=\"elementor-container elementor-column-gap-default\">\n\t\t\t\t\t\t\t<div class=\"elementor-row\">\n\t\t\t\t\t<div class=\"elementor-column elementor-col-100 elementor-top-column elementor-element elementor-element-8d1d94a\" data-id=\"8d1d94a\" data-element_type=\"column\">\n\t\t\t<div class=\"elementor-column-wrap lazyelementorbackgroundimages  elementor-element-populated\">\n\t\t\t\t\t\t\t<div class=\"elementor-widget-wrap\">\n\t\t\t\t\t\t<div class=\"elementor-element elementor-element-fb71b4e elementor-arrows-position-outside custom-image-slider elementor-widget elementor-widget-image-carousel\" data-id=\"fb71b4e\" data-element_type=\"widget\" data-settings=\"{&quot;slides_to_show&quot;:&quot;4&quot;,&quot;navigation&quot;:&quot;arrows&quot;,&quot;image_spacing_custom&quot;:{&quot;unit&quot;:&quot;px&quot;,&quot;size&quot;:0,&quot;sizes&quot;:[]},&quot;autoplay_speed&quot;:4000,&quot;autoplay&quot;:&quot;yes&quot;,&quot;pause_on_hover&quot;:&quot;yes&quot;,&quot;pause_on_interaction&quot;:&quot;yes&quot;,&quot;infinite&quot;:&quot;yes&quot;,&quot;speed&quot;:500}\" data-widget_type=\"image-carousel.default\">\n\t\t\t\t<div class=\"elementor-widget-container\">\n\t\t\t\t\t<div class=\"elementor-image-carousel-wrapper swiper-container\" dir=\"ltr\">\n\t\t\t<div class=\"elementor-image-carousel swiper-wrapper swiper-image-stretch\">\n\t\t\t\t\t\t\t\t<div class=\"swiper-slide\"><a data-elementor-open-lightbox=\"yes\" data-elementor-lightbox-slideshow=\"fb71b4e\" data-elementor-lightbox-title=\"Hotel Der Blaue Reiter_Karlsruhe_76227_Sommerlounge (2)\" e-action-hash=\"#elementor-action%3Aaction%3Dlightbox%26settings%3DeyJpZCI6MTE1MDgsInVybCI6Imh0dHBzOlwvXC9zdGFnaW5nLmhvdGVsZGVyYmxhdWVyZWl0ZXIuZGVcL3dwLWNvbnRlbnRcL3VwbG9hZHNcLzIwMjFcLzExXC9Ib3RlbC1EZXItQmxhdWUtUmVpdGVyX0thcmxzcnVoZV83NjIyN19Tb21tZXJsb3VuZ2UtMi5qcGciLCJzbGlkZXNob3ciOiJmYjcxYjRlIn0%3D\" href=\"https:\/\/staging.hotelderblauereiter.de\/wp-content\/uploads\/2021\/11\/Hotel-Der-Blaue-Reiter_Karlsruhe_76227_Sommerlounge-2.jpg\"><figure class=\"swiper-slide-inner\"><img class=\"swiper-slide-image\" src=\"https:\/\/staging.hotelderblauereiter.de\/wp-content\/uploads\/2021\/11\/Hotel-Der-Blaue-Reiter_Karlsruhe_76227_Sommerlounge-2.jpg\" alt=\"Hotel Der Blaue Reiter_Karlsruhe_76227_Sommerlounge (2)\" \/><\/figure><\/a><\/div><div class=\"swiper-slide\"><a data-elementor-open-lightbox=\"yes\" data-elementor-lightbox-slideshow=\"fb71b4e\" data-elementor-lightbox-title=\"Hotel Der Blaue Reiter_Karlsruhe_76227_Sommerlounge (4)\" e-action-hash=\"#elementor-action%3Aaction%3Dlightbox%26settings%3DeyJpZCI6MTE1MDksInVybCI6Imh0dHBzOlwvXC9zdGFnaW5nLmhvdGVsZGVyYmxhdWVyZWl0ZXIuZGVcL3dwLWNvbnRlbnRcL3VwbG9hZHNcLzIwMjFcLzExXC9Ib3RlbC1EZXItQmxhdWUtUmVpdGVyX0thcmxzcnVoZV83NjIyN19Tb21tZXJsb3VuZ2UtNC5qcGciLCJzbGlkZXNob3ciOiJmYjcxYjRlIn0%3D\" href=\"https:\/\/staging.hotelderblauereiter.de\/wp-content\/uploads\/2021\/11\/Hotel-Der-Blaue-Reiter_Karlsruhe_76227_Sommerlounge-4.jpg\"><figure class=\"swiper-slide-inner\"><img class=\"swiper-slide-image\" src=\"https:\/\/staging.hotelderblauereiter.de\/wp-content\/uploads\/2021\/11\/Hotel-Der-Blaue-Reiter_Karlsruhe_76227_Sommerlounge-4.jpg\" alt=\"Hotel Der Blaue Reiter_Karlsruhe_76227_Sommerlounge (4)\" \/><\/figure><\/a><\/div><div class=\"swiper-slide\"><a data-elementor-open-lightbox=\"yes\" data-elementor-lightbox-slideshow=\"fb71b4e\" data-elementor-lightbox-title=\"Hotel Der Blaue Reiter_Karlsruhe_76227_Sommerlounge (8)\" e-action-hash=\"#elementor-action%3Aaction%3Dlightbox%26settings%3DeyJpZCI6MTE1MTAsInVybCI6Imh0dHBzOlwvXC9zdGFnaW5nLmhvdGVsZGVyYmxhdWVyZWl0ZXIuZGVcL3dwLWNvbnRlbnRcL3VwbG9hZHNcLzIwMjFcLzExXC9Ib3RlbC1EZXItQmxhdWUtUmVpdGVyX0thcmxzcnVoZV83NjIyN19Tb21tZXJsb3VuZ2UtOC5qcGciLCJzbGlkZXNob3ciOiJmYjcxYjRlIn0%3D\" href=\"https:\/\/staging.hotelderblauereiter.de\/wp-content\/uploads\/2021\/11\/Hotel-Der-Blaue-Reiter_Karlsruhe_76227_Sommerlounge-8.jpg\"><figure class=\"swiper-slide-inner\"><img class=\"swiper-slide-image\" src=\"https:\/\/staging.hotelderblauereiter.de\/wp-content\/uploads\/2021\/11\/Hotel-Der-Blaue-Reiter_Karlsruhe_76227_Sommerlounge-8.jpg\" alt=\"Hotel Der Blaue Reiter_Karlsruhe_76227_Sommerlounge (8)\" \/><\/figure><\/a><\/div><div class=\"swiper-slide\"><a data-elementor-open-lightbox=\"yes\" data-elementor-lightbox-slideshow=\"fb71b4e\" data-elementor-lightbox-title=\"Hotel Der Blaue Reiter_Karlsruhe_76227_Sommerlounge (9)\" e-action-hash=\"#elementor-action%3Aaction%3Dlightbox%26settings%3DeyJpZCI6MTE1MTEsInVybCI6Imh0dHBzOlwvXC9zdGFnaW5nLmhvdGVsZGVyYmxhdWVyZWl0ZXIuZGVcL3dwLWNvbnRlbnRcL3VwbG9hZHNcLzIwMjFcLzExXC9Ib3RlbC1EZXItQmxhdWUtUmVpdGVyX0thcmxzcnVoZV83NjIyN19Tb21tZXJsb3VuZ2UtOS5qcGciLCJzbGlkZXNob3ciOiJmYjcxYjRlIn0%3D\" href=\"https:\/\/staging.hotelderblauereiter.de\/wp-content\/uploads\/2021\/11\/Hotel-Der-Blaue-Reiter_Karlsruhe_76227_Sommerlounge-9.jpg\"><figure class=\"swiper-slide-inner\"><img class=\"swiper-slide-image\" src=\"https:\/\/staging.hotelderblauereiter.de\/wp-content\/uploads\/2021\/11\/Hotel-Der-Blaue-Reiter_Karlsruhe_76227_Sommerlounge-9.jpg\" alt=\"Hotel Der Blaue Reiter_Karlsruhe_76227_Sommerlounge (9)\" \/><\/figure><\/a><\/div><div class=\"swiper-slide\"><a data-elementor-open-lightbox=\"yes\" data-elementor-lightbox-slideshow=\"fb71b4e\" data-elementor-lightbox-title=\"Hotel Der Blaue Reiter_Karlsruhe_76227_Sommerlounge\" e-action-hash=\"#elementor-action%3Aaction%3Dlightbox%26settings%3DeyJpZCI6MTE1MTIsInVybCI6Imh0dHBzOlwvXC9zdGFnaW5nLmhvdGVsZGVyYmxhdWVyZWl0ZXIuZGVcL3dwLWNvbnRlbnRcL3VwbG9hZHNcLzIwMjFcLzExXC9Ib3RlbC1EZXItQmxhdWUtUmVpdGVyX0thcmxzcnVoZV83NjIyN19Tb21tZXJsb3VuZ2UtMS5qcGciLCJzbGlkZXNob3ciOiJmYjcxYjRlIn0%3D\" href=\"https:\/\/staging.hotelderblauereiter.de\/wp-content\/uploads\/2021\/11\/Hotel-Der-Blaue-Reiter_Karlsruhe_76227_Sommerlounge-1.jpg\"><figure class=\"swiper-slide-inner\"><img class=\"swiper-slide-image\" src=\"https:\/\/staging.hotelderblauereiter.de\/wp-content\/uploads\/2021\/11\/Hotel-Der-Blaue-Reiter_Karlsruhe_76227_Sommerlounge-1.jpg\" alt=\"Hotel Der Blaue Reiter_Karlsruhe_76227_Sommerlounge\" \/><\/figure><\/a><\/div><div class=\"swiper-slide\"><a data-elementor-open-lightbox=\"yes\" data-elementor-lightbox-slideshow=\"fb71b4e\" data-elementor-lightbox-title=\"Hotel Der Blaue Reiter_Karlsruhe_76227_Sommerlounge_Detail (6)\" e-action-hash=\"#elementor-action%3Aaction%3Dlightbox%26settings%3DeyJpZCI6MTE1MTMsInVybCI6Imh0dHBzOlwvXC9zdGFnaW5nLmhvdGVsZGVyYmxhdWVyZWl0ZXIuZGVcL3dwLWNvbnRlbnRcL3VwbG9hZHNcLzIwMjFcLzExXC9Ib3RlbC1EZXItQmxhdWUtUmVpdGVyX0thcmxzcnVoZV83NjIyN19Tb21tZXJsb3VuZ2VfRGV0YWlsLTYuanBnIiwic2xpZGVzaG93IjoiZmI3MWI0ZSJ9\" href=\"https:\/\/staging.hotelderblauereiter.de\/wp-content\/uploads\/2021\/11\/Hotel-Der-Blaue-Reiter_Karlsruhe_76227_Sommerlounge_Detail-6.jpg\"><figure class=\"swiper-slide-inner\"><img class=\"swiper-slide-image\" src=\"https:\/\/staging.hotelderblauereiter.de\/wp-content\/uploads\/2021\/11\/Hotel-Der-Blaue-Reiter_Karlsruhe_76227_Sommerlounge_Detail-6.jpg\" alt=\"Hotel Der Blaue Reiter_Karlsruhe_76227_Sommerlounge_Detail (6)\" \/><\/figure><\/a><\/div><div class=\"swiper-slide\"><a data-elementor-open-lightbox=\"yes\" data-elementor-lightbox-slideshow=\"fb71b4e\" data-elementor-lightbox-title=\"Hotel Der Blaue Reiter_Karlsruhe_76227_Sommerlounge_Detail (7)\" e-action-hash=\"#elementor-action%3Aaction%3Dlightbox%26settings%3DeyJpZCI6MTE1MTQsInVybCI6Imh0dHBzOlwvXC9zdGFnaW5nLmhvdGVsZGVyYmxhdWVyZWl0ZXIuZGVcL3dwLWNvbnRlbnRcL3VwbG9hZHNcLzIwMjFcLzExXC9Ib3RlbC1EZXItQmxhdWUtUmVpdGVyX0thcmxzcnVoZV83NjIyN19Tb21tZXJsb3VuZ2VfRGV0YWlsLTctc2NhbGVkLmpwZyIsInNsaWRlc2hvdyI6ImZiNzFiNGUifQ%3D%3D\" href=\"https:\/\/staging.hotelderblauereiter.de\/wp-content\/uploads\/2021\/11\/Hotel-Der-Blaue-Reiter_Karlsruhe_76227_Sommerlounge_Detail-7-scaled.jpg\"><figure class=\"swiper-slide-inner\"><img class=\"swiper-slide-image\" src=\"https:\/\/staging.hotelderblauereiter.de\/wp-content\/uploads\/2021\/11\/Hotel-Der-Blaue-Reiter_Karlsruhe_76227_Sommerlounge_Detail-7-scaled.jpg\" alt=\"Hotel Der Blaue Reiter_Karlsruhe_76227_Sommerlounge_Detail (7)\" \/><\/figure><\/a><\/div><div class=\"swiper-slide\"><a data-elementor-open-lightbox=\"yes\" data-elementor-lightbox-slideshow=\"fb71b4e\" data-elementor-lightbox-title=\"Hotel Der Blaue Reiter_Karlsruhe_76227_Sommerlounge_Detail\" e-action-hash=\"#elementor-action%3Aaction%3Dlightbox%26settings%3DeyJpZCI6MTE1MTUsInVybCI6Imh0dHBzOlwvXC9zdGFnaW5nLmhvdGVsZGVyYmxhdWVyZWl0ZXIuZGVcL3dwLWNvbnRlbnRcL3VwbG9hZHNcLzIwMjFcLzExXC9Ib3RlbC1EZXItQmxhdWUtUmVpdGVyX0thcmxzcnVoZV83NjIyN19Tb21tZXJsb3VuZ2VfRGV0YWlsLmpwZyIsInNsaWRlc2hvdyI6ImZiNzFiNGUifQ%3D%3D\" href=\"https:\/\/staging.hotelderblauereiter.de\/wp-content\/uploads\/2021\/11\/Hotel-Der-Blaue-Reiter_Karlsruhe_76227_Sommerlounge_Detail.jpg\"><figure class=\"swiper-slide-inner\"><img class=\"swiper-slide-image\" src=\"https:\/\/staging.hotelderblauereiter.de\/wp-content\/uploads\/2021\/11\/Hotel-Der-Blaue-Reiter_Karlsruhe_76227_Sommerlounge_Detail.jpg\" alt=\"Hotel Der Blaue Reiter_Karlsruhe_76227_Sommerlounge_Detail\" \/><\/figure><\/a><\/div><div class=\"swiper-slide\"><a data-elementor-open-lightbox=\"yes\" data-elementor-lightbox-slideshow=\"fb71b4e\" data-elementor-lightbox-title=\"Hotel Der Blaue Reiter_Karlsruhe_76227_Terrasse (4)\" e-action-hash=\"#elementor-action%3Aaction%3Dlightbox%26settings%3DeyJpZCI6MTE1MTYsInVybCI6Imh0dHBzOlwvXC9zdGFnaW5nLmhvdGVsZGVyYmxhdWVyZWl0ZXIuZGVcL3dwLWNvbnRlbnRcL3VwbG9hZHNcLzIwMjFcLzExXC9Ib3RlbC1EZXItQmxhdWUtUmVpdGVyX0thcmxzcnVoZV83NjIyN19UZXJyYXNzZS00LmpwZyIsInNsaWRlc2hvdyI6ImZiNzFiNGUifQ%3D%3D\" href=\"https:\/\/staging.hotelderblauereiter.de\/wp-content\/uploads\/2021\/11\/Hotel-Der-Blaue-Reiter_Karlsruhe_76227_Terrasse-4.jpg\"><figure class=\"swiper-slide-inner\"><img class=\"swiper-slide-image\" src=\"https:\/\/staging.hotelderblauereiter.de\/wp-content\/uploads\/2021\/11\/Hotel-Der-Blaue-Reiter_Karlsruhe_76227_Terrasse-4.jpg\" alt=\"Hotel Der Blaue Reiter_Karlsruhe_76227_Terrasse (4)\" \/><\/figure><\/a><\/div><div class=\"swiper-slide\"><a data-elementor-open-lightbox=\"yes\" data-elementor-lightbox-slideshow=\"fb71b4e\" data-elementor-lightbox-title=\"Hotel Der Blaue Reiter_Karlsruhe_76227_Terrasse (11)\" e-action-hash=\"#elementor-action%3Aaction%3Dlightbox%26settings%3DeyJpZCI6MTE1MTcsInVybCI6Imh0dHBzOlwvXC9zdGFnaW5nLmhvdGVsZGVyYmxhdWVyZWl0ZXIuZGVcL3dwLWNvbnRlbnRcL3VwbG9hZHNcLzIwMjFcLzExXC9Ib3RlbC1EZXItQmxhdWUtUmVpdGVyX0thcmxzcnVoZV83NjIyN19UZXJyYXNzZS0xMS5qcGciLCJzbGlkZXNob3ciOiJmYjcxYjRlIn0%3D\" href=\"https:\/\/staging.hotelderblauereiter.de\/wp-content\/uploads\/2021\/11\/Hotel-Der-Blaue-Reiter_Karlsruhe_76227_Terrasse-11.jpg\"><figure class=\"swiper-slide-inner\"><img class=\"swiper-slide-image\" src=\"https:\/\/staging.hotelderblauereiter.de\/wp-content\/uploads\/2021\/11\/Hotel-Der-Blaue-Reiter_Karlsruhe_76227_Terrasse-11.jpg\" alt=\"Hotel Der Blaue Reiter_Karlsruhe_76227_Terrasse (11)\" \/><\/figure><\/a><\/div><div class=\"swiper-slide\"><a data-elementor-open-lightbox=\"yes\" data-elementor-lightbox-slideshow=\"fb71b4e\" data-elementor-lightbox-title=\"Hotel Der Blaue Reiter_Karlsruhe_76227_Terrasse_Detail (2)\" e-action-hash=\"#elementor-action%3Aaction%3Dlightbox%26settings%3DeyJpZCI6MTE1MTgsInVybCI6Imh0dHBzOlwvXC9zdGFnaW5nLmhvdGVsZGVyYmxhdWVyZWl0ZXIuZGVcL3dwLWNvbnRlbnRcL3VwbG9hZHNcLzIwMjFcLzExXC9Ib3RlbC1EZXItQmxhdWUtUmVpdGVyX0thcmxzcnVoZV83NjIyN19UZXJyYXNzZV9EZXRhaWwtMi5qcGciLCJzbGlkZXNob3ciOiJmYjcxYjRlIn0%3D\" href=\"https:\/\/staging.hotelderblauereiter.de\/wp-content\/uploads\/2021\/11\/Hotel-Der-Blaue-Reiter_Karlsruhe_76227_Terrasse_Detail-2.jpg\"><figure class=\"swiper-slide-inner\"><img class=\"swiper-slide-image\" src=\"https:\/\/staging.hotelderblauereiter.de\/wp-content\/uploads\/2021\/11\/Hotel-Der-Blaue-Reiter_Karlsruhe_76227_Terrasse_Detail-2.jpg\" alt=\"Hotel Der Blaue Reiter_Karlsruhe_76227_Terrasse_Detail (2)\" \/><\/figure><\/a><\/div><div class=\"swiper-slide\"><a data-elementor-open-lightbox=\"yes\" data-elementor-lightbox-slideshow=\"fb71b4e\" data-elementor-lightbox-title=\"Hotel Der Blaue Reiter_Karlsruhe_76227_Terrasse_Detail\" e-action-hash=\"#elementor-action%3Aaction%3Dlightbox%26settings%3DeyJpZCI6MTE1MTksInVybCI6Imh0dHBzOlwvXC9zdGFnaW5nLmhvdGVsZGVyYmxhdWVyZWl0ZXIuZGVcL3dwLWNvbnRlbnRcL3VwbG9hZHNcLzIwMjFcLzExXC9Ib3RlbC1EZXItQmxhdWUtUmVpdGVyX0thcmxzcnVoZV83NjIyN19UZXJyYXNzZV9EZXRhaWwuanBnIiwic2xpZGVzaG93IjoiZmI3MWI0ZSJ9\" href=\"https:\/\/staging.hotelderblauereiter.de\/wp-content\/uploads\/2021\/11\/Hotel-Der-Blaue-Reiter_Karlsruhe_76227_Terrasse_Detail.jpg\"><figure class=\"swiper-slide-inner\"><img class=\"swiper-slide-image\" src=\"https:\/\/staging.hotelderblauereiter.de\/wp-content\/uploads\/2021\/11\/Hotel-Der-Blaue-Reiter_Karlsruhe_76227_Terrasse_Detail.jpg\" alt=\"Hotel Der Blaue Reiter_Karlsruhe_76227_Terrasse_Detail\" \/><\/figure><\/a><\/div>\t\t\t<\/div>\n\t\t\t\t\t\t\t\t\t\t\t\t\t\t\t\t<div class=\"elementor-swiper-button elementor-swiper-button-prev\">\n\t\t\t\t\t\t<i aria-hidden=\"true\" class=\"eicon-chevron-left\"><\/i>\t\t\t\t\t\t<span class=\"elementor-screen-only\" data-no-translation=\"\" data-trp-gettext=\"\">Previous<\/span>\n\t\t\t\t\t<\/div>\n\t\t\t\t\t<div class=\"elementor-swiper-button elementor-swiper-button-next\">\n\t\t\t\t\t\t<i aria-hidden=\"true\" class=\"eicon-chevron-right\"><\/i>\t\t\t\t\t\t<span class=\"elementor-screen-only\" data-no-translation=\"\" data-trp-gettext=\"\">Next<\/span>\n\t\t\t\t\t<\/div>\n\t\t\t\t\t\t\t\t\t<\/div>\n\t\t\t\t<\/div>\n\t\t\t\t<\/div>\n\t\t\t\t\t\t<\/div>\n\t\t\t\t\t<\/div>\n\t\t<\/div>\n\t\t\t\t\t\t\t\t<\/div>\n\t\t\t\t\t<\/div>\n\t\t<\/section>\n\t\t\t\t\t\t\t\t\t<\/div>\n\t\t\t<\/div>\n\t\t\t\t\t<\/div>","protected":false},"excerpt":{"rendered":"<p>SOMMERLOUNGEGALERIE Hier haben wir ein paar Eindr\u00fccke f\u00fcr Sie zusammengestellt. Zur\u00fcck Weiter<\/p>","protected":false},"author":12,"featured_media":0,"parent":0,"menu_order":0,"comment_status":"closed","ping_status":"closed","template":"","meta":{"site-sidebar-layout":"no-sidebar","site-content-layout":"page-builder","ast-global-header-display":"","ast-main-header-display":"","ast-hfb-above-header-display":"","ast-hfb-below-header-display":"","ast-hfb-mobile-header-display":"","site-post-title":"disabled","ast-breadcrumbs-content":"","ast-featured-img":"disabled","footer-sml-layout":"","theme-transparent-header-meta":"default","adv-header-id-meta":"","stick-header-meta":"","header-above-stick-meta":"","header-main-stick-meta":"","header-below-stick-meta":""},"_links":{"self":[{"href":"https:\/\/staging.hotelderblauereiter.de\/en\/wp-json\/wp\/v2\/pages\/11495"}],"collection":[{"href":"https:\/\/staging.hotelderblauereiter.de\/en\/wp-json\/wp\/v2\/pages"}],"about":[{"href":"https:\/\/staging.hotelderblauereiter.de\/en\/wp-json\/wp\/v2\/types\/page"}],"author":[{"embeddable":true,"href":"https:\/\/staging.hotelderblauereiter.de\/en\/wp-json\/wp\/v2\/users\/12"}],"replies":[{"embeddable":true,"href":"https:\/\/staging.hotelderblauereiter.de\/en\/wp-json\/wp\/v2\/comments?post=11495"}],"version-history":[{"count":10,"href":"https:\/\/staging.hotelderblauereiter.de\/en\/wp-json\/wp\/v2\/pages\/11495\/revisions"}],"predecessor-version":[{"id":11530,"href":"https:\/\/staging.hotelderblauereiter.de\/en\/wp-json\/wp\/v2\/pages\/11495\/revisions\/11530"}],"wp:attachment":[{"href":"https:\/\/staging.hotelderblauereiter.de\/en\/wp-json\/wp\/v2\/media?parent=11495"}],"curies":[{"name":"wp","href":"https:\/\/api.w.org\/{rel}","templated":true}]}}