{"id":12638,"date":"2022-05-17T10:40:33","date_gmt":"2022-05-17T08:40:33","guid":{"rendered":"https:\/\/staging.hotelderblauereiter.de\/?page_id=12638"},"modified":"2022-05-18T15:01:33","modified_gmt":"2022-05-18T13:01:33","slug":"tawa-yama","status":"publish","type":"page","link":"https:\/\/staging.hotelderblauereiter.de\/en\/tawa-yama\/","title":{"rendered":"TAWA YAMA"},"content":{"rendered":"<div data-elementor-type=\"wp-post\" data-elementor-id=\"12638\" class=\"elementor elementor-12638\">\n\t\t\t\t\t\t<div class=\"elementor-inner\">\n\t\t\t\t<div class=\"elementor-section-wrap\">\n\t\t\t\t\t\t\t\t\t<div class=\"elementor-section elementor-top-section elementor-element elementor-element-833572a elementor-section-full_width elementor-section-height-min-height elementor-section-items-top elementor-section-content-middle background elementor-section-height-default\" data-id=\"833572a\" data-element_type=\"section\" id=\"top-background\" data-settings=\"{&quot;background_background&quot;:&quot;classic&quot;}\">\n\t\t\t\t\t\t<div class=\"elementor-container elementor-column-gap-default\">\n\t\t\t\t\t\t\t<div class=\"elementor-row\">\n\t\t\t\t\t<div class=\"elementor-column elementor-col-100 elementor-top-column elementor-element elementor-element-1bc2678c\" data-id=\"1bc2678c\" data-element_type=\"column\">\n\t\t\t<div class=\"elementor-column-wrap lazyelementorbackgroundimages  elementor-element-populated\">\n\t\t\t\t\t\t\t<div class=\"elementor-widget-wrap\">\n\t\t\t\t\t\t<div class=\"elementor-element elementor-element-1aab8f45 front-titel elementor-widget elementor-widget-image\" data-id=\"1aab8f45\" data-element_type=\"widget\" id=\"hotel-logo\" data-widget_type=\"image.default\">\n\t\t\t\t<div class=\"elementor-widget-container\">\n\t\t\t\t\t\t\t\t<div class=\"elementor-image\">\n\t\t\t\t\t\t\t\t\t\t\t\t<img src=\"https:\/\/staging.hotelderblauereiter.de\/wp-content\/uploads\/2022\/05\/tawayama_logo_weiss.jpg\" title=\"tawayama_logo_wei\u00df\" alt=\"tawayama_logo_wei\u00df\" \/>\t\t\t\t\t\t\t\t\t\t\t\t\t\t<\/div>\n\t\t\t\t\t\t<\/div>\n\t\t\t\t<\/div>\n\t\t\t\t\t\t<\/div>\n\t\t\t\t\t<\/div>\n\t\t<\/div>\n\t\t\t\t\t\t\t\t<\/div>\n\t\t\t\t\t<\/div>\n\t\t<\/div>\n\t\t\t\t<section class=\"elementor-section elementor-top-section elementor-element elementor-element-746fbe7 elementor-section-full_width elementor-section-content-middle text-box min-height-200 elementor-section-height-default elementor-section-height-default\" data-id=\"746fbe7\" data-element_type=\"section\" data-settings=\"{&quot;background_background&quot;:&quot;classic&quot;}\">\n\t\t\t\t\t\t<div class=\"elementor-container elementor-column-gap-default\">\n\t\t\t\t\t\t\t<div class=\"elementor-row\">\n\t\t\t\t\t<div class=\"elementor-column elementor-col-100 elementor-top-column elementor-element elementor-element-5a288e2\" data-id=\"5a288e2\" data-element_type=\"column\" data-settings=\"{&quot;background_background&quot;:&quot;classic&quot;}\">\n\t\t\t<div class=\"elementor-column-wrap lazyelementorbackgroundimages  elementor-element-populated\">\n\t\t\t\t\t\t\t<div class=\"elementor-widget-wrap\">\n\t\t\t\t\t\t<div class=\"elementor-element elementor-element-9cf5b7e text-box-h5 elementor-widget elementor-widget-heading\" data-id=\"9cf5b7e\" data-element_type=\"widget\" data-widget_type=\"heading.default\">\n\t\t\t\t<div class=\"elementor-widget-container\">\n\t\t\t<h5 class=\"elementor-heading-title elementor-size-default\">TAWA YAMA, japanisch TURM BERG, steht f\u00fcr eine taufrische Gastrokultur mit Zeitgeist, genial-innovativ. \nInmitten begr\u00fcnter D\u00e4cher mit Turmberg-Blick genie\u00dft man am Mittag oder Abend im EASY und am Abend im Sterne-Restaurant FINE, beide mit wundersch\u00f6nen Terrassen.\n<\/h5>\t\t<\/div>\n\t\t\t\t<\/div>\n\t\t\t\t<div class=\"elementor-element elementor-element-281bd35 elementor-align-center elementor-widget elementor-widget-button\" data-id=\"281bd35\" data-element_type=\"widget\" data-widget_type=\"button.default\">\n\t\t\t\t<div class=\"elementor-widget-container\">\n\t\t\t\t\t<div class=\"elementor-button-wrapper\">\n\t\t\t<a href=\"https:\/\/staging.hotelderblauereiter.de\/en\/tawa-yama-arrangement\/\" class=\"elementor-button-link elementor-button elementor-size-md\" role=\"button\">\n\t\t\t\t\t\t<span class=\"elementor-button-content-wrapper\">\n\t\t\t\t\t\t<span class=\"elementor-button-text\">Tawa Yama \u00dcbernachtungsarrangement<\/span>\n\t\t<\/span>\n\t\t\t\t\t<\/a>\n\t\t<\/div>\n\t\t\t\t<\/div>\n\t\t\t\t<\/div>\n\t\t\t\t\t\t<\/div>\n\t\t\t\t\t<\/div>\n\t\t<\/div>\n\t\t\t\t\t\t\t\t<\/div>\n\t\t\t\t\t<\/div>\n\t\t<\/section>\n\t\t\t\t<div class=\"elementor-section elementor-top-section elementor-element elementor-element-bcc8577 elementor-section-full_width elementor-section-content-middle elementor-section-height-default elementor-section-height-default\" data-id=\"bcc8577\" data-element_type=\"section\">\n\t\t\t\t\t\t<div class=\"elementor-container elementor-column-gap-no\">\n\t\t\t\t\t\t\t<div class=\"elementor-row\">\n\t\t\t\t\t<div class=\"elementor-column elementor-col-100 elementor-top-column elementor-element elementor-element-a6be9e5\" data-id=\"a6be9e5\" data-element_type=\"column\">\n\t\t\t<div class=\"elementor-column-wrap lazyelementorbackgroundimages  elementor-element-populated\">\n\t\t\t\t\t\t\t<div class=\"elementor-widget-wrap\">\n\t\t\t\t\t\t<section class=\"elementor-section elementor-inner-section elementor-element elementor-element-dfddd3b elementor-section-full_width elementor-section-height-min-height elementor-section-height-default\" data-id=\"dfddd3b\" data-element_type=\"section\">\n\t\t\t\t\t\t<div class=\"elementor-container elementor-column-gap-default\">\n\t\t\t\t\t\t\t<div class=\"elementor-row\">\n\t\t\t\t\t<div class=\"elementor-column elementor-col-25 elementor-inner-column elementor-element elementor-element-4e91cfd text-block-column-1\" data-id=\"4e91cfd\" data-element_type=\"column\" data-settings=\"{&quot;background_background&quot;:&quot;classic&quot;}\">\n\t\t\t<div class=\"elementor-column-wrap lazyelementorbackgroundimages  elementor-element-populated\">\n\t\t\t\t\t\t\t<div class=\"elementor-widget-wrap\">\n\t\t\t\t\t\t<div class=\"elementor-element elementor-element-921f5e4 elementor-widget elementor-widget-heading\" data-id=\"921f5e4\" data-element_type=\"widget\" data-widget_type=\"heading.default\">\n\t\t\t\t<div class=\"elementor-widget-container\">\n\t\t\t<h2 class=\"elementor-heading-title elementor-size-default\">TAWA YAMA \u00d6ffnungszeiten: <br>\nDi - Sa ab 18 Uhr <br>\nMittagstisch <br>\nDi - Fr von 11.30 -14:00 Uhr\n<\/h2>\t\t<\/div>\n\t\t\t\t<\/div>\n\t\t\t\t\t\t<\/div>\n\t\t\t\t\t<\/div>\n\t\t<\/div>\n\t\t\t\t<div class=\"elementor-column elementor-col-25 elementor-inner-column elementor-element elementor-element-6f0dc90 img-block-column-2\" data-id=\"6f0dc90\" data-element_type=\"column\" data-settings=\"{&quot;background_background&quot;:&quot;classic&quot;}\">\n\t\t\t<div class=\"elementor-column-wrap lazyelementorbackgroundimages  elementor-element-populated\">\n\t\t\t\t\t\t\t<div class=\"elementor-widget-wrap\">\n\t\t\t\t\t\t\t\t<\/div>\n\t\t\t\t\t<\/div>\n\t\t<\/div>\n\t\t\t\t<div class=\"elementor-column elementor-col-25 elementor-inner-column elementor-element elementor-element-038effc text-block-column-3\" data-id=\"038effc\" data-element_type=\"column\" data-settings=\"{&quot;background_background&quot;:&quot;classic&quot;}\">\n\t\t\t<div class=\"elementor-column-wrap lazyelementorbackgroundimages  elementor-element-populated\">\n\t\t\t\t\t\t\t<div class=\"elementor-widget-wrap\">\n\t\t\t\t\t\t<div class=\"elementor-element elementor-element-270a912 elementor-widget elementor-widget-heading\" data-id=\"270a912\" data-element_type=\"widget\" data-widget_type=\"heading.default\">\n\t\t\t\t<div class=\"elementor-widget-container\">\n\t\t\t<h2 class=\"elementor-heading-title elementor-size-default\">Amalienbadstra\u00dfe 41b - Bau B<br>\n76227 Karlsruhe-Durlach <\/h2>\t\t<\/div>\n\t\t\t\t<\/div>\n\t\t\t\t<div class=\"elementor-element elementor-element-04d9044 elementor-align-center elementor-widget elementor-widget-button\" data-id=\"04d9044\" data-element_type=\"widget\" data-widget_type=\"button.default\">\n\t\t\t\t<div class=\"elementor-widget-container\">\n\t\t\t\t\t<div class=\"elementor-button-wrapper\">\n\t\t\t<a href=\"https:\/\/tawayama.de\/\" target=\"_blank\" class=\"elementor-button-link elementor-button elementor-size-md\" role=\"button\">\n\t\t\t\t\t\t<span class=\"elementor-button-content-wrapper\">\n\t\t\t\t\t\t<span class=\"elementor-button-text\">zum TAWA YAMA<\/span>\n\t\t<\/span>\n\t\t\t\t\t<\/a>\n\t\t<\/div>\n\t\t\t\t<\/div>\n\t\t\t\t<\/div>\n\t\t\t\t\t\t<\/div>\n\t\t\t\t\t<\/div>\n\t\t<\/div>\n\t\t\t\t<div class=\"elementor-column elementor-col-25 elementor-inner-column elementor-element elementor-element-4a4f892 img-block-column-4\" data-id=\"4a4f892\" data-element_type=\"column\" data-settings=\"{&quot;background_background&quot;:&quot;classic&quot;}\">\n\t\t\t<div class=\"elementor-column-wrap lazyelementorbackgroundimages  elementor-element-populated\">\n\t\t\t\t\t\t\t<div class=\"elementor-widget-wrap\">\n\t\t\t\t\t\t\t\t<\/div>\n\t\t\t\t\t<\/div>\n\t\t<\/div>\n\t\t\t\t\t\t\t\t<\/div>\n\t\t\t\t\t<\/div>\n\t\t<\/section>\n\t\t\t\t\t\t<\/div>\n\t\t\t\t\t<\/div>\n\t\t<\/div>\n\t\t\t\t\t\t\t\t<\/div>\n\t\t\t\t\t<\/div>\n\t\t<\/div>\n\t\t\t\t\t\t\t\t\t<\/div>\n\t\t\t<\/div>\n\t\t\t\t\t<\/div>","protected":false},"excerpt":{"rendered":"<p>TAWA YAMA, japanisch TURM BERG, steht f\u00fcr eine taufrische Gastrokultur mit Zeitgeist, genial-innovativ. Inmitten begr\u00fcnter D\u00e4cher mit Turmberg-Blick genie\u00dft man am Mittag oder Abend im EASY und am Abend im Sterne-Restaurant FINE, beide mit wundersch\u00f6nen Terrassen. Tawa Yama \u00dcbernachtungsarrangement TAWA YAMA \u00d6ffnungszeiten: Di &#8211; Sa ab 18 Uhr Mittagstisch Di &#8211; Fr von 11.30 -14:00 &hellip;<\/p>\n<p class=\"read-more\"> <a class=\"\" href=\"https:\/\/staging.hotelderblauereiter.de\/en\/tawa-yama\/\"> <span class=\"screen-reader-text\">TAWA YAMA<\/span> Read More &raquo;<\/a><\/p>","protected":false},"author":12,"featured_media":0,"parent":0,"menu_order":0,"comment_status":"closed","ping_status":"closed","template":"","meta":{"site-sidebar-layout":"no-sidebar","site-content-layout":"page-builder","ast-global-header-display":"","ast-main-header-display":"","ast-hfb-above-header-display":"","ast-hfb-below-header-display":"","ast-hfb-mobile-header-display":"","site-post-title":"disabled","ast-breadcrumbs-content":"","ast-featured-img":"disabled","footer-sml-layout":"","theme-transparent-header-meta":"default","adv-header-id-meta":"","stick-header-meta":"","header-above-stick-meta":"","header-main-stick-meta":"","header-below-stick-meta":""},"_links":{"self":[{"href":"https:\/\/staging.hotelderblauereiter.de\/en\/wp-json\/wp\/v2\/pages\/12638"}],"collection":[{"href":"https:\/\/staging.hotelderblauereiter.de\/en\/wp-json\/wp\/v2\/pages"}],"about":[{"href":"https:\/\/staging.hotelderblauereiter.de\/en\/wp-json\/wp\/v2\/types\/page"}],"author":[{"embeddable":true,"href":"https:\/\/staging.hotelderblauereiter.de\/en\/wp-json\/wp\/v2\/users\/12"}],"replies":[{"embeddable":true,"href":"https:\/\/staging.hotelderblauereiter.de\/en\/wp-json\/wp\/v2\/comments?post=12638"}],"version-history":[{"count":25,"href":"https:\/\/staging.hotelderblauereiter.de\/en\/wp-json\/wp\/v2\/pages\/12638\/revisions"}],"predecessor-version":[{"id":12711,"href":"https:\/\/staging.hotelderblauereiter.de\/en\/wp-json\/wp\/v2\/pages\/12638\/revisions\/12711"}],"wp:attachment":[{"href":"https:\/\/staging.hotelderblauereiter.de\/en\/wp-json\/wp\/v2\/media?parent=12638"}],"curies":[{"name":"wp","href":"https:\/\/api.w.org\/{rel}","templated":true}]}}