{"id":12652,"date":"2022-05-17T10:51:42","date_gmt":"2022-05-17T08:51:42","guid":{"rendered":"https:\/\/staging.hotelderblauereiter.de\/?page_id=12652"},"modified":"2022-05-18T15:09:40","modified_gmt":"2022-05-18T13:09:40","slug":"tawa-yama-arrangement","status":"publish","type":"page","link":"https:\/\/staging.hotelderblauereiter.de\/en\/tawa-yama-arrangement\/","title":{"rendered":"TAWA YAMA-ARRANGEMENT"},"content":{"rendered":"<div data-elementor-type=\"wp-post\" data-elementor-id=\"12652\" class=\"elementor elementor-12652\">\n\t\t\t\t\t\t<div class=\"elementor-inner\">\n\t\t\t\t<div class=\"elementor-section-wrap\">\n\t\t\t\t\t\t\t\t\t<div class=\"elementor-section elementor-top-section elementor-element elementor-element-833572a elementor-section-full_width elementor-section-height-min-height elementor-section-content-middle background elementor-section-height-default elementor-section-items-middle\" data-id=\"833572a\" data-element_type=\"section\" id=\"top-background\" data-settings=\"{&quot;background_background&quot;:&quot;classic&quot;}\">\n\t\t\t\t\t\t<div class=\"elementor-container elementor-column-gap-default\">\n\t\t\t\t\t\t\t<div class=\"elementor-row\">\n\t\t\t\t\t<div class=\"elementor-column elementor-col-100 elementor-top-column elementor-element elementor-element-1bc2678c\" data-id=\"1bc2678c\" data-element_type=\"column\">\n\t\t\t<div class=\"elementor-column-wrap lazyelementorbackgroundimages  elementor-element-populated\">\n\t\t\t\t\t\t\t<div class=\"elementor-widget-wrap\">\n\t\t\t\t\t\t<div class=\"elementor-element elementor-element-525a80a front-titel elementor-widget elementor-widget-text-editor\" data-id=\"525a80a\" data-element_type=\"widget\" data-widget_type=\"text-editor.default\">\n\t\t\t\t<div class=\"elementor-widget-container\">\n\t\t\t\t\t\t\t\t<div class=\"elementor-text-editor elementor-clearfix\">\n\t\t\t\t<h1>TAWA YAMA<br \/>\u00dcBERNACHTUNGSARRANGEMENT<\/h1>\t\t\t\t\t<\/div>\n\t\t\t\t\t\t<\/div>\n\t\t\t\t<\/div>\n\t\t\t\t\t\t<\/div>\n\t\t\t\t\t<\/div>\n\t\t<\/div>\n\t\t\t\t\t\t\t\t<\/div>\n\t\t\t\t\t<\/div>\n\t\t<\/div>\n\t\t\t\t<section class=\"elementor-section elementor-top-section elementor-element elementor-element-746fbe7 elementor-section-full_width elementor-section-content-middle text-box min-height-200 elementor-section-height-default elementor-section-height-default\" data-id=\"746fbe7\" data-element_type=\"section\" data-settings=\"{&quot;background_background&quot;:&quot;classic&quot;}\">\n\t\t\t\t\t\t<div class=\"elementor-container elementor-column-gap-default\">\n\t\t\t\t\t\t\t<div class=\"elementor-row\">\n\t\t\t\t\t<div class=\"elementor-column elementor-col-100 elementor-top-column elementor-element elementor-element-5a288e2\" data-id=\"5a288e2\" data-element_type=\"column\" data-settings=\"{&quot;background_background&quot;:&quot;classic&quot;}\">\n\t\t\t<div class=\"elementor-column-wrap lazyelementorbackgroundimages  elementor-element-populated\">\n\t\t\t\t\t\t\t<div class=\"elementor-widget-wrap\">\n\t\t\t\t\t\t<div class=\"elementor-element elementor-element-9cf5b7e text-box-h5 elementor-widget elementor-widget-heading\" data-id=\"9cf5b7e\" data-element_type=\"widget\" data-widget_type=\"heading.default\">\n\t\t\t\t<div class=\"elementor-widget-container\">\n\t\t\t<h5 class=\"elementor-heading-title elementor-size-default\">Erleben Sie ein Restaurantbesuch im Tawa Yama mit exklusivem Wohnen im Hotel Der Blaue Reiter. Nicht nur die kurzen Wege verbinden das Hotel mit dem Restaurant, sondern auch der Ausblick auf den Turmberg von Karlsruhe, den Tawa Yama.<br><br>\n\nDas Arrangement f\u00fcr zwei Personen beinhaltet:<br>\n-\teine \u00dcbernachtung inklusive first-class Fr\u00fchst\u00fccksbuffet in der Penthouse Suite mit traumhaftem Blick auf den TAWA YAMA (japanisch Turm Berg).<br>\n-\tAperitif und 5-G\u00e4nge Men\u00fc im Sterne-Restaurant \u201eFine\u201c im Tawa Yama<br>\n-\tDigestif in der Bar \u201eThe Curtain\u201c im Hotel Der Blaue Reiter\n<br><br>\nPreis \u20ac 259,00 pro Person\n<\/h5>\t\t<\/div>\n\t\t\t\t<\/div>\n\t\t\t\t<div class=\"elementor-element elementor-element-517cfb1 elementor-align-center elementor-widget elementor-widget-button\" data-id=\"517cfb1\" data-element_type=\"widget\" data-widget_type=\"button.default\">\n\t\t\t\t<div class=\"elementor-widget-container\">\n\t\t\t\t\t<div class=\"elementor-button-wrapper\">\n\t\t\t<a href=\"#form\" target=\"_blank\" class=\"elementor-button-link elementor-button elementor-size-md\" role=\"button\">\n\t\t\t\t\t\t<span class=\"elementor-button-content-wrapper\">\n\t\t\t\t\t\t<span class=\"elementor-button-text\">Request now<\/span>\n\t\t<\/span>\n\t\t\t\t\t<\/a>\n\t\t<\/div>\n\t\t\t\t<\/div>\n\t\t\t\t<\/div>\n\t\t\t\t\t\t<\/div>\n\t\t\t\t\t<\/div>\n\t\t<\/div>\n\t\t\t\t\t\t\t\t<\/div>\n\t\t\t\t\t<\/div>\n\t\t<\/section>\n\t\t\t\t<div class=\"elementor-section elementor-top-section elementor-element elementor-element-195d5a1c elementor-section-full_width elementor-section-content-middle elementor-section-height-default elementor-section-height-default\" data-id=\"195d5a1c\" data-element_type=\"section\">\n\t\t\t\t\t\t<div class=\"elementor-container elementor-column-gap-no\">\n\t\t\t\t\t\t\t<div class=\"elementor-row\">\n\t\t\t\t\t<div class=\"elementor-column elementor-col-100 elementor-top-column elementor-element elementor-element-3fd02e77\" data-id=\"3fd02e77\" data-element_type=\"column\">\n\t\t\t<div class=\"elementor-column-wrap lazyelementorbackgroundimages  elementor-element-populated\">\n\t\t\t\t\t\t\t<div class=\"elementor-widget-wrap\">\n\t\t\t\t\t\t<section class=\"elementor-section elementor-inner-section elementor-element elementor-element-463706c4 elementor-section-full_width elementor-section-height-min-height elementor-section-height-default\" data-id=\"463706c4\" data-element_type=\"section\">\n\t\t\t\t\t\t<div class=\"elementor-container elementor-column-gap-default\">\n\t\t\t\t\t\t\t<div class=\"elementor-row\">\n\t\t\t\t\t<div class=\"elementor-column elementor-col-25 elementor-inner-column elementor-element elementor-element-15ccf5cb text-block-column-1\" data-id=\"15ccf5cb\" data-element_type=\"column\" data-settings=\"{&quot;background_background&quot;:&quot;classic&quot;}\">\n\t\t\t<div class=\"elementor-column-wrap lazyelementorbackgroundimages  elementor-element-populated\">\n\t\t\t\t\t\t\t<div class=\"elementor-widget-wrap\">\n\t\t\t\t\t\t<div class=\"elementor-element elementor-element-4af586ee elementor-widget elementor-widget-heading\" data-id=\"4af586ee\" data-element_type=\"widget\" data-widget_type=\"heading.default\">\n\t\t\t\t<div class=\"elementor-widget-container\">\n\t\t\t<h2 class=\"elementor-heading-title elementor-size-default\">TAWA YAMA \u00d6ffnungszeiten: <br>\nDi - Sa ab 18 Uhr <br>\nMittagstisch <br>\nDi - Fr von 11.30 -14:00 Uhr\n<\/h2>\t\t<\/div>\n\t\t\t\t<\/div>\n\t\t\t\t\t\t<\/div>\n\t\t\t\t\t<\/div>\n\t\t<\/div>\n\t\t\t\t<div class=\"elementor-column elementor-col-25 elementor-inner-column elementor-element elementor-element-52d62bae img-block-column-2\" data-id=\"52d62bae\" data-element_type=\"column\" data-settings=\"{&quot;background_background&quot;:&quot;classic&quot;}\">\n\t\t\t<div class=\"elementor-column-wrap lazyelementorbackgroundimages  elementor-element-populated\">\n\t\t\t\t\t\t\t<div class=\"elementor-widget-wrap\">\n\t\t\t\t\t\t\t\t<\/div>\n\t\t\t\t\t<\/div>\n\t\t<\/div>\n\t\t\t\t<div class=\"elementor-column elementor-col-25 elementor-inner-column elementor-element elementor-element-56650c8f text-block-column-3\" data-id=\"56650c8f\" data-element_type=\"column\" data-settings=\"{&quot;background_background&quot;:&quot;classic&quot;}\">\n\t\t\t<div class=\"elementor-column-wrap lazyelementorbackgroundimages  elementor-element-populated\">\n\t\t\t\t\t\t\t<div class=\"elementor-widget-wrap\">\n\t\t\t\t\t\t<div class=\"elementor-element elementor-element-8c2690d elementor-widget elementor-widget-heading\" data-id=\"8c2690d\" data-element_type=\"widget\" data-widget_type=\"heading.default\">\n\t\t\t\t<div class=\"elementor-widget-container\">\n\t\t\t<h2 class=\"elementor-heading-title elementor-size-default\">Amalienbadstra\u00dfe 41b - Bau B<br>\n76227 Karlsruhe-Durlach <\/h2>\t\t<\/div>\n\t\t\t\t<\/div>\n\t\t\t\t<div class=\"elementor-element elementor-element-f821e38 elementor-align-center elementor-widget elementor-widget-button\" data-id=\"f821e38\" data-element_type=\"widget\" data-widget_type=\"button.default\">\n\t\t\t\t<div class=\"elementor-widget-container\">\n\t\t\t\t\t<div class=\"elementor-button-wrapper\">\n\t\t\t<a href=\"https:\/\/tawayama.de\/\" target=\"_blank\" class=\"elementor-button-link elementor-button elementor-size-md\" role=\"button\">\n\t\t\t\t\t\t<span class=\"elementor-button-content-wrapper\">\n\t\t\t\t\t\t<span class=\"elementor-button-text\">zum TAWA YAMA<\/span>\n\t\t<\/span>\n\t\t\t\t\t<\/a>\n\t\t<\/div>\n\t\t\t\t<\/div>\n\t\t\t\t<\/div>\n\t\t\t\t\t\t<\/div>\n\t\t\t\t\t<\/div>\n\t\t<\/div>\n\t\t\t\t<div class=\"elementor-column elementor-col-25 elementor-inner-column elementor-element elementor-element-70a8ab86 img-block-column-4\" data-id=\"70a8ab86\" data-element_type=\"column\" data-settings=\"{&quot;background_background&quot;:&quot;classic&quot;}\">\n\t\t\t<div class=\"elementor-column-wrap lazyelementorbackgroundimages  elementor-element-populated\">\n\t\t\t\t\t\t\t<div class=\"elementor-widget-wrap\">\n\t\t\t\t\t\t\t\t<\/div>\n\t\t\t\t\t<\/div>\n\t\t<\/div>\n\t\t\t\t\t\t\t\t<\/div>\n\t\t\t\t\t<\/div>\n\t\t<\/section>\n\t\t\t\t\t\t<\/div>\n\t\t\t\t\t<\/div>\n\t\t<\/div>\n\t\t\t\t\t\t\t\t<\/div>\n\t\t\t\t\t<\/div>\n\t\t<\/div>\n\t\t\t\t<section class=\"elementor-section elementor-top-section elementor-element elementor-element-12676d4 elementor-section-boxed elementor-section-height-default elementor-section-height-default\" data-id=\"12676d4\" data-element_type=\"section\" id=\"form\">\n\t\t\t\t\t\t<div class=\"elementor-container elementor-column-gap-default\">\n\t\t\t\t\t\t\t<div class=\"elementor-row\">\n\t\t\t\t\t<div class=\"elementor-column elementor-col-100 elementor-top-column elementor-element elementor-element-8cf6ae7\" data-id=\"8cf6ae7\" data-element_type=\"column\">\n\t\t\t<div class=\"elementor-column-wrap lazyelementorbackgroundimages  elementor-element-populated\">\n\t\t\t\t\t\t\t<div class=\"elementor-widget-wrap\">\n\t\t\t\t\t\t<div class=\"elementor-element elementor-element-801d146 elementor-widget elementor-widget-shortcode\" data-id=\"801d146\" data-element_type=\"widget\" data-widget_type=\"shortcode.default\">\n\t\t\t\t<div class=\"elementor-widget-container\">\n\t\t\t\t\t<div class=\"elementor-shortcode\"><div class=\"wpforms-container wpforms-container-full\" id=\"wpforms-12677\"><form id=\"wpforms-form-12677\" class=\"wpforms-validate wpforms-form\" data-formid=\"12677\" method=\"post\" enctype=\"multipart\/form-data\" action=\"\/en\/wp-json\/wp\/v2\/pages\/12652\" data-token=\"0a4a1e3b16a9e167cd8ff5c94199d23c\" data-trp-original-action=\"\/en\/wp-json\/wp\/v2\/pages\/12652\"><noscript class=\"wpforms-error-noscript\" data-no-translation=\"\" data-trp-gettext=\"\">Please enable JavaScript in your browser to complete this form.<\/noscript><div class=\"wpforms-field-container\"><div id=\"wpforms-12677-field_3-container\" class=\"wpforms-field wpforms-field-select wpforms-one-fourth wpforms-first wpforms-mobile-full wpforms-field-select-style-classic\" data-field-id=\"3\"><label class=\"wpforms-field-label\" for=\"wpforms-12677-field_3\">Title<\/label><select id=\"wpforms-12677-field_3\" class=\"wpforms-field-large\" name=\"wpforms[fields][3]\"><option value=\"Frau\" >Ms.<\/option><option value=\"Herr\" >Mr.<\/option><\/select><\/div><div id=\"wpforms-12677-field_0-container\" class=\"wpforms-field wpforms-field-name wpforms-one-fourth wpforms-mobile-full\" data-field-id=\"0\"><label class=\"wpforms-field-label\" for=\"wpforms-12677-field_0\">Name <span class=\"wpforms-required-label\">*<\/span><\/label><input type=\"text\" id=\"wpforms-12677-field_0\" class=\"wpforms-field-large wpforms-field-required\" name=\"wpforms[fields][0]\" required><\/div><div id=\"wpforms-12677-field_1-container\" class=\"wpforms-field wpforms-field-email wpforms-one-fourth wpforms-mobile-full\" data-field-id=\"1\"><label class=\"wpforms-field-label\" for=\"wpforms-12677-field_1\">E-Mail <span class=\"wpforms-required-label\">*<\/span><\/label><input type=\"email\" id=\"wpforms-12677-field_1\" class=\"wpforms-field-large wpforms-field-required\" name=\"wpforms[fields][1]\" required><\/div><div id=\"wpforms-12677-field_8-container\" class=\"wpforms-field wpforms-field-text wpforms-one-fourth wpforms-mobile-full\" data-field-id=\"8\"><label class=\"wpforms-field-label\" for=\"wpforms-12677-field_8\">phone <span class=\"wpforms-required-label\">*<\/span><\/label><input type=\"text\" id=\"wpforms-12677-field_8\" class=\"wpforms-field-large wpforms-field-required\" name=\"wpforms[fields][8]\" required><\/div><div id=\"wpforms-12677-field_18-container\" class=\"wpforms-field wpforms-field-text wpforms-one-fourth wpforms-first wpforms-mobile-full\" data-field-id=\"18\"><label class=\"wpforms-field-label\" for=\"wpforms-12677-field_18\">Street and no. <span class=\"wpforms-required-label\">*<\/span><\/label><input type=\"text\" id=\"wpforms-12677-field_18\" class=\"wpforms-field-large wpforms-field-required\" name=\"wpforms[fields][18]\" required><\/div><div id=\"wpforms-12677-field_19-container\" class=\"wpforms-field wpforms-field-number wpforms-one-fourth wpforms-mobile-full\" data-field-id=\"19\"><label class=\"wpforms-field-label\" for=\"wpforms-12677-field_19\">ZIP <span class=\"wpforms-required-label\">*<\/span><\/label><input type=\"number\" pattern=\"\\d*\" id=\"wpforms-12677-field_19\" class=\"wpforms-field-large wpforms-field-required\" name=\"wpforms[fields][19]\" required><\/div><div id=\"wpforms-12677-field_20-container\" class=\"wpforms-field wpforms-field-text wpforms-one-fourth wpforms-mobile-full\" data-field-id=\"20\"><label class=\"wpforms-field-label\" for=\"wpforms-12677-field_20\">City <span class=\"wpforms-required-label\">*<\/span><\/label><input type=\"text\" id=\"wpforms-12677-field_20\" class=\"wpforms-field-large wpforms-field-required\" name=\"wpforms[fields][20]\" required><\/div><div id=\"wpforms-12677-field_5-container\" class=\"wpforms-field wpforms-field-text wpforms-one-half wpforms-first wpforms-mobile-full\" data-field-id=\"5\"><label class=\"wpforms-field-label\" for=\"wpforms-12677-field_5\">Company<\/label><input type=\"text\" id=\"wpforms-12677-field_5\" class=\"wpforms-field-large\" name=\"wpforms[fields][5]\" ><\/div><div id=\"wpforms-12677-field_7-container\" class=\"wpforms-field wpforms-field-text wpforms-one-half wpforms-first wpforms-mobile-full\" data-field-id=\"7\"><label class=\"wpforms-field-label\" for=\"wpforms-12677-field_7\">Date of arrival<\/label><input type=\"text\" id=\"wpforms-12677-field_7\" class=\"wpforms-field-large\" name=\"wpforms[fields][7]\" ><\/div><div id=\"wpforms-12677-field_9-container\" class=\"wpforms-field wpforms-field-text wpforms-one-half wpforms-mobile-full\" data-field-id=\"9\"><label class=\"wpforms-field-label\" for=\"wpforms-12677-field_9\">Date of departure<\/label><input type=\"text\" id=\"wpforms-12677-field_9\" class=\"wpforms-field-large\" name=\"wpforms[fields][9]\" ><\/div><div id=\"wpforms-12677-field_10-container\" class=\"wpforms-field wpforms-field-number wpforms-one-third wpforms-first wpforms-mobile-full\" data-field-id=\"10\"><label class=\"wpforms-field-label\" for=\"wpforms-12677-field_10\">Number persons<\/label><input type=\"number\" pattern=\"\\d*\" id=\"wpforms-12677-field_10\" class=\"wpforms-field-large\" name=\"wpforms[fields][10]\" ><\/div><div id=\"wpforms-12677-field_2-container\" class=\"wpforms-field wpforms-field-textarea wpforms-mobile-full\" data-field-id=\"2\"><label class=\"wpforms-field-label\" for=\"wpforms-12677-field_2\">Message<\/label><textarea id=\"wpforms-12677-field_2\" class=\"wpforms-field-medium\" name=\"wpforms[fields][2]\" placeholder=\"Gerne k\u00f6nnen Sie uns hier Ihre speziellen W\u00fcnsche mitteilen.\" ><\/textarea><\/div><div id=\"wpforms-12677-field_15-container\" class=\"wpforms-field wpforms-field-checkbox\" data-field-id=\"15\"><ul id=\"wpforms-12677-field_15\" class=\"wpforms-field-required\"><li class=\"choice-1 depth-1\"><input type=\"checkbox\" id=\"wpforms-12677-field_15_1\" name=\"wpforms[fields][15][]\" value=\"Ich habe die &lt;a href=&quot;#&quot;&gt;Datenschutzerkl\u00e4rung&lt;\/a&gt; gelesen und bin damit einverstanden\" required><label class=\"wpforms-field-label-inline\" for=\"wpforms-12677-field_15_1\">I've read the <a href=\"#\">Data protection declaration<\/a> and I agree with it<\/label><\/li><\/ul><\/div><\/div><div class=\"wpforms-field wpforms-field-hp\"><label for=\"wpforms-12677-field-hp\" class=\"wpforms-field-label\">Website<\/label><input type=\"text\" name=\"wpforms[hp]\" id=\"wpforms-12677-field-hp\" class=\"wpforms-field-medium\"><\/div><div class=\"wpforms-submit-container\"><input type=\"hidden\" name=\"wpforms[id]\" value=\"12677\"><input type=\"hidden\" name=\"wpforms[author]\" value=\"12\"><button type=\"submit\" name=\"wpforms[submit]\" id=\"wpforms-submit-12677\" class=\"wpforms-submit\" data-alt-text=\"Senden...\" data-submit-text=\"Absenden\" aria-live=\"assertive\" value=\"wpforms-submit\">Send<\/button><\/div><input type=\"hidden\" name=\"trp-form-language\" value=\"en\"\/><\/form><\/div>  <!-- .wpforms-container --><\/div>\n\t\t\t\t<\/div>\n\t\t\t\t<\/div>\n\t\t\t\t\t\t<\/div>\n\t\t\t\t\t<\/div>\n\t\t<\/div>\n\t\t\t\t\t\t\t\t<\/div>\n\t\t\t\t\t<\/div>\n\t\t<\/section>\n\t\t\t\t\t\t\t\t\t<\/div>\n\t\t\t<\/div>\n\t\t\t\t\t<\/div>","protected":false},"excerpt":{"rendered":"<p>TAWA YAMA\u00dcBERNACHTUNGSARRANGEMENT Erleben Sie ein Restaurantbesuch im Tawa Yama mit exklusivem Wohnen im Hotel Der Blaue Reiter. Nicht nur die kurzen Wege verbinden das Hotel mit dem Restaurant, sondern auch der Ausblick auf den Turmberg von Karlsruhe, den Tawa Yama. Das Arrangement f\u00fcr zwei Personen beinhaltet: &#8211; eine \u00dcbernachtung inklusive first-class Fr\u00fchst\u00fccksbuffet in der Penthouse &hellip;<\/p>\n<p class=\"read-more\"> <a class=\"\" href=\"https:\/\/staging.hotelderblauereiter.de\/en\/tawa-yama-arrangement\/\"> <span class=\"screen-reader-text\">TAWA YAMA-ARRANGEMENT<\/span> Read More &raquo;<\/a><\/p>","protected":false},"author":12,"featured_media":0,"parent":0,"menu_order":0,"comment_status":"closed","ping_status":"closed","template":"","meta":{"site-sidebar-layout":"no-sidebar","site-content-layout":"page-builder","ast-global-header-display":"","ast-main-header-display":"","ast-hfb-above-header-display":"","ast-hfb-below-header-display":"","ast-hfb-mobile-header-display":"","site-post-title":"disabled","ast-breadcrumbs-content":"","ast-featured-img":"disabled","footer-sml-layout":"","theme-transparent-header-meta":"default","adv-header-id-meta":"","stick-header-meta":"","header-above-stick-meta":"","header-main-stick-meta":"","header-below-stick-meta":""},"_links":{"self":[{"href":"https:\/\/staging.hotelderblauereiter.de\/en\/wp-json\/wp\/v2\/pages\/12652"}],"collection":[{"href":"https:\/\/staging.hotelderblauereiter.de\/en\/wp-json\/wp\/v2\/pages"}],"about":[{"href":"https:\/\/staging.hotelderblauereiter.de\/en\/wp-json\/wp\/v2\/types\/page"}],"author":[{"embeddable":true,"href":"https:\/\/staging.hotelderblauereiter.de\/en\/wp-json\/wp\/v2\/users\/12"}],"replies":[{"embeddable":true,"href":"https:\/\/staging.hotelderblauereiter.de\/en\/wp-json\/wp\/v2\/comments?post=12652"}],"version-history":[{"count":31,"href":"https:\/\/staging.hotelderblauereiter.de\/en\/wp-json\/wp\/v2\/pages\/12652\/revisions"}],"predecessor-version":[{"id":12719,"href":"https:\/\/staging.hotelderblauereiter.de\/en\/wp-json\/wp\/v2\/pages\/12652\/revisions\/12719"}],"wp:attachment":[{"href":"https:\/\/staging.hotelderblauereiter.de\/en\/wp-json\/wp\/v2\/media?parent=12652"}],"curies":[{"name":"wp","href":"https:\/\/api.w.org\/{rel}","templated":true}]}}