{"id":1506,"date":"2018-08-08T10:14:13","date_gmt":"2018-08-08T08:14:13","guid":{"rendered":"https:\/\/jbcm.de\/blauerreiter\/?page_id=1506"},"modified":"2022-07-14T13:07:53","modified_gmt":"2022-07-14T11:07:53","slug":"besprechungsraum-25","status":"publish","type":"page","link":"https:\/\/staging.hotelderblauereiter.de\/en\/besprechungsraum-25\/","title":{"rendered":"Besprechungsraum-25"},"content":{"rendered":"<div data-elementor-type=\"wp-post\" data-elementor-id=\"1506\" class=\"elementor elementor-1506\">\n\t\t\t\t\t\t<div class=\"elementor-inner\">\n\t\t\t\t<div class=\"elementor-section-wrap\">\n\t\t\t\t\t\t\t\t\t<div class=\"elementor-section elementor-top-section elementor-element elementor-element-3f355d9b elementor-section-full_width elementor-section-height-min-height elementor-section-items-top elementor-section-content-middle background elementor-section-height-default\" data-id=\"3f355d9b\" data-element_type=\"section\" id=\"top-background\" data-settings=\"{&quot;background_background&quot;:&quot;classic&quot;}\">\n\t\t\t\t\t\t<div class=\"elementor-container elementor-column-gap-default\">\n\t\t\t\t\t\t\t<div class=\"elementor-row\">\n\t\t\t\t\t<div class=\"elementor-column elementor-col-100 elementor-top-column elementor-element elementor-element-67734024\" data-id=\"67734024\" data-element_type=\"column\">\n\t\t\t<div class=\"elementor-column-wrap lazyelementorbackgroundimages  elementor-element-populated\">\n\t\t\t\t\t\t\t<div class=\"elementor-widget-wrap\">\n\t\t\t\t\t\t<div class=\"elementor-element elementor-element-1242b4a front-titel elementor-widget elementor-widget-text-editor\" data-id=\"1242b4a\" data-element_type=\"widget\" data-widget_type=\"text-editor.default\">\n\t\t\t\t<div class=\"elementor-widget-container\">\n\t\t\t\t\t\t\t\t<div class=\"elementor-text-editor elementor-clearfix\">\n\t\t\t\t<h1>CONFERENCE ROOM <br \/>25M\u00b2<\/h1>\t\t\t\t\t<\/div>\n\t\t\t\t\t\t<\/div>\n\t\t\t\t<\/div>\n\t\t\t\t\t\t<\/div>\n\t\t\t\t\t<\/div>\n\t\t<\/div>\n\t\t\t\t\t\t\t\t<\/div>\n\t\t\t\t\t<\/div>\n\t\t<\/div>\n\t\t\t\t<section class=\"elementor-section elementor-top-section elementor-element elementor-element-70f255d elementor-section-full_width elementor-section-content-middle text-box min-height-200 elementor-section-height-default elementor-section-height-default\" data-id=\"70f255d\" data-element_type=\"section\" data-settings=\"{&quot;background_background&quot;:&quot;classic&quot;}\">\n\t\t\t\t\t\t<div class=\"elementor-container elementor-column-gap-default\">\n\t\t\t\t\t\t\t<div class=\"elementor-row\">\n\t\t\t\t\t<div class=\"elementor-column elementor-col-100 elementor-top-column elementor-element elementor-element-39a3fb6\" data-id=\"39a3fb6\" data-element_type=\"column\" data-settings=\"{&quot;background_background&quot;:&quot;classic&quot;}\">\n\t\t\t<div class=\"elementor-column-wrap lazyelementorbackgroundimages  elementor-element-populated\">\n\t\t\t\t\t\t\t<div class=\"elementor-widget-wrap\">\n\t\t\t\t\t\t<div class=\"elementor-element elementor-element-d949585 text-box-h5 elementor-widget elementor-widget-heading\" data-id=\"d949585\" data-element_type=\"widget\" data-widget_type=\"heading.default\">\n\t\t\t\t<div class=\"elementor-widget-container\">\n\t\t\t<h5 class=\"elementor-heading-title elementor-size-default\">Im 3. OG gelegen bietet dieser fast komplett verglaste Tagungsraum einen wundersch\u00f6nen Blick \u00fcber die D\u00e4cher von Durlach. Die angeschlossene Dachterrasse mit Lounge ist bei Tagungspausen ein idealer Ort, um neue Energien zu tanken. \nL x B x H = 6,25 x 4 x 3m<br><br>Besondere Merkmale:<\/h5>\t\t<\/div>\n\t\t\t\t<\/div>\n\t\t\t\t<div class=\"elementor-element elementor-element-25ce72e room-list-items elementor-icon-list--layout-traditional elementor-list-item-link-full_width elementor-widget elementor-widget-icon-list\" data-id=\"25ce72e\" data-element_type=\"widget\" data-widget_type=\"icon-list.default\">\n\t\t\t\t<div class=\"elementor-widget-container\">\n\t\t\t\t\t<ul class=\"elementor-icon-list-items\">\n\t\t\t\t\t\t\t<li class=\"elementor-icon-list-item\">\n\t\t\t\t\t\t\t\t\t\t\t<span class=\"elementor-icon-list-icon\">\n\t\t\t\t\t\t\t<i aria-hidden=\"true\" class=\"fas fa-circle\"><\/i>\t\t\t\t\t\t<\/span>\n\t\t\t\t\t\t\t\t\t\t<span class=\"elementor-icon-list-text\">Getr\u00e4nke<wrb>k\u00fchlschrank<\/span>\n\t\t\t\t\t\t\t\t\t<\/li>\n\t\t\t\t\t\t\t\t<li class=\"elementor-icon-list-item\">\n\t\t\t\t\t\t\t\t\t\t\t<span class=\"elementor-icon-list-icon\">\n\t\t\t\t\t\t\t<i aria-hidden=\"true\" class=\"fas fa-circle\"><\/i>\t\t\t\t\t\t<\/span>\n\t\t\t\t\t\t\t\t\t\t<span class=\"elementor-icon-list-text\">Teppichboden<\/span>\n\t\t\t\t\t\t\t\t\t<\/li>\n\t\t\t\t\t\t\t\t<li class=\"elementor-icon-list-item\">\n\t\t\t\t\t\t\t\t\t\t\t<span class=\"elementor-icon-list-icon\">\n\t\t\t\t\t\t\t<i aria-hidden=\"true\" class=\"fas fa-circle\"><\/i>\t\t\t\t\t\t<\/span>\n\t\t\t\t\t\t\t\t\t\t<span class=\"elementor-icon-list-text\">Dachterrasse (exklusiv f\u00fcr die Tagungsg\u00e4ste)<\/span>\n\t\t\t\t\t\t\t\t\t<\/li>\n\t\t\t\t\t\t\t\t<li class=\"elementor-icon-list-item\">\n\t\t\t\t\t\t\t\t\t\t\t<span class=\"elementor-icon-list-icon\">\n\t\t\t\t\t\t\t<i aria-hidden=\"true\" class=\"fas fa-circle\"><\/i>\t\t\t\t\t\t<\/span>\n\t\t\t\t\t\t\t\t\t\t<span class=\"elementor-icon-list-text\">Flachbildschirm<\/span>\n\t\t\t\t\t\t\t\t\t<\/li>\n\t\t\t\t\t\t\t\t<li class=\"elementor-icon-list-item\">\n\t\t\t\t\t\t\t\t\t\t\t<span class=\"elementor-icon-list-icon\">\n\t\t\t\t\t\t\t<i aria-hidden=\"true\" class=\"fas fa-circle\"><\/i>\t\t\t\t\t\t<\/span>\n\t\t\t\t\t\t\t\t\t\t<span class=\"elementor-icon-list-text\">kostenfreie Nutzung unserer Nespresso Kaffee<wbr>maschine und Ronnefeldt Tees<\/span>\n\t\t\t\t\t\t\t\t\t<\/li>\n\t\t\t\t\t\t\t\t<li class=\"elementor-icon-list-item\">\n\t\t\t\t\t\t\t\t\t\t\t<span class=\"elementor-icon-list-icon\">\n\t\t\t\t\t\t\t<i aria-hidden=\"true\" class=\"fas fa-circle\"><\/i>\t\t\t\t\t\t<\/span>\n\t\t\t\t\t\t\t\t\t\t<span class=\"elementor-icon-list-text\">Luftfilter<\/span>\n\t\t\t\t\t\t\t\t\t<\/li>\n\t\t\t\t\t\t<\/ul>\n\t\t\t\t<\/div>\n\t\t\t\t<\/div>\n\t\t\t\t<div class=\"elementor-element elementor-element-b13ed47 text-box-h5 elementor-widget elementor-widget-heading\" data-id=\"b13ed47\" data-element_type=\"widget\" data-widget_type=\"heading.default\">\n\t\t\t\t<div class=\"elementor-widget-container\">\n\t\t\t<h5 class=\"elementor-heading-title elementor-size-default\">Standard technology<\/h5>\t\t<\/div>\n\t\t\t\t<\/div>\n\t\t\t\t<div class=\"elementor-element elementor-element-f3252c6 room-list-items elementor-icon-list--layout-traditional elementor-list-item-link-full_width elementor-widget elementor-widget-icon-list\" data-id=\"f3252c6\" data-element_type=\"widget\" data-widget_type=\"icon-list.default\">\n\t\t\t\t<div class=\"elementor-widget-container\">\n\t\t\t\t\t<ul class=\"elementor-icon-list-items\">\n\t\t\t\t\t\t\t<li class=\"elementor-icon-list-item\">\n\t\t\t\t\t\t\t\t\t\t\t<span class=\"elementor-icon-list-icon\">\n\t\t\t\t\t\t\t<i aria-hidden=\"true\" class=\"fas fa-circle\"><\/i>\t\t\t\t\t\t<\/span>\n\t\t\t\t\t\t\t\t\t\t<span class=\"elementor-icon-list-text\">Air conditioner<\/span>\n\t\t\t\t\t\t\t\t\t<\/li>\n\t\t\t\t\t\t\t\t<li class=\"elementor-icon-list-item\">\n\t\t\t\t\t\t\t\t\t\t\t<span class=\"elementor-icon-list-icon\">\n\t\t\t\t\t\t\t<i aria-hidden=\"true\" class=\"fas fa-circle\"><\/i>\t\t\t\t\t\t<\/span>\n\t\t\t\t\t\t\t\t\t\t<span class=\"elementor-icon-list-text\">Highspeed-Internet<\/span>\n\t\t\t\t\t\t\t\t\t<\/li>\n\t\t\t\t\t\t\t\t<li class=\"elementor-icon-list-item\">\n\t\t\t\t\t\t\t\t\t\t\t<span class=\"elementor-icon-list-icon\">\n\t\t\t\t\t\t\t<i aria-hidden=\"true\" class=\"fas fa-circle\"><\/i>\t\t\t\t\t\t<\/span>\n\t\t\t\t\t\t\t\t\t\t<span class=\"elementor-icon-list-text\">Beamer mit Leinwand oder Pr\u00e4sentations<wbr>bildschirm<\/span>\n\t\t\t\t\t\t\t\t\t<\/li>\n\t\t\t\t\t\t\t\t<li class=\"elementor-icon-list-item\">\n\t\t\t\t\t\t\t\t\t\t\t<span class=\"elementor-icon-list-icon\">\n\t\t\t\t\t\t\t<i aria-hidden=\"true\" class=\"fas fa-circle\"><\/i>\t\t\t\t\t\t<\/span>\n\t\t\t\t\t\t\t\t\t\t<span class=\"elementor-icon-list-text\">electric blinds<\/span>\n\t\t\t\t\t\t\t\t\t<\/li>\n\t\t\t\t\t\t\t\t<li class=\"elementor-icon-list-item\">\n\t\t\t\t\t\t\t\t\t\t\t<span class=\"elementor-icon-list-icon\">\n\t\t\t\t\t\t\t<i aria-hidden=\"true\" class=\"fas fa-circle\"><\/i>\t\t\t\t\t\t<\/span>\n\t\t\t\t\t\t\t\t\t\t<span class=\"elementor-icon-list-text\">Whiteboard<\/span>\n\t\t\t\t\t\t\t\t\t<\/li>\n\t\t\t\t\t\t\t\t<li class=\"elementor-icon-list-item\">\n\t\t\t\t\t\t\t\t\t\t\t<span class=\"elementor-icon-list-icon\">\n\t\t\t\t\t\t\t<i aria-hidden=\"true\" class=\"fas fa-circle\"><\/i>\t\t\t\t\t\t<\/span>\n\t\t\t\t\t\t\t\t\t\t<span class=\"elementor-icon-list-text\">Blocks and pens<\/span>\n\t\t\t\t\t\t\t\t\t<\/li>\n\t\t\t\t\t\t<\/ul>\n\t\t\t\t<\/div>\n\t\t\t\t<\/div>\n\t\t\t\t\t\t<\/div>\n\t\t\t\t\t<\/div>\n\t\t<\/div>\n\t\t\t\t\t\t\t\t<\/div>\n\t\t\t\t\t<\/div>\n\t\t<\/section>\n\t\t\t\t<div class=\"elementor-section elementor-top-section elementor-element elementor-element-9263189 elementor-section-full_width elementor-section-content-middle elementor-section-height-default elementor-section-height-default\" data-id=\"9263189\" data-element_type=\"section\">\n\t\t\t\t\t\t<div class=\"elementor-container elementor-column-gap-no\">\n\t\t\t\t\t\t\t<div class=\"elementor-row\">\n\t\t\t\t\t<div class=\"elementor-column elementor-col-100 elementor-top-column elementor-element elementor-element-4e4f91f\" data-id=\"4e4f91f\" data-element_type=\"column\">\n\t\t\t<div class=\"elementor-column-wrap lazyelementorbackgroundimages  elementor-element-populated\">\n\t\t\t\t\t\t\t<div class=\"elementor-widget-wrap\">\n\t\t\t\t\t\t<section class=\"elementor-section elementor-inner-section elementor-element elementor-element-0dea220 elementor-section-full_width elementor-section-height-min-height elementor-section-height-default\" data-id=\"0dea220\" data-element_type=\"section\">\n\t\t\t\t\t\t<div class=\"elementor-container elementor-column-gap-default\">\n\t\t\t\t\t\t\t<div class=\"elementor-row\">\n\t\t\t\t\t<div class=\"elementor-column elementor-col-50 elementor-inner-column elementor-element elementor-element-c1eadde text-block-column-3 text-popup\" data-id=\"c1eadde\" data-element_type=\"column\" data-settings=\"{&quot;background_background&quot;:&quot;classic&quot;}\">\n\t\t\t<div class=\"elementor-column-wrap lazyelementorbackgroundimages  elementor-element-populated\">\n\t\t\t\t\t\t\t<div class=\"elementor-widget-wrap\">\n\t\t\t\t\t\t<div class=\"elementor-element elementor-element-f8526a9 elementor-widget elementor-widget-heading\" data-id=\"f8526a9\" data-element_type=\"widget\" data-widget_type=\"heading.default\">\n\t\t\t\t<div class=\"elementor-widget-container\">\n\t\t\t<h2 class=\"elementor-heading-title elementor-size-default\">Block seating for up to 8 people from 320\u20ac.<\/h2>\t\t<\/div>\n\t\t\t\t<\/div>\n\t\t\t\t<div class=\"elementor-element elementor-element-e143d99 elementor-align-center elementor-widget elementor-widget-button\" data-id=\"e143d99\" data-element_type=\"widget\" data-widget_type=\"button.default\">\n\t\t\t\t<div class=\"elementor-widget-container\">\n\t\t\t\t\t<div class=\"elementor-button-wrapper\">\n\t\t\t<a href=\"#conference-form\" class=\"elementor-button-link elementor-button elementor-size-md\" role=\"button\">\n\t\t\t\t\t\t<span class=\"elementor-button-content-wrapper\">\n\t\t\t\t\t\t<span class=\"elementor-button-text\">Request now<\/span>\n\t\t<\/span>\n\t\t\t\t\t<\/a>\n\t\t<\/div>\n\t\t\t\t<\/div>\n\t\t\t\t<\/div>\n\t\t\t\t\t\t<\/div>\n\t\t\t\t\t<\/div>\n\t\t<\/div>\n\t\t\t\t<div class=\"elementor-column elementor-col-50 elementor-inner-column elementor-element elementor-element-33a1d52 img-block-column-4 img-popup\" data-id=\"33a1d52\" data-element_type=\"column\" data-settings=\"{&quot;background_background&quot;:&quot;classic&quot;}\">\n\t\t\t<div class=\"elementor-column-wrap lazyelementorbackgroundimages  elementor-element-populated\">\n\t\t\t\t\t\t\t<div class=\"elementor-widget-wrap\">\n\t\t\t\t\t\t<div class=\"elementor-element elementor-element-89cf401 elementor-widget-tablet__width-inherit elementor-widget elementor-widget-image-gallery\" data-id=\"89cf401\" data-element_type=\"widget\" data-widget_type=\"image-gallery.default\">\n\t\t\t\t<div class=\"elementor-widget-container\">\n\t\t\t\t\t<div class=\"elementor-image-gallery\">\n\t\t\t<div id='gallery-1' class='gallery galleryid-1506 gallery-columns-1 gallery-size-large'><figure class='gallery-item'>\n\t\t\t<div class='gallery-icon landscape'>\n\t\t\t\t<a data-elementor-open-lightbox=\"yes\" data-elementor-lightbox-slideshow=\"89cf401\" data-elementor-lightbox-title=\"Penthouse_Tagung8Sitz\" e-action-hash=\"#elementor-action%3Aaction%3Dlightbox%26settings%3DeyJpZCI6Nzg1NCwidXJsIjoiaHR0cHM6XC9cL3N0YWdpbmcuaG90ZWxkZXJibGF1ZXJlaXRlci5kZVwvd3AtY29udGVudFwvdXBsb2Fkc1wvMjAyMFwvMDNcL1BlbnRob3VzZV9UYWd1bmc4U2l0ei5qcGciLCJzbGlkZXNob3ciOiI4OWNmNDAxIn0%3D\" href='https:\/\/staging.hotelderblauereiter.de\/wp-content\/uploads\/2020\/03\/Penthouse_Tagung8Sitz.jpg'><img width=\"976\" height=\"524\" src=\"https:\/\/staging.hotelderblauereiter.de\/wp-content\/uploads\/2020\/03\/Penthouse_Tagung8Sitz.jpg\" class=\"attachment-large size-large\" alt=\"\" loading=\"lazy\" srcset=\"https:\/\/staging.hotelderblauereiter.de\/wp-content\/uploads\/2020\/03\/Penthouse_Tagung8Sitz.jpg 976w, https:\/\/staging.hotelderblauereiter.de\/wp-content\/uploads\/2020\/03\/Penthouse_Tagung8Sitz-600x322.jpg 600w, https:\/\/staging.hotelderblauereiter.de\/wp-content\/uploads\/2020\/03\/Penthouse_Tagung8Sitz-300x161.jpg 300w, https:\/\/staging.hotelderblauereiter.de\/wp-content\/uploads\/2020\/03\/Penthouse_Tagung8Sitz-768x412.jpg 768w\" sizes=\"(max-width: 976px) 100vw, 976px\" \/><\/a>\n\t\t\t<\/div><\/figure>\n\t\t<\/div>\n\t\t<\/div>\n\t\t\t\t<\/div>\n\t\t\t\t<\/div>\n\t\t\t\t\t\t<\/div>\n\t\t\t\t\t<\/div>\n\t\t<\/div>\n\t\t\t\t\t\t\t\t<\/div>\n\t\t\t\t\t<\/div>\n\t\t<\/section>\n\t\t\t\t\t\t<\/div>\n\t\t\t\t\t<\/div>\n\t\t<\/div>\n\t\t\t\t\t\t\t\t<\/div>\n\t\t\t\t\t<\/div>\n\t\t<\/div>\n\t\t\t\t<section class=\"elementor-section elementor-top-section elementor-element elementor-element-e40a44c elementor-section-boxed elementor-section-height-default elementor-section-height-default\" data-id=\"e40a44c\" data-element_type=\"section\" id=\"conference-form\">\n\t\t\t\t\t\t<div class=\"elementor-container elementor-column-gap-default\">\n\t\t\t\t\t\t\t<div class=\"elementor-row\">\n\t\t\t\t\t<div class=\"elementor-column elementor-col-100 elementor-top-column elementor-element elementor-element-7f51994\" data-id=\"7f51994\" data-element_type=\"column\">\n\t\t\t<div class=\"elementor-column-wrap lazyelementorbackgroundimages  elementor-element-populated\">\n\t\t\t\t\t\t\t<div class=\"elementor-widget-wrap\">\n\t\t\t\t\t\t<div class=\"elementor-element elementor-element-f28fbed elementor-widget elementor-widget-shortcode\" data-id=\"f28fbed\" data-element_type=\"widget\" data-widget_type=\"shortcode.default\">\n\t\t\t\t<div class=\"elementor-widget-container\">\n\t\t\t\t\t<div class=\"elementor-shortcode\"><div class=\"wpforms-container wpforms-container-full\" id=\"wpforms-4806\"><form id=\"wpforms-form-4806\" class=\"wpforms-validate wpforms-form\" data-formid=\"4806\" method=\"post\" enctype=\"multipart\/form-data\" action=\"\/en\/wp-json\/wp\/v2\/pages\/1506\" data-token=\"af6fe7b3a29cacb8135f8306cc08fc91\" data-trp-original-action=\"\/en\/wp-json\/wp\/v2\/pages\/1506\"><noscript class=\"wpforms-error-noscript\" data-no-translation=\"\" data-trp-gettext=\"\">Please enable JavaScript in your browser to complete this form.<\/noscript><div class=\"wpforms-field-container\"><div id=\"wpforms-4806-field_4-container\" class=\"wpforms-field wpforms-field-select wpforms-one-fourth wpforms-first wpforms-mobile-full\" data-field-id=\"4\"><label class=\"wpforms-field-label\" for=\"wpforms-4806-field_4\">Title<\/label><select id=\"wpforms-4806-field_4\" class=\"wpforms-field-large\" name=\"wpforms[fields][4]\"><option value=\"Herr\"  selected='selected'>Mr.<\/option><option value=\"Frau\" >Ms.<\/option><\/select><\/div><div id=\"wpforms-4806-field_5-container\" class=\"wpforms-field wpforms-field-text wpforms-one-fourth wpforms-mobile-full\" data-field-id=\"5\"><label class=\"wpforms-field-label\" for=\"wpforms-4806-field_5\">Name <span class=\"wpforms-required-label\">*<\/span><\/label><input type=\"text\" id=\"wpforms-4806-field_5\" class=\"wpforms-field-large wpforms-field-required\" name=\"wpforms[fields][5]\" required><\/div><div id=\"wpforms-4806-field_18-container\" class=\"wpforms-field wpforms-field-email wpforms-one-fourth wpforms-mobile-full\" data-field-id=\"18\"><label class=\"wpforms-field-label\" for=\"wpforms-4806-field_18\">E-Mail <span class=\"wpforms-required-label\">*<\/span><\/label><input type=\"email\" id=\"wpforms-4806-field_18\" class=\"wpforms-field-large wpforms-field-required\" name=\"wpforms[fields][18]\" required><\/div><div id=\"wpforms-4806-field_1-container\" class=\"wpforms-field wpforms-field-text wpforms-one-fourth wpforms-mobile-full\" data-field-id=\"1\"><label class=\"wpforms-field-label\" for=\"wpforms-4806-field_1\">phone <span class=\"wpforms-required-label\">*<\/span><\/label><input type=\"text\" id=\"wpforms-4806-field_1\" class=\"wpforms-field-large wpforms-field-required\" name=\"wpforms[fields][1]\" required><\/div><div id=\"wpforms-4806-field_7-container\" class=\"wpforms-field wpforms-field-text wpforms-one-half wpforms-first wpforms-mobile-full\" data-field-id=\"7\"><label class=\"wpforms-field-label\" for=\"wpforms-4806-field_7\">Street <span class=\"wpforms-required-label\">*<\/span><\/label><input type=\"text\" id=\"wpforms-4806-field_7\" class=\"wpforms-field-large wpforms-field-required\" name=\"wpforms[fields][7]\" required><\/div><div id=\"wpforms-4806-field_8-container\" class=\"wpforms-field wpforms-field-number wpforms-one-fourth wpforms-mobile-full\" data-field-id=\"8\"><label class=\"wpforms-field-label\" for=\"wpforms-4806-field_8\">Number <span class=\"wpforms-required-label\">*<\/span><\/label><input type=\"number\" pattern=\"\\d*\" id=\"wpforms-4806-field_8\" class=\"wpforms-field-medium wpforms-field-required\" name=\"wpforms[fields][8]\" required><\/div><div id=\"wpforms-4806-field_9-container\" class=\"wpforms-field wpforms-field-text wpforms-one-fourth wpforms-first wpforms-mobile-full\" data-field-id=\"9\"><label class=\"wpforms-field-label\" for=\"wpforms-4806-field_9\">ZIP <span class=\"wpforms-required-label\">*<\/span><\/label><input type=\"text\" id=\"wpforms-4806-field_9\" class=\"wpforms-field-large wpforms-field-required\" name=\"wpforms[fields][9]\" required><\/div><div id=\"wpforms-4806-field_10-container\" class=\"wpforms-field wpforms-field-text wpforms-two-thirds wpforms-mobile-full\" data-field-id=\"10\"><label class=\"wpforms-field-label\" for=\"wpforms-4806-field_10\">City <span class=\"wpforms-required-label\">*<\/span><\/label><input type=\"text\" id=\"wpforms-4806-field_10\" class=\"wpforms-field-medium wpforms-field-required\" name=\"wpforms[fields][10]\" required><\/div><div id=\"wpforms-4806-field_12-container\" class=\"wpforms-field wpforms-field-number wpforms-one-fourth wpforms-first wpforms-mobile-full\" data-field-id=\"12\"><label class=\"wpforms-field-label\" for=\"wpforms-4806-field_12\">Number of persons<\/label><input type=\"number\" pattern=\"\\d*\" id=\"wpforms-4806-field_12\" class=\"wpforms-field-large\" name=\"wpforms[fields][12]\" ><\/div><div id=\"wpforms-4806-field_11-container\" class=\"wpforms-field wpforms-field-text wpforms-one-fourth wpforms-mobile-full\" data-field-id=\"11\"><label class=\"wpforms-field-label\" for=\"wpforms-4806-field_11\">Seating<\/label><input type=\"text\" id=\"wpforms-4806-field_11\" class=\"wpforms-field-large\" name=\"wpforms[fields][11]\" ><\/div><div id=\"wpforms-4806-field_13-container\" class=\"wpforms-field wpforms-field-text wpforms-one-fourth wpforms-mobile-full\" data-field-id=\"13\"><label class=\"wpforms-field-label\" for=\"wpforms-4806-field_13\">Date<\/label><input type=\"text\" id=\"wpforms-4806-field_13\" class=\"wpforms-field-large\" name=\"wpforms[fields][13]\" ><\/div><div id=\"wpforms-4806-field_14-container\" class=\"wpforms-field wpforms-field-text wpforms-one-fourth wpforms-mobile-full\" data-field-id=\"14\"><label class=\"wpforms-field-label\" for=\"wpforms-4806-field_14\">Time<\/label><input type=\"text\" id=\"wpforms-4806-field_14\" class=\"wpforms-field-large\" name=\"wpforms[fields][14]\" ><\/div><div id=\"wpforms-4806-field_19-container\" class=\"wpforms-field wpforms-field-text wpforms-one-fourth wpforms-first wpforms-mobile-full\" data-field-id=\"19\"><label class=\"wpforms-field-label\" for=\"wpforms-4806-field_19\">Overnight stay from<\/label><input type=\"text\" id=\"wpforms-4806-field_19\" class=\"wpforms-field-large\" name=\"wpforms[fields][19]\" ><\/div><div id=\"wpforms-4806-field_20-container\" class=\"wpforms-field wpforms-field-text wpforms-one-fourth wpforms-mobile-full\" data-field-id=\"20\"><label class=\"wpforms-field-label\" for=\"wpforms-4806-field_20\">Until<\/label><input type=\"text\" id=\"wpforms-4806-field_20\" class=\"wpforms-field-large\" name=\"wpforms[fields][20]\" ><\/div><div id=\"wpforms-4806-field_22-container\" class=\"wpforms-field wpforms-field-text wpforms-one-third wpforms-mobile-full\" data-field-id=\"22\"><label class=\"wpforms-field-label\" for=\"wpforms-4806-field_22\">Number of overnight  guests<\/label><input type=\"text\" id=\"wpforms-4806-field_22\" class=\"wpforms-field-large\" name=\"wpforms[fields][22]\" ><\/div><div id=\"wpforms-4806-field_25-container\" class=\"wpforms-field wpforms-field-text wpforms-one-fourth wpforms-first wpforms-mobile-full\" data-field-id=\"25\"><label class=\"wpforms-field-label\" for=\"wpforms-4806-field_25\">Company<\/label><input type=\"text\" id=\"wpforms-4806-field_25\" class=\"wpforms-field-large\" name=\"wpforms[fields][25]\" ><\/div><div id=\"wpforms-4806-field_16-container\" class=\"wpforms-field wpforms-field-textarea wpforms-mobile-full\" data-field-id=\"16\"><label class=\"wpforms-field-label\" for=\"wpforms-4806-field_16\">Message<\/label><textarea id=\"wpforms-4806-field_16\" class=\"wpforms-field-medium\" name=\"wpforms[fields][16]\" placeholder=\"You are welcome to let us know your wishes regarding catering and technology for your conference.\" ><\/textarea><\/div><div id=\"wpforms-4806-field_15-container\" class=\"wpforms-field wpforms-field-gdpr-checkbox\" data-field-id=\"15\"><label class=\"wpforms-field-label\" for=\"wpforms-4806-field_15\">DSGVO-Agreement <span class=\"wpforms-required-label\">*<\/span><\/label><ul id=\"wpforms-4806-field_15\" class=\"wpforms-field-required\"><li class=\"choice-1\"><input type=\"checkbox\" id=\"wpforms-4806-field_15_1\" name=\"wpforms[fields][15][]\" value=\"Ich willige ein, dass diese Website meine \u00fcbermittelten Informationen speichert, sodass meine Anfrage beantwortet werden kann.\" required><label class=\"wpforms-field-label-inline\" for=\"wpforms-4806-field_15_1\">I agree that this website store my transmitted information so that my request can be answered.<\/label><\/li><\/ul><\/div><\/div><div class=\"wpforms-field wpforms-field-hp\"><label for=\"wpforms-4806-field-hp\" class=\"wpforms-field-label\">Comment<\/label><input type=\"text\" name=\"wpforms[hp]\" id=\"wpforms-4806-field-hp\" class=\"wpforms-field-medium\"><\/div><div class=\"wpforms-submit-container\"><input type=\"hidden\" name=\"wpforms[id]\" value=\"4806\"><input type=\"hidden\" name=\"wpforms[author]\" value=\"12\"><button type=\"submit\" name=\"wpforms[submit]\" id=\"wpforms-submit-4806\" class=\"wpforms-submit\" data-alt-text=\"Senden...\" data-submit-text=\"Absenden\" aria-live=\"assertive\" value=\"wpforms-submit\">Send<\/button><\/div><input type=\"hidden\" name=\"trp-form-language\" value=\"en\"\/><\/form><\/div>  <!-- .wpforms-container --><\/div>\n\t\t\t\t<\/div>\n\t\t\t\t<\/div>\n\t\t\t\t\t\t<\/div>\n\t\t\t\t\t<\/div>\n\t\t<\/div>\n\t\t\t\t\t\t\t\t<\/div>\n\t\t\t\t\t<\/div>\n\t\t<\/section>\n\t\t\t\t\t\t\t\t\t<\/div>\n\t\t\t<\/div>\n\t\t\t\t\t<\/div>","protected":false},"excerpt":{"rendered":"<p>BESPRECHUNGSRAUM 25M\u00b2 Im 3. OG gelegen bietet dieser fast komplett verglaste Tagungsraum einen wundersch\u00f6nen Blick \u00fcber die D\u00e4cher von Durlach. Die angeschlossene Dachterrasse mit Lounge ist bei Tagungspausen ein idealer Ort, um neue Energien zu tanken. L x B x H = 6,25 x 4 x 3m Besondere Merkmale: Getr\u00e4nkek\u00fchlschrank Teppichboden Dachterrasse (exklusiv f\u00fcr die &hellip;<\/p>\n<p class=\"read-more\"> <a class=\"\" href=\"https:\/\/staging.hotelderblauereiter.de\/en\/besprechungsraum-25\/\"> <span class=\"screen-reader-text\">Besprechungsraum-25<\/span> Read More &raquo;<\/a><\/p>","protected":false},"author":12,"featured_media":0,"parent":0,"menu_order":0,"comment_status":"closed","ping_status":"closed","template":"","meta":{"site-sidebar-layout":"no-sidebar","site-content-layout":"page-builder","ast-global-header-display":"","ast-main-header-display":"","ast-hfb-above-header-display":"","ast-hfb-below-header-display":"","ast-hfb-mobile-header-display":"","site-post-title":"disabled","ast-breadcrumbs-content":"","ast-featured-img":"disabled","footer-sml-layout":"","theme-transparent-header-meta":"","adv-header-id-meta":"","stick-header-meta":"","header-above-stick-meta":"","header-main-stick-meta":"","header-below-stick-meta":""},"_links":{"self":[{"href":"https:\/\/staging.hotelderblauereiter.de\/en\/wp-json\/wp\/v2\/pages\/1506"}],"collection":[{"href":"https:\/\/staging.hotelderblauereiter.de\/en\/wp-json\/wp\/v2\/pages"}],"about":[{"href":"https:\/\/staging.hotelderblauereiter.de\/en\/wp-json\/wp\/v2\/types\/page"}],"author":[{"embeddable":true,"href":"https:\/\/staging.hotelderblauereiter.de\/en\/wp-json\/wp\/v2\/users\/12"}],"replies":[{"embeddable":true,"href":"https:\/\/staging.hotelderblauereiter.de\/en\/wp-json\/wp\/v2\/comments?post=1506"}],"version-history":[{"count":88,"href":"https:\/\/staging.hotelderblauereiter.de\/en\/wp-json\/wp\/v2\/pages\/1506\/revisions"}],"predecessor-version":[{"id":12892,"href":"https:\/\/staging.hotelderblauereiter.de\/en\/wp-json\/wp\/v2\/pages\/1506\/revisions\/12892"}],"wp:attachment":[{"href":"https:\/\/staging.hotelderblauereiter.de\/en\/wp-json\/wp\/v2\/media?parent=1506"}],"curies":[{"name":"wp","href":"https:\/\/api.w.org\/{rel}","templated":true}]}}