{"id":5833,"date":"2019-10-23T14:52:43","date_gmt":"2019-10-23T12:52:43","guid":{"rendered":"https:\/\/jbcm.de\/blauerreiter\/?page_id=5833"},"modified":"2020-04-06T15:33:52","modified_gmt":"2020-04-06T13:33:52","slug":"penthouse-tagung","status":"publish","type":"page","link":"https:\/\/staging.hotelderblauereiter.de\/en\/penthouse-tagung\/","title":{"rendered":"Penthouse Tagung"},"content":{"rendered":"<div data-elementor-type=\"wp-page\" data-elementor-id=\"5833\" class=\"elementor elementor-5833\">\n\t\t\t\t\t\t<div class=\"elementor-inner\">\n\t\t\t\t<div class=\"elementor-section-wrap\">\n\t\t\t\t\t\t\t\t\t<div class=\"elementor-section elementor-top-section elementor-element elementor-element-0f86d07 elementor-section-full_width elementor-section-height-min-height elementor-section-items-top elementor-section-content-middle background elementor-section-height-default\" data-id=\"0f86d07\" data-element_type=\"section\" id=\"top-background\" data-settings=\"{&quot;background_background&quot;:&quot;classic&quot;}\">\n\t\t\t\t\t\t<div class=\"elementor-container elementor-column-gap-default\">\n\t\t\t\t\t\t\t<div class=\"elementor-row\">\n\t\t\t\t\t<div class=\"elementor-column elementor-col-100 elementor-top-column elementor-element elementor-element-0777779\" data-id=\"0777779\" data-element_type=\"column\">\n\t\t\t<div class=\"elementor-column-wrap lazyelementorbackgroundimages  elementor-element-populated\">\n\t\t\t\t\t\t\t<div class=\"elementor-widget-wrap\">\n\t\t\t\t\t\t<div class=\"elementor-element elementor-element-33ffcdb front-titel elementor-widget elementor-widget-text-editor\" data-id=\"33ffcdb\" data-element_type=\"widget\" data-widget_type=\"text-editor.default\">\n\t\t\t\t<div class=\"elementor-widget-container\">\n\t\t\t\t\t\t\t\t<div class=\"elementor-text-editor elementor-clearfix\">\n\t\t\t\t<h1>Meetings in the <\/h1><h1>KUBUS &#8211; Penthousesuite<\/h1>\t\t\t\t\t<\/div>\n\t\t\t\t\t\t<\/div>\n\t\t\t\t<\/div>\n\t\t\t\t\t\t<\/div>\n\t\t\t\t\t<\/div>\n\t\t<\/div>\n\t\t\t\t\t\t\t\t<\/div>\n\t\t\t\t\t<\/div>\n\t\t<\/div>\n\t\t\t\t<section class=\"elementor-section elementor-top-section elementor-element elementor-element-e87e473 elementor-section-full_width elementor-section-content-middle text-box min-height-200 elementor-section-height-default elementor-section-height-default\" data-id=\"e87e473\" data-element_type=\"section\" data-settings=\"{&quot;background_background&quot;:&quot;classic&quot;}\">\n\t\t\t\t\t\t<div class=\"elementor-container elementor-column-gap-default\">\n\t\t\t\t\t\t\t<div class=\"elementor-row\">\n\t\t\t\t\t<div class=\"elementor-column elementor-col-100 elementor-top-column elementor-element elementor-element-993e5a5\" data-id=\"993e5a5\" data-element_type=\"column\" data-settings=\"{&quot;background_background&quot;:&quot;classic&quot;}\">\n\t\t\t<div class=\"elementor-column-wrap lazyelementorbackgroundimages  elementor-element-populated\">\n\t\t\t\t\t\t\t<div class=\"elementor-widget-wrap\">\n\t\t\t\t\t\t<div class=\"elementor-element elementor-element-567a4d1 text-box-h5 elementor-widget elementor-widget-heading\" data-id=\"567a4d1\" data-element_type=\"widget\" data-widget_type=\"heading.default\">\n\t\t\t\t<div class=\"elementor-widget-container\">\n\t\t\t<h5 class=\"elementor-heading-title elementor-size-default\">In our luxurious KUBUS Penthouse Suite you can not only let the evening fade away, but also hold exclusive meetings. Here you have the opportunity to meet over the roofs of Durlach with an impressive roof terrace or to enjoy an exclusive show cooking.<\/h5>\t\t<\/div>\n\t\t\t\t<\/div>\n\t\t\t\t\t\t<\/div>\n\t\t\t\t\t<\/div>\n\t\t<\/div>\n\t\t\t\t\t\t\t\t<\/div>\n\t\t\t\t\t<\/div>\n\t\t<\/section>\n\t\t\t\t<div class=\"elementor-section elementor-top-section elementor-element elementor-element-7506143 elementor-section-full_width elementor-section-content-middle elementor-section-height-default elementor-section-height-default\" data-id=\"7506143\" data-element_type=\"section\">\n\t\t\t\t\t\t<div class=\"elementor-container elementor-column-gap-no\">\n\t\t\t\t\t\t\t<div class=\"elementor-row\">\n\t\t\t\t\t<div class=\"elementor-column elementor-col-100 elementor-top-column elementor-element elementor-element-5f1c45b\" data-id=\"5f1c45b\" data-element_type=\"column\">\n\t\t\t<div class=\"elementor-column-wrap lazyelementorbackgroundimages  elementor-element-populated\">\n\t\t\t\t\t\t\t<div class=\"elementor-widget-wrap\">\n\t\t\t\t\t\t<section class=\"elementor-section elementor-inner-section elementor-element elementor-element-096da5a elementor-section-full_width elementor-section-height-min-height elementor-section-content-middle elementor-section-height-default\" data-id=\"096da5a\" data-element_type=\"section\">\n\t\t\t\t\t\t<div class=\"elementor-container elementor-column-gap-default\">\n\t\t\t\t\t\t\t<div class=\"elementor-row\">\n\t\t\t\t\t<div class=\"elementor-column elementor-col-50 elementor-inner-column elementor-element elementor-element-ca71cbd img-block-column-1\" data-id=\"ca71cbd\" data-element_type=\"column\" data-settings=\"{&quot;background_background&quot;:&quot;classic&quot;}\">\n\t\t\t<div class=\"elementor-column-wrap lazyelementorbackgroundimages  elementor-element-populated\">\n\t\t\t\t\t\t\t<div class=\"elementor-widget-wrap\">\n\t\t\t\t\t\t\t\t<\/div>\n\t\t\t\t\t<\/div>\n\t\t<\/div>\n\t\t\t\t<div class=\"elementor-column elementor-col-50 elementor-inner-column elementor-element elementor-element-f728963 text-block-column-2\" data-id=\"f728963\" data-element_type=\"column\" data-settings=\"{&quot;background_background&quot;:&quot;classic&quot;}\">\n\t\t\t<div class=\"elementor-column-wrap lazyelementorbackgroundimages  elementor-element-populated\">\n\t\t\t\t\t\t\t<div class=\"elementor-widget-wrap\">\n\t\t\t\t\t\t<div class=\"elementor-element elementor-element-44f9100 elementor-widget elementor-widget-heading\" data-id=\"44f9100\" data-element_type=\"widget\" data-widget_type=\"heading.default\">\n\t\t\t\t<div class=\"elementor-widget-container\">\n\t\t\t<h2 class=\"elementor-heading-title elementor-size-default\">These exquisite meetings are also available with a champagne reception or wine training.<\/h2>\t\t<\/div>\n\t\t\t\t<\/div>\n\t\t\t\t<div class=\"elementor-element elementor-element-989ee32 elementor-align-center elementor-widget elementor-widget-button\" data-id=\"989ee32\" data-element_type=\"widget\" data-widget_type=\"button.default\">\n\t\t\t\t<div class=\"elementor-widget-container\">\n\t\t\t\t\t<div class=\"elementor-button-wrapper\">\n\t\t\t<a href=\"#conference-form\" class=\"elementor-button-link elementor-button elementor-size-md\" role=\"button\">\n\t\t\t\t\t\t<span class=\"elementor-button-content-wrapper\">\n\t\t\t\t\t\t<span class=\"elementor-button-text\">Request now<\/span>\n\t\t<\/span>\n\t\t\t\t\t<\/a>\n\t\t<\/div>\n\t\t\t\t<\/div>\n\t\t\t\t<\/div>\n\t\t\t\t\t\t<\/div>\n\t\t\t\t\t<\/div>\n\t\t<\/div>\n\t\t\t\t\t\t\t\t<\/div>\n\t\t\t\t\t<\/div>\n\t\t<\/section>\n\t\t\t\t\t\t<\/div>\n\t\t\t\t\t<\/div>\n\t\t<\/div>\n\t\t\t\t\t\t\t\t<\/div>\n\t\t\t\t\t<\/div>\n\t\t<\/div>\n\t\t\t\t<section class=\"elementor-section elementor-top-section elementor-element elementor-element-6b89bf2 elementor-section-boxed elementor-section-height-default elementor-section-height-default\" data-id=\"6b89bf2\" data-element_type=\"section\" id=\"conference-form\">\n\t\t\t\t\t\t<div class=\"elementor-container elementor-column-gap-default\">\n\t\t\t\t\t\t\t<div class=\"elementor-row\">\n\t\t\t\t\t<div class=\"elementor-column elementor-col-100 elementor-top-column elementor-element elementor-element-0757123\" data-id=\"0757123\" data-element_type=\"column\">\n\t\t\t<div class=\"elementor-column-wrap lazyelementorbackgroundimages  elementor-element-populated\">\n\t\t\t\t\t\t\t<div class=\"elementor-widget-wrap\">\n\t\t\t\t\t\t<div class=\"elementor-element elementor-element-2c24dee elementor-widget elementor-widget-shortcode\" data-id=\"2c24dee\" data-element_type=\"widget\" data-widget_type=\"shortcode.default\">\n\t\t\t\t<div class=\"elementor-widget-container\">\n\t\t\t\t\t<div class=\"elementor-shortcode\"><div class=\"wpforms-container wpforms-container-full\" id=\"wpforms-4806\"><form id=\"wpforms-form-4806\" class=\"wpforms-validate wpforms-form\" data-formid=\"4806\" method=\"post\" enctype=\"multipart\/form-data\" action=\"\/en\/wp-json\/wp\/v2\/pages\/5833\" data-token=\"af6fe7b3a29cacb8135f8306cc08fc91\" data-trp-original-action=\"\/en\/wp-json\/wp\/v2\/pages\/5833\"><noscript class=\"wpforms-error-noscript\" data-no-translation=\"\" data-trp-gettext=\"\">Please enable JavaScript in your browser to complete this form.<\/noscript><div class=\"wpforms-field-container\"><div id=\"wpforms-4806-field_4-container\" class=\"wpforms-field wpforms-field-select wpforms-one-fourth wpforms-first wpforms-mobile-full\" data-field-id=\"4\"><label class=\"wpforms-field-label\" for=\"wpforms-4806-field_4\">Title<\/label><select id=\"wpforms-4806-field_4\" class=\"wpforms-field-large\" name=\"wpforms[fields][4]\"><option value=\"Herr\"  selected='selected'>Mr.<\/option><option value=\"Frau\" >Ms.<\/option><\/select><\/div><div id=\"wpforms-4806-field_5-container\" class=\"wpforms-field wpforms-field-text wpforms-one-fourth wpforms-mobile-full\" data-field-id=\"5\"><label class=\"wpforms-field-label\" for=\"wpforms-4806-field_5\">Name <span class=\"wpforms-required-label\">*<\/span><\/label><input type=\"text\" id=\"wpforms-4806-field_5\" class=\"wpforms-field-large wpforms-field-required\" name=\"wpforms[fields][5]\" required><\/div><div id=\"wpforms-4806-field_18-container\" class=\"wpforms-field wpforms-field-email wpforms-one-fourth wpforms-mobile-full\" data-field-id=\"18\"><label class=\"wpforms-field-label\" for=\"wpforms-4806-field_18\">E-Mail <span class=\"wpforms-required-label\">*<\/span><\/label><input type=\"email\" id=\"wpforms-4806-field_18\" class=\"wpforms-field-large wpforms-field-required\" name=\"wpforms[fields][18]\" required><\/div><div id=\"wpforms-4806-field_1-container\" class=\"wpforms-field wpforms-field-text wpforms-one-fourth wpforms-mobile-full\" data-field-id=\"1\"><label class=\"wpforms-field-label\" for=\"wpforms-4806-field_1\">phone <span class=\"wpforms-required-label\">*<\/span><\/label><input type=\"text\" id=\"wpforms-4806-field_1\" class=\"wpforms-field-large wpforms-field-required\" name=\"wpforms[fields][1]\" required><\/div><div id=\"wpforms-4806-field_7-container\" class=\"wpforms-field wpforms-field-text wpforms-one-half wpforms-first wpforms-mobile-full\" data-field-id=\"7\"><label class=\"wpforms-field-label\" for=\"wpforms-4806-field_7\">Street <span class=\"wpforms-required-label\">*<\/span><\/label><input type=\"text\" id=\"wpforms-4806-field_7\" class=\"wpforms-field-large wpforms-field-required\" name=\"wpforms[fields][7]\" required><\/div><div id=\"wpforms-4806-field_8-container\" class=\"wpforms-field wpforms-field-number wpforms-one-fourth wpforms-mobile-full\" data-field-id=\"8\"><label class=\"wpforms-field-label\" for=\"wpforms-4806-field_8\">Number <span class=\"wpforms-required-label\">*<\/span><\/label><input type=\"number\" pattern=\"\\d*\" id=\"wpforms-4806-field_8\" class=\"wpforms-field-medium wpforms-field-required\" name=\"wpforms[fields][8]\" required><\/div><div id=\"wpforms-4806-field_9-container\" class=\"wpforms-field wpforms-field-text wpforms-one-fourth wpforms-first wpforms-mobile-full\" data-field-id=\"9\"><label class=\"wpforms-field-label\" for=\"wpforms-4806-field_9\">ZIP <span class=\"wpforms-required-label\">*<\/span><\/label><input type=\"text\" id=\"wpforms-4806-field_9\" class=\"wpforms-field-large wpforms-field-required\" name=\"wpforms[fields][9]\" required><\/div><div id=\"wpforms-4806-field_10-container\" class=\"wpforms-field wpforms-field-text wpforms-two-thirds wpforms-mobile-full\" data-field-id=\"10\"><label class=\"wpforms-field-label\" for=\"wpforms-4806-field_10\">City <span class=\"wpforms-required-label\">*<\/span><\/label><input type=\"text\" id=\"wpforms-4806-field_10\" class=\"wpforms-field-medium wpforms-field-required\" name=\"wpforms[fields][10]\" required><\/div><div id=\"wpforms-4806-field_12-container\" class=\"wpforms-field wpforms-field-number wpforms-one-fourth wpforms-first wpforms-mobile-full\" data-field-id=\"12\"><label class=\"wpforms-field-label\" for=\"wpforms-4806-field_12\">Number of persons<\/label><input type=\"number\" pattern=\"\\d*\" id=\"wpforms-4806-field_12\" class=\"wpforms-field-large\" name=\"wpforms[fields][12]\" ><\/div><div id=\"wpforms-4806-field_11-container\" class=\"wpforms-field wpforms-field-text wpforms-one-fourth wpforms-mobile-full\" data-field-id=\"11\"><label class=\"wpforms-field-label\" for=\"wpforms-4806-field_11\">Seating<\/label><input type=\"text\" id=\"wpforms-4806-field_11\" class=\"wpforms-field-large\" name=\"wpforms[fields][11]\" ><\/div><div id=\"wpforms-4806-field_13-container\" class=\"wpforms-field wpforms-field-text wpforms-one-fourth wpforms-mobile-full\" data-field-id=\"13\"><label class=\"wpforms-field-label\" for=\"wpforms-4806-field_13\">Date<\/label><input type=\"text\" id=\"wpforms-4806-field_13\" class=\"wpforms-field-large\" name=\"wpforms[fields][13]\" ><\/div><div id=\"wpforms-4806-field_14-container\" class=\"wpforms-field wpforms-field-text wpforms-one-fourth wpforms-mobile-full\" data-field-id=\"14\"><label class=\"wpforms-field-label\" for=\"wpforms-4806-field_14\">Time<\/label><input type=\"text\" id=\"wpforms-4806-field_14\" class=\"wpforms-field-large\" name=\"wpforms[fields][14]\" ><\/div><div id=\"wpforms-4806-field_19-container\" class=\"wpforms-field wpforms-field-text wpforms-one-fourth wpforms-first wpforms-mobile-full\" data-field-id=\"19\"><label class=\"wpforms-field-label\" for=\"wpforms-4806-field_19\">Overnight stay from<\/label><input type=\"text\" id=\"wpforms-4806-field_19\" class=\"wpforms-field-large\" name=\"wpforms[fields][19]\" ><\/div><div id=\"wpforms-4806-field_20-container\" class=\"wpforms-field wpforms-field-text wpforms-one-fourth wpforms-mobile-full\" data-field-id=\"20\"><label class=\"wpforms-field-label\" for=\"wpforms-4806-field_20\">Until<\/label><input type=\"text\" id=\"wpforms-4806-field_20\" class=\"wpforms-field-large\" name=\"wpforms[fields][20]\" ><\/div><div id=\"wpforms-4806-field_22-container\" class=\"wpforms-field wpforms-field-text wpforms-one-third wpforms-mobile-full\" data-field-id=\"22\"><label class=\"wpforms-field-label\" for=\"wpforms-4806-field_22\">Number of overnight  guests<\/label><input type=\"text\" id=\"wpforms-4806-field_22\" class=\"wpforms-field-large\" name=\"wpforms[fields][22]\" ><\/div><div id=\"wpforms-4806-field_25-container\" class=\"wpforms-field wpforms-field-text wpforms-one-fourth wpforms-first wpforms-mobile-full\" data-field-id=\"25\"><label class=\"wpforms-field-label\" for=\"wpforms-4806-field_25\">Company<\/label><input type=\"text\" id=\"wpforms-4806-field_25\" class=\"wpforms-field-large\" name=\"wpforms[fields][25]\" ><\/div><div id=\"wpforms-4806-field_16-container\" class=\"wpforms-field wpforms-field-textarea wpforms-mobile-full\" data-field-id=\"16\"><label class=\"wpforms-field-label\" for=\"wpforms-4806-field_16\">Message<\/label><textarea id=\"wpforms-4806-field_16\" class=\"wpforms-field-medium\" name=\"wpforms[fields][16]\" placeholder=\"You are welcome to let us know your wishes regarding catering and technology for your conference.\" ><\/textarea><\/div><div id=\"wpforms-4806-field_15-container\" class=\"wpforms-field wpforms-field-gdpr-checkbox\" data-field-id=\"15\"><label class=\"wpforms-field-label\" for=\"wpforms-4806-field_15\">DSGVO-Agreement <span class=\"wpforms-required-label\">*<\/span><\/label><ul id=\"wpforms-4806-field_15\" class=\"wpforms-field-required\"><li class=\"choice-1\"><input type=\"checkbox\" id=\"wpforms-4806-field_15_1\" name=\"wpforms[fields][15][]\" value=\"Ich willige ein, dass diese Website meine \u00fcbermittelten Informationen speichert, sodass meine Anfrage beantwortet werden kann.\" required><label class=\"wpforms-field-label-inline\" for=\"wpforms-4806-field_15_1\">I agree that this website store my transmitted information so that my request can be answered.<\/label><\/li><\/ul><\/div><\/div><div class=\"wpforms-field wpforms-field-hp\"><label for=\"wpforms-4806-field-hp\" class=\"wpforms-field-label\">Email<\/label><input type=\"text\" name=\"wpforms[hp]\" id=\"wpforms-4806-field-hp\" class=\"wpforms-field-medium\"><\/div><div class=\"wpforms-submit-container\"><input type=\"hidden\" name=\"wpforms[id]\" value=\"4806\"><input type=\"hidden\" name=\"wpforms[author]\" value=\"12\"><button type=\"submit\" name=\"wpforms[submit]\" id=\"wpforms-submit-4806\" class=\"wpforms-submit\" data-alt-text=\"Senden...\" data-submit-text=\"Absenden\" aria-live=\"assertive\" value=\"wpforms-submit\">Send<\/button><\/div><input type=\"hidden\" name=\"trp-form-language\" value=\"en\"\/><\/form><\/div>  <!-- .wpforms-container --><\/div>\n\t\t\t\t<\/div>\n\t\t\t\t<\/div>\n\t\t\t\t\t\t<\/div>\n\t\t\t\t\t<\/div>\n\t\t<\/div>\n\t\t\t\t\t\t\t\t<\/div>\n\t\t\t\t\t<\/div>\n\t\t<\/section>\n\t\t\t\t\t\t\t\t\t<\/div>\n\t\t\t<\/div>\n\t\t\t\t\t<\/div>","protected":false},"excerpt":{"rendered":"<p>Besprechungen in der KUBUS &#8211; Penthousesuite In unserer Luxuri\u00f6sen KUBUS Penthouse Suite kann man nicht nur entspannt den Abend ausklingen lassen, sondern auch exklusive Besprechungen halten. Hier hat man die M\u00f6glichkeit \u00fcber den D\u00e4chern Durlachs mit beeindruckender Dachterrasse zu tagen oder ein exklusives Show-Cooking zu genie\u00dfen. Diese exquisiten Meetings sind auch mit Sektempfang oder Weinschulung &hellip;<\/p>\n<p class=\"read-more\"> <a class=\"\" href=\"https:\/\/staging.hotelderblauereiter.de\/en\/penthouse-tagung\/\"> <span class=\"screen-reader-text\">Penthouse Tagung<\/span> Read More &raquo;<\/a><\/p>","protected":false},"author":12,"featured_media":0,"parent":0,"menu_order":0,"comment_status":"closed","ping_status":"closed","template":"","meta":{"site-sidebar-layout":"no-sidebar","site-content-layout":"page-builder","ast-global-header-display":"","ast-main-header-display":"","ast-hfb-above-header-display":"","ast-hfb-below-header-display":"","ast-hfb-mobile-header-display":"","site-post-title":"disabled","ast-breadcrumbs-content":"","ast-featured-img":"disabled","footer-sml-layout":"","theme-transparent-header-meta":"default","adv-header-id-meta":"","stick-header-meta":"","header-above-stick-meta":"","header-main-stick-meta":"","header-below-stick-meta":""},"_links":{"self":[{"href":"https:\/\/staging.hotelderblauereiter.de\/en\/wp-json\/wp\/v2\/pages\/5833"}],"collection":[{"href":"https:\/\/staging.hotelderblauereiter.de\/en\/wp-json\/wp\/v2\/pages"}],"about":[{"href":"https:\/\/staging.hotelderblauereiter.de\/en\/wp-json\/wp\/v2\/types\/page"}],"author":[{"embeddable":true,"href":"https:\/\/staging.hotelderblauereiter.de\/en\/wp-json\/wp\/v2\/users\/12"}],"replies":[{"embeddable":true,"href":"https:\/\/staging.hotelderblauereiter.de\/en\/wp-json\/wp\/v2\/comments?post=5833"}],"version-history":[{"count":17,"href":"https:\/\/staging.hotelderblauereiter.de\/en\/wp-json\/wp\/v2\/pages\/5833\/revisions"}],"predecessor-version":[{"id":7962,"href":"https:\/\/staging.hotelderblauereiter.de\/en\/wp-json\/wp\/v2\/pages\/5833\/revisions\/7962"}],"wp:attachment":[{"href":"https:\/\/staging.hotelderblauereiter.de\/en\/wp-json\/wp\/v2\/media?parent=5833"}],"curies":[{"name":"wp","href":"https:\/\/api.w.org\/{rel}","templated":true}]}}