{"id":7492,"date":"2020-02-11T15:06:22","date_gmt":"2020-02-11T14:06:22","guid":{"rendered":"https:\/\/jbcm.de\/blauerreiter\/?page_id=7492"},"modified":"2021-07-06T16:32:40","modified_gmt":"2021-07-06T14:32:40","slug":"impressum","status":"publish","type":"page","link":"https:\/\/staging.hotelderblauereiter.de\/en\/impressum\/","title":{"rendered":"Imprint"},"content":{"rendered":"<div data-elementor-type=\"wp-page\" data-elementor-id=\"7492\" class=\"elementor elementor-7492\">\n\t\t\t\t\t\t<div class=\"elementor-inner\">\n\t\t\t\t<div class=\"elementor-section-wrap\">\n\t\t\t\t\t\t\t\t\t<section class=\"elementor-section elementor-top-section elementor-element elementor-element-4f37461f elementor-section-full_width elementor-section-content-middle text-box min-height-200 elementor-section-height-default elementor-section-height-default\" data-id=\"4f37461f\" data-element_type=\"section\" data-settings=\"{&quot;background_background&quot;:&quot;classic&quot;}\">\n\t\t\t\t\t\t<div class=\"elementor-container elementor-column-gap-default\">\n\t\t\t\t\t\t\t<div class=\"elementor-row\">\n\t\t\t\t\t<div class=\"elementor-column elementor-col-100 elementor-top-column elementor-element elementor-element-3bdea629\" data-id=\"3bdea629\" data-element_type=\"column\" data-settings=\"{&quot;background_background&quot;:&quot;classic&quot;}\">\n\t\t\t<div class=\"elementor-column-wrap lazyelementorbackgroundimages  elementor-element-populated\">\n\t\t\t\t\t\t\t<div class=\"elementor-widget-wrap\">\n\t\t\t\t\t\t<div class=\"elementor-element elementor-element-6701f041 alot-text-block elementor-widget elementor-widget-text-editor\" data-id=\"6701f041\" data-element_type=\"widget\" data-widget_type=\"text-editor.default\">\n\t\t\t\t<div class=\"elementor-widget-container\">\n\t\t\t\t\t\t\t\t<div class=\"elementor-text-editor elementor-clearfix\">\n\t\t\t\t<h1>Imprint<\/h1><h2>Information provided according to Sec. 5 German Telemedia Act\n(TMG):<\/h2><p>Hotel Der Blaue Reiter GmbH &amp; Co.KG<br \/>Amalienbadstra\u00dfe 16<br \/>76227 Karlsruhe<\/p><h2>Represented by:<\/h2><p>WF Verwaltungs-GmbH represented by the managing director Wolfgang Fr\u00e4nkle<\/p><h2>Contact:<\/h2><p>Telephone: +49 (0)721 94266-0<br \/>Telefax: +49 (0)721 94266-42<br \/>E-Mail: info@hotelderblauereiter.de<\/p><h2>Register entry:<\/h2><p>Entry in the Handelsregister.<br \/>Registering court: Amtsgericht Mannheim<br \/>Registration number: HRA 704269<\/p><h2>VAT:<\/h2><p>VAT Id number according to Sec. 27 a German Value Added Tax Act:\nDE 282 895 427<br \/>DE 282 895 427<\/p><p>Wirtschafts-Identifikationsnummer nach \u00a7 139c AO: Steuernummer: 34092\/09267<\/p><h2>Responsible within the meaning of \u00a7 18 para. 2 MStV:<\/h2><p>Hotel Der Blaue Reiter GmbH &amp; Co.KG<br \/>Amalienbadstra\u00dfe 16<br \/>76227 Karlsruhe<\/p><h2>Dispute resolution<\/h2><p>The European Commission provides a platform for online dispute resolution (OS): <a href=\"https:\/\/ec.europa.eu\/consumers\/odr\" target=\"_blank\" rel=\"noopener\">https:\/\/ec.europa.eu\/consumers\/odr<\/a>.<br \/>Please find our email in the impressum\/legal notice.<\/p><p>We do not take part in online dispute resolutions at consumer arbitration boards.<\/p><h3>Liability for Contents<\/h3><p>As service providers, we are liable for own contents of these websites according to Sec. 7, paragraph 1\nGerman Telemedia Act (TMG). However, according to Sec. 8 to 10 German Telemedia Act (TMG), service\nproviders are not obligated to permanently monitor submitted or stored information or to search for\nevidences that indicate illegal activities.<\/p><p>Legal obligations to removing information or to blocking the use of information remain unchallenged. In this\ncase, liability is only possible at the time of knowledge about a specific violation of law. Illegal contents will\nbe removed immediately at the time we get knowledge of them.<\/p><h3>Liability for Links<\/h3><p>Our offer includes links to external third party websites. We have no influence on the contents of those\nwebsites, therefore we cannot guarantee for those contents. Providers or administrators of linked websites\nare always responsible for their own contents.<\/p><p>The linked websites had been checked for possible violations of law at the time of the establishment of the\nlink. Illegal contents were not detected at the time of the linking. A permanent monitoring of the contents of\nlinked websites cannot be imposed without reasonable indications that there has been a violation of law.\nIllegal links will be removed immediately at the time we get knowledge of them.<\/p><h3>Copyright<\/h3><p>Contents and compilations published on these websites by the providers are subject to German copyright\nlaws. Reproduction, editing, distribution as well as the use of any kind outside the scope of the copyright law\nrequire a written permission of the author or originator. Downloads and copies of these websites are\npermitted for private use only.\nThe commercial use of our contents without permission of the originator is prohibited.<\/p><p>Copyright laws of third parties are respected as long as the contents on these websites do not originate from\nthe provider. Contributions of third parties on this site are indicated as such. However, if you notice any\nviolations of copyright law, please inform us. Such contents will be removed immediately.<\/p>\t\t\t\t\t<\/div>\n\t\t\t\t\t\t<\/div>\n\t\t\t\t<\/div>\n\t\t\t\t\t\t<\/div>\n\t\t\t\t\t<\/div>\n\t\t<\/div>\n\t\t\t\t\t\t\t\t<\/div>\n\t\t\t\t\t<\/div>\n\t\t<\/section>\n\t\t\t\t\t\t\t\t\t<\/div>\n\t\t\t<\/div>\n\t\t\t\t\t<\/div>","protected":false},"excerpt":{"rendered":"<p>Impressum Angaben gem\u00e4\u00df \u00a7 5 TMG: Hotel Der Blaue Reiter GmbH &amp; Co.KGAmalienbadstra\u00dfe 1676227 Karlsruhe Vertreten durch: WF Verwaltungs-GmbH vertreten durch den Gesch\u00e4ftsf\u00fchrer Wolfgang Fr\u00e4nkle Kontakt: Telefon: +49 (0)721 94266-0Telefax: +49 (0)721 94266-42E-Mail: info@hotelderblauereiter.de Registereintrag: Eintragung im Handelsregister.Registergericht:Amtsgericht MannheimRegisternummer: HRA 704269 Umsatzsteuer: Umsatzsteuer-Identifikationsnummer gem\u00e4\u00df \u00a727 a Umsatzsteuergesetz:DE 282 895 427 Wirtschafts-Identifikationsnummer nach \u00a7 139c AO: &hellip;<\/p>\n<p class=\"read-more\"> <a class=\"\" href=\"https:\/\/staging.hotelderblauereiter.de\/en\/impressum\/\"> <span class=\"screen-reader-text\">Imprint<\/span> Read More &raquo;<\/a><\/p>","protected":false},"author":12,"featured_media":0,"parent":0,"menu_order":0,"comment_status":"closed","ping_status":"closed","template":"","meta":{"site-sidebar-layout":"no-sidebar","site-content-layout":"page-builder","ast-global-header-display":"","ast-main-header-display":"","ast-hfb-above-header-display":"","ast-hfb-below-header-display":"","ast-hfb-mobile-header-display":"","site-post-title":"disabled","ast-breadcrumbs-content":"","ast-featured-img":"disabled","footer-sml-layout":"","theme-transparent-header-meta":"default","adv-header-id-meta":"","stick-header-meta":"","header-above-stick-meta":"","header-main-stick-meta":"","header-below-stick-meta":""},"_links":{"self":[{"href":"https:\/\/staging.hotelderblauereiter.de\/en\/wp-json\/wp\/v2\/pages\/7492"}],"collection":[{"href":"https:\/\/staging.hotelderblauereiter.de\/en\/wp-json\/wp\/v2\/pages"}],"about":[{"href":"https:\/\/staging.hotelderblauereiter.de\/en\/wp-json\/wp\/v2\/types\/page"}],"author":[{"embeddable":true,"href":"https:\/\/staging.hotelderblauereiter.de\/en\/wp-json\/wp\/v2\/users\/12"}],"replies":[{"embeddable":true,"href":"https:\/\/staging.hotelderblauereiter.de\/en\/wp-json\/wp\/v2\/comments?post=7492"}],"version-history":[{"count":18,"href":"https:\/\/staging.hotelderblauereiter.de\/en\/wp-json\/wp\/v2\/pages\/7492\/revisions"}],"predecessor-version":[{"id":10826,"href":"https:\/\/staging.hotelderblauereiter.de\/en\/wp-json\/wp\/v2\/pages\/7492\/revisions\/10826"}],"wp:attachment":[{"href":"https:\/\/staging.hotelderblauereiter.de\/en\/wp-json\/wp\/v2\/media?parent=7492"}],"curies":[{"name":"wp","href":"https:\/\/api.w.org\/{rel}","templated":true}]}}