{"id":831,"date":"2018-07-25T15:13:11","date_gmt":"2018-07-25T13:13:11","guid":{"rendered":"https:\/\/jbcm.de\/blauerreiter\/?page_id=831"},"modified":"2022-03-16T09:08:06","modified_gmt":"2022-03-16T08:08:06","slug":"feiern","status":"publish","type":"page","link":"https:\/\/staging.hotelderblauereiter.de\/en\/feiern\/","title":{"rendered":"Feiern"},"content":{"rendered":"<div data-elementor-type=\"wp-post\" data-elementor-id=\"831\" class=\"elementor elementor-831\">\n\t\t\t\t\t\t<div class=\"elementor-inner\">\n\t\t\t\t<div class=\"elementor-section-wrap\">\n\t\t\t\t\t\t\t\t\t<div class=\"elementor-section elementor-top-section elementor-element elementor-element-cfe46a7 elementor-section-full_width elementor-section-height-min-height elementor-section-content-middle background elementor-section-height-default elementor-section-items-middle\" data-id=\"cfe46a7\" data-element_type=\"section\" id=\"top-background\" data-settings=\"{&quot;background_background&quot;:&quot;classic&quot;}\">\n\t\t\t\t\t\t<div class=\"elementor-container elementor-column-gap-default\">\n\t\t\t\t\t\t\t<div class=\"elementor-row\">\n\t\t\t\t\t<div class=\"elementor-column elementor-col-100 elementor-top-column elementor-element elementor-element-0028e06\" data-id=\"0028e06\" data-element_type=\"column\">\n\t\t\t<div class=\"elementor-column-wrap lazyelementorbackgroundimages  elementor-element-populated\">\n\t\t\t\t\t\t\t<div class=\"elementor-widget-wrap\">\n\t\t\t\t\t\t<div class=\"elementor-element elementor-element-e2044a5 front-titel elementor-widget elementor-widget-text-editor\" data-id=\"e2044a5\" data-element_type=\"widget\" data-widget_type=\"text-editor.default\">\n\t\t\t\t<div class=\"elementor-widget-container\">\n\t\t\t\t\t\t\t\t<div class=\"elementor-text-editor elementor-clearfix\">\n\t\t\t\t<h1>CELEBRATION<\/h1>\n\t\t\t\t\t<\/div>\n\t\t\t\t\t\t<\/div>\n\t\t\t\t<\/div>\n\t\t\t\t\t\t<\/div>\n\t\t\t\t\t<\/div>\n\t\t<\/div>\n\t\t\t\t\t\t\t\t<\/div>\n\t\t\t\t\t<\/div>\n\t\t<\/div>\n\t\t\t\t<section class=\"elementor-section elementor-top-section elementor-element elementor-element-dc235ca elementor-section-full_width elementor-section-content-middle text-box min-height-200 elementor-section-height-default elementor-section-height-default\" data-id=\"dc235ca\" data-element_type=\"section\" data-settings=\"{&quot;background_background&quot;:&quot;classic&quot;}\">\n\t\t\t\t\t\t\t<div class=\"elementor-background-overlay\"><\/div>\n\t\t\t\t\t\t\t<div class=\"elementor-container elementor-column-gap-default\">\n\t\t\t\t\t\t\t<div class=\"elementor-row\">\n\t\t\t\t\t<div class=\"elementor-column elementor-col-100 elementor-top-column elementor-element elementor-element-e349cfd\" data-id=\"e349cfd\" data-element_type=\"column\" data-settings=\"{&quot;background_background&quot;:&quot;classic&quot;}\">\n\t\t\t<div class=\"elementor-column-wrap lazyelementorbackgroundimages  elementor-element-populated\">\n\t\t\t\t\t\t\t<div class=\"elementor-widget-wrap\">\n\t\t\t\t\t\t<div class=\"elementor-element elementor-element-5bacb9d text-box-h5 elementor-widget elementor-widget-heading\" data-id=\"5bacb9d\" data-element_type=\"widget\" data-widget_type=\"heading.default\">\n\t\t\t\t<div class=\"elementor-widget-container\">\n\t\t\t<h5 class=\"elementor-heading-title elementor-size-default\">Sie suchen noch die perfekte Location f\u00fcr eine private Feier oder Geburtstagsparty, in der Sie unter sich feiern und den Kontakt zu anderen G\u00e4sten vermeiden k\u00f6nnen? Dann sind Sie bei uns richtig. <br>\nUnsere Veranstaltungsr\u00e4ume im Hotel, sowie unsere Hotelbar \u201eThe Curtain\u201c bieten f\u00fcr jede Feier den richtigen Rahmen und k\u00f6nnen EXKLUSIV gebucht werden. \n<\/h5>\t\t<\/div>\n\t\t\t\t<\/div>\n\t\t\t\t<div class=\"elementor-element elementor-element-4d28b91 elementor-align-center elementor-widget elementor-widget-button\" data-id=\"4d28b91\" data-element_type=\"widget\" data-widget_type=\"button.default\">\n\t\t\t\t<div class=\"elementor-widget-container\">\n\t\t\t\t\t<div class=\"elementor-button-wrapper\">\n\t\t\t<a href=\"#feiern-form\" class=\"elementor-button-link elementor-button elementor-size-md\" role=\"button\">\n\t\t\t\t\t\t<span class=\"elementor-button-content-wrapper\">\n\t\t\t\t\t\t<span class=\"elementor-button-text\">jetzt anfragen<\/span>\n\t\t<\/span>\n\t\t\t\t\t<\/a>\n\t\t<\/div>\n\t\t\t\t<\/div>\n\t\t\t\t<\/div>\n\t\t\t\t\t\t<\/div>\n\t\t\t\t\t<\/div>\n\t\t<\/div>\n\t\t\t\t\t\t\t\t<\/div>\n\t\t\t\t\t<\/div>\n\t\t<\/section>\n\t\t\t\t<section class=\"elementor-section elementor-top-section elementor-element elementor-element-bfd7cfb elementor-section-full_width elementor-section-height-default elementor-section-height-default\" data-id=\"bfd7cfb\" data-element_type=\"section\">\n\t\t\t\t\t\t<div class=\"elementor-container elementor-column-gap-default\">\n\t\t\t\t\t\t\t<div class=\"elementor-row\">\n\t\t\t\t\t<div class=\"elementor-column elementor-col-100 elementor-top-column elementor-element elementor-element-bfec3f1\" data-id=\"bfec3f1\" data-element_type=\"column\">\n\t\t\t<div class=\"elementor-column-wrap lazyelementorbackgroundimages  elementor-element-populated\">\n\t\t\t\t\t\t\t<div class=\"elementor-widget-wrap\">\n\t\t\t\t\t\t<div class=\"elementor-element elementor-element-2240251 elementor-arrows-position-outside custom-image-slider elementor-widget elementor-widget-image-carousel\" data-id=\"2240251\" data-element_type=\"widget\" data-settings=\"{&quot;slides_to_show&quot;:&quot;4&quot;,&quot;navigation&quot;:&quot;arrows&quot;,&quot;image_spacing_custom&quot;:{&quot;unit&quot;:&quot;px&quot;,&quot;size&quot;:0,&quot;sizes&quot;:[]},&quot;autoplay_speed&quot;:4000,&quot;autoplay&quot;:&quot;yes&quot;,&quot;pause_on_hover&quot;:&quot;yes&quot;,&quot;pause_on_interaction&quot;:&quot;yes&quot;,&quot;infinite&quot;:&quot;yes&quot;,&quot;speed&quot;:500}\" data-widget_type=\"image-carousel.default\">\n\t\t\t\t<div class=\"elementor-widget-container\">\n\t\t\t\t\t<div class=\"elementor-image-carousel-wrapper swiper-container\" dir=\"ltr\">\n\t\t\t<div class=\"elementor-image-carousel swiper-wrapper swiper-image-stretch\">\n\t\t\t\t\t\t\t\t<div class=\"swiper-slide\"><a data-elementor-open-lightbox=\"yes\" data-elementor-lightbox-slideshow=\"2240251\" data-elementor-lightbox-title=\"Hotel Der Blaue Reiter_The Curtain_Detail\" e-action-hash=\"#elementor-action%3Aaction%3Dlightbox%26settings%3DeyJpZCI6MTIwNzYsInVybCI6Imh0dHBzOlwvXC9zdGFnaW5nLmhvdGVsZGVyYmxhdWVyZWl0ZXIuZGVcL3dwLWNvbnRlbnRcL3VwbG9hZHNcLzIwMjJcLzAzXC9Ib3RlbC1EZXItQmxhdWUtUmVpdGVyX1RoZS1DdXJ0YWluX0RldGFpbC5qcGciLCJzbGlkZXNob3ciOiIyMjQwMjUxIn0%3D\" href=\"https:\/\/staging.hotelderblauereiter.de\/wp-content\/uploads\/2022\/03\/Hotel-Der-Blaue-Reiter_The-Curtain_Detail.jpg\"><figure class=\"swiper-slide-inner\"><img class=\"swiper-slide-image\" src=\"https:\/\/staging.hotelderblauereiter.de\/wp-content\/uploads\/2022\/03\/Hotel-Der-Blaue-Reiter_The-Curtain_Detail.jpg\" alt=\"Hotel Der Blaue Reiter_The Curtain_Detail\" \/><\/figure><\/a><\/div><div class=\"swiper-slide\"><a data-elementor-open-lightbox=\"yes\" data-elementor-lightbox-slideshow=\"2240251\" data-elementor-lightbox-title=\"Hotel Der Blaue Reiter_The Curtain (2)\" e-action-hash=\"#elementor-action%3Aaction%3Dlightbox%26settings%3DeyJpZCI6MTIwNzUsInVybCI6Imh0dHBzOlwvXC9zdGFnaW5nLmhvdGVsZGVyYmxhdWVyZWl0ZXIuZGVcL3dwLWNvbnRlbnRcL3VwbG9hZHNcLzIwMjJcLzAzXC9Ib3RlbC1EZXItQmxhdWUtUmVpdGVyX1RoZS1DdXJ0YWluLTIuanBnIiwic2xpZGVzaG93IjoiMjI0MDI1MSJ9\" href=\"https:\/\/staging.hotelderblauereiter.de\/wp-content\/uploads\/2022\/03\/Hotel-Der-Blaue-Reiter_The-Curtain-2.jpg\"><figure class=\"swiper-slide-inner\"><img class=\"swiper-slide-image\" src=\"https:\/\/staging.hotelderblauereiter.de\/wp-content\/uploads\/2022\/03\/Hotel-Der-Blaue-Reiter_The-Curtain-2.jpg\" alt=\"Hotel Der Blaue Reiter_The Curtain (2)\" \/><\/figure><\/a><\/div><div class=\"swiper-slide\"><a data-elementor-open-lightbox=\"yes\" data-elementor-lightbox-slideshow=\"2240251\" data-elementor-lightbox-title=\"Hotel Der Blaue Reiter_Karlsruhe_76227_Terrasse_Detail\" e-action-hash=\"#elementor-action%3Aaction%3Dlightbox%26settings%3DeyJpZCI6MTIwNzQsInVybCI6Imh0dHBzOlwvXC9zdGFnaW5nLmhvdGVsZGVyYmxhdWVyZWl0ZXIuZGVcL3dwLWNvbnRlbnRcL3VwbG9hZHNcLzIwMjJcLzAzXC9Ib3RlbC1EZXItQmxhdWUtUmVpdGVyX0thcmxzcnVoZV83NjIyN19UZXJyYXNzZV9EZXRhaWwuanBnIiwic2xpZGVzaG93IjoiMjI0MDI1MSJ9\" href=\"https:\/\/staging.hotelderblauereiter.de\/wp-content\/uploads\/2022\/03\/Hotel-Der-Blaue-Reiter_Karlsruhe_76227_Terrasse_Detail.jpg\"><figure class=\"swiper-slide-inner\"><img class=\"swiper-slide-image\" src=\"https:\/\/staging.hotelderblauereiter.de\/wp-content\/uploads\/2022\/03\/Hotel-Der-Blaue-Reiter_Karlsruhe_76227_Terrasse_Detail.jpg\" alt=\"Hotel Der Blaue Reiter_Karlsruhe_76227_Terrasse_Detail\" \/><\/figure><\/a><\/div><div class=\"swiper-slide\"><a data-elementor-open-lightbox=\"yes\" data-elementor-lightbox-slideshow=\"2240251\" data-elementor-lightbox-title=\"Hotel Der Blaue Reiter_Karlsruhe_76227_Speiseraum f\u00fcr Abendessen_Detail (4)\" e-action-hash=\"#elementor-action%3Aaction%3Dlightbox%26settings%3DeyJpZCI6MTIwNzEsInVybCI6Imh0dHBzOlwvXC9zdGFnaW5nLmhvdGVsZGVyYmxhdWVyZWl0ZXIuZGVcL3dwLWNvbnRlbnRcL3VwbG9hZHNcLzIwMjJcLzAzXC9Ib3RlbC1EZXItQmxhdWUtUmVpdGVyX0thcmxzcnVoZV83NjIyN19TcGVpc2VyYXVtLWZ1ZXItQWJlbmRlc3Nlbl9EZXRhaWwtNC5qcGciLCJzbGlkZXNob3ciOiIyMjQwMjUxIn0%3D\" href=\"https:\/\/staging.hotelderblauereiter.de\/wp-content\/uploads\/2022\/03\/Hotel-Der-Blaue-Reiter_Karlsruhe_76227_Speiseraum-fuer-Abendessen_Detail-4.jpg\"><figure class=\"swiper-slide-inner\"><img class=\"swiper-slide-image\" src=\"https:\/\/staging.hotelderblauereiter.de\/wp-content\/uploads\/2022\/03\/Hotel-Der-Blaue-Reiter_Karlsruhe_76227_Speiseraum-fuer-Abendessen_Detail-4.jpg\" alt=\"Hotel Der Blaue Reiter_Karlsruhe_76227_Speiseraum f\u00fcr Abendessen_Detail (4)\" \/><\/figure><\/a><\/div><div class=\"swiper-slide\"><a data-elementor-open-lightbox=\"yes\" data-elementor-lightbox-slideshow=\"2240251\" data-elementor-lightbox-title=\"Hotel Der Blaue Reiter_Karlsruhe_76227_Speiseraum f\u00fcr Abendessen_Detail (7)\" e-action-hash=\"#elementor-action%3Aaction%3Dlightbox%26settings%3DeyJpZCI6MTIwNzIsInVybCI6Imh0dHBzOlwvXC9zdGFnaW5nLmhvdGVsZGVyYmxhdWVyZWl0ZXIuZGVcL3dwLWNvbnRlbnRcL3VwbG9hZHNcLzIwMjJcLzAzXC9Ib3RlbC1EZXItQmxhdWUtUmVpdGVyX0thcmxzcnVoZV83NjIyN19TcGVpc2VyYXVtLWZ1ZXItQWJlbmRlc3Nlbl9EZXRhaWwtNy5qcGciLCJzbGlkZXNob3ciOiIyMjQwMjUxIn0%3D\" href=\"https:\/\/staging.hotelderblauereiter.de\/wp-content\/uploads\/2022\/03\/Hotel-Der-Blaue-Reiter_Karlsruhe_76227_Speiseraum-fuer-Abendessen_Detail-7.jpg\"><figure class=\"swiper-slide-inner\"><img class=\"swiper-slide-image\" src=\"https:\/\/staging.hotelderblauereiter.de\/wp-content\/uploads\/2022\/03\/Hotel-Der-Blaue-Reiter_Karlsruhe_76227_Speiseraum-fuer-Abendessen_Detail-7.jpg\" alt=\"Hotel Der Blaue Reiter_Karlsruhe_76227_Speiseraum f\u00fcr Abendessen_Detail (7)\" \/><\/figure><\/a><\/div><div class=\"swiper-slide\"><a data-elementor-open-lightbox=\"yes\" data-elementor-lightbox-slideshow=\"2240251\" data-elementor-lightbox-title=\"Hotel Der Blaue Reiter_Karlsruhe_76227_Sommerlounge (8)\" e-action-hash=\"#elementor-action%3Aaction%3Dlightbox%26settings%3DeyJpZCI6MTIwNzAsInVybCI6Imh0dHBzOlwvXC9zdGFnaW5nLmhvdGVsZGVyYmxhdWVyZWl0ZXIuZGVcL3dwLWNvbnRlbnRcL3VwbG9hZHNcLzIwMjJcLzAzXC9Ib3RlbC1EZXItQmxhdWUtUmVpdGVyX0thcmxzcnVoZV83NjIyN19Tb21tZXJsb3VuZ2UtOC5qcGciLCJzbGlkZXNob3ciOiIyMjQwMjUxIn0%3D\" href=\"https:\/\/staging.hotelderblauereiter.de\/wp-content\/uploads\/2022\/03\/Hotel-Der-Blaue-Reiter_Karlsruhe_76227_Sommerlounge-8.jpg\"><figure class=\"swiper-slide-inner\"><img class=\"swiper-slide-image\" src=\"https:\/\/staging.hotelderblauereiter.de\/wp-content\/uploads\/2022\/03\/Hotel-Der-Blaue-Reiter_Karlsruhe_76227_Sommerlounge-8.jpg\" alt=\"Hotel Der Blaue Reiter_Karlsruhe_76227_Sommerlounge (8)\" \/><\/figure><\/a><\/div><div class=\"swiper-slide\"><a data-elementor-open-lightbox=\"yes\" data-elementor-lightbox-slideshow=\"2240251\" data-elementor-lightbox-title=\"Hotel Der Blaue Reiter_Karlsruhe_76227_Sommerlounge (2)\" e-action-hash=\"#elementor-action%3Aaction%3Dlightbox%26settings%3DeyJpZCI6MTIwNjksInVybCI6Imh0dHBzOlwvXC9zdGFnaW5nLmhvdGVsZGVyYmxhdWVyZWl0ZXIuZGVcL3dwLWNvbnRlbnRcL3VwbG9hZHNcLzIwMjJcLzAzXC9Ib3RlbC1EZXItQmxhdWUtUmVpdGVyX0thcmxzcnVoZV83NjIyN19Tb21tZXJsb3VuZ2UtMi5qcGciLCJzbGlkZXNob3ciOiIyMjQwMjUxIn0%3D\" href=\"https:\/\/staging.hotelderblauereiter.de\/wp-content\/uploads\/2022\/03\/Hotel-Der-Blaue-Reiter_Karlsruhe_76227_Sommerlounge-2.jpg\"><figure class=\"swiper-slide-inner\"><img class=\"swiper-slide-image\" src=\"https:\/\/staging.hotelderblauereiter.de\/wp-content\/uploads\/2022\/03\/Hotel-Der-Blaue-Reiter_Karlsruhe_76227_Sommerlounge-2.jpg\" alt=\"Hotel Der Blaue Reiter_Karlsruhe_76227_Sommerlounge (2)\" \/><\/figure><\/a><\/div><div class=\"swiper-slide\"><a data-elementor-open-lightbox=\"yes\" data-elementor-lightbox-slideshow=\"2240251\" data-elementor-lightbox-title=\"Web_Hotel Der Blaue Reiter_Karlsruhe_76227_Terrasse\" e-action-hash=\"#elementor-action%3Aaction%3Dlightbox%26settings%3DeyJpZCI6MTIwNjIsInVybCI6Imh0dHBzOlwvXC9zdGFnaW5nLmhvdGVsZGVyYmxhdWVyZWl0ZXIuZGVcL3dwLWNvbnRlbnRcL3VwbG9hZHNcLzIwMjJcLzAzXC9XZWJfSG90ZWwtRGVyLUJsYXVlLVJlaXRlcl9LYXJsc3J1aGVfNzYyMjdfVGVycmFzc2UuanBnIiwic2xpZGVzaG93IjoiMjI0MDI1MSJ9\" href=\"https:\/\/staging.hotelderblauereiter.de\/wp-content\/uploads\/2022\/03\/Web_Hotel-Der-Blaue-Reiter_Karlsruhe_76227_Terrasse.jpg\"><figure class=\"swiper-slide-inner\"><img class=\"swiper-slide-image\" src=\"https:\/\/staging.hotelderblauereiter.de\/wp-content\/uploads\/2022\/03\/Web_Hotel-Der-Blaue-Reiter_Karlsruhe_76227_Terrasse.jpg\" alt=\"Web_Hotel Der Blaue Reiter_Karlsruhe_76227_Terrasse\" \/><\/figure><\/a><\/div>\t\t\t<\/div>\n\t\t\t\t\t\t\t\t\t\t\t\t\t\t\t\t<div class=\"elementor-swiper-button elementor-swiper-button-prev\">\n\t\t\t\t\t\t<i aria-hidden=\"true\" class=\"eicon-chevron-left\"><\/i>\t\t\t\t\t\t<span class=\"elementor-screen-only\" data-no-translation=\"\" data-trp-gettext=\"\">Previous<\/span>\n\t\t\t\t\t<\/div>\n\t\t\t\t\t<div class=\"elementor-swiper-button elementor-swiper-button-next\">\n\t\t\t\t\t\t<i aria-hidden=\"true\" class=\"eicon-chevron-right\"><\/i>\t\t\t\t\t\t<span class=\"elementor-screen-only\" data-no-translation=\"\" data-trp-gettext=\"\">Next<\/span>\n\t\t\t\t\t<\/div>\n\t\t\t\t\t\t\t\t\t<\/div>\n\t\t\t\t<\/div>\n\t\t\t\t<\/div>\n\t\t\t\t\t\t<\/div>\n\t\t\t\t\t<\/div>\n\t\t<\/div>\n\t\t\t\t\t\t\t\t<\/div>\n\t\t\t\t\t<\/div>\n\t\t<\/section>\n\t\t\t\t<section class=\"elementor-section elementor-top-section elementor-element elementor-element-736fd16 elementor-section-boxed elementor-section-height-default elementor-section-height-default\" data-id=\"736fd16\" data-element_type=\"section\" id=\"feiern-form\">\n\t\t\t\t\t\t<div class=\"elementor-container elementor-column-gap-default\">\n\t\t\t\t\t\t\t<div class=\"elementor-row\">\n\t\t\t\t\t<div class=\"elementor-column elementor-col-100 elementor-top-column elementor-element elementor-element-3c7a1c1\" data-id=\"3c7a1c1\" data-element_type=\"column\">\n\t\t\t<div class=\"elementor-column-wrap lazyelementorbackgroundimages  elementor-element-populated\">\n\t\t\t\t\t\t\t<div class=\"elementor-widget-wrap\">\n\t\t\t\t\t\t<div class=\"elementor-element elementor-element-8ea0221 elementor-widget elementor-widget-shortcode\" data-id=\"8ea0221\" data-element_type=\"widget\" data-widget_type=\"shortcode.default\">\n\t\t\t\t<div class=\"elementor-widget-container\">\n\t\t\t\t\t<div class=\"elementor-shortcode\"><div class=\"wpforms-container wpforms-container-full\" id=\"wpforms-12064\"><form id=\"wpforms-form-12064\" class=\"wpforms-validate wpforms-form\" data-formid=\"12064\" method=\"post\" enctype=\"multipart\/form-data\" action=\"\/en\/wp-json\/wp\/v2\/pages\/831\" data-token=\"a5bb0bf17f387d59af9404f46e076515\" data-trp-original-action=\"\/en\/wp-json\/wp\/v2\/pages\/831\"><noscript class=\"wpforms-error-noscript\" data-no-translation=\"\" data-trp-gettext=\"\">Please enable JavaScript in your browser to complete this form.<\/noscript><div class=\"wpforms-field-container\"><div id=\"wpforms-12064-field_1-container\" class=\"wpforms-field wpforms-field-select wpforms-one-third wpforms-first wpforms-one-fourth wpforms-mobile-full wpforms-field-select-style-classic\" data-field-id=\"1\"><label class=\"wpforms-field-label\" for=\"wpforms-12064-field_1\">Title<\/label><select id=\"wpforms-12064-field_1\" class=\"wpforms-field-large\" name=\"wpforms[fields][1]\"><option value=\"Herr\" >Mr.<\/option><option value=\"Frau\" >Ms.<\/option><\/select><\/div><div id=\"wpforms-12064-field_4-container\" class=\"wpforms-field wpforms-field-text wpforms-one-third wpforms-one-fourth wpforms-mobile-full\" data-field-id=\"4\"><label class=\"wpforms-field-label\" for=\"wpforms-12064-field_4\">Name <span class=\"wpforms-required-label\">*<\/span><\/label><input type=\"text\" id=\"wpforms-12064-field_4\" class=\"wpforms-field-large wpforms-field-required\" name=\"wpforms[fields][4]\" required><\/div><div id=\"wpforms-12064-field_9-container\" class=\"wpforms-field wpforms-field-email wpforms-one-fourth wpforms-mobile-full\" data-field-id=\"9\"><label class=\"wpforms-field-label\" for=\"wpforms-12064-field_9\">E-Mail <span class=\"wpforms-required-label\">*<\/span><\/label><input type=\"email\" id=\"wpforms-12064-field_9\" class=\"wpforms-field-large wpforms-field-required\" name=\"wpforms[fields][9]\" required><\/div><div id=\"wpforms-12064-field_6-container\" class=\"wpforms-field wpforms-field-text wpforms-one-fourth wpforms-mobile-full\" data-field-id=\"6\"><label class=\"wpforms-field-label\" for=\"wpforms-12064-field_6\">phone <span class=\"wpforms-required-label\">*<\/span><\/label><input type=\"text\" id=\"wpforms-12064-field_6\" class=\"wpforms-field-large wpforms-field-required\" name=\"wpforms[fields][6]\" required><\/div><div id=\"wpforms-12064-field_8-container\" class=\"wpforms-field wpforms-field-text wpforms-one-half wpforms-first wpforms-mobile-full\" data-field-id=\"8\"><label class=\"wpforms-field-label\" for=\"wpforms-12064-field_8\">Adresse <span class=\"wpforms-required-label\">*<\/span><\/label><input type=\"text\" id=\"wpforms-12064-field_8\" class=\"wpforms-field-large wpforms-field-required\" name=\"wpforms[fields][8]\" required><\/div><div id=\"wpforms-12064-field_11-container\" class=\"wpforms-field wpforms-field-text wpforms-one-fourth wpforms-first wpforms-mobile-full\" data-field-id=\"11\"><label class=\"wpforms-field-label\" for=\"wpforms-12064-field_11\">Date <span class=\"wpforms-required-label\">*<\/span><\/label><input type=\"text\" id=\"wpforms-12064-field_11\" class=\"wpforms-field-large wpforms-field-required\" name=\"wpforms[fields][11]\" required><\/div><div id=\"wpforms-12064-field_14-container\" class=\"wpforms-field wpforms-field-text wpforms-one-fourth\" data-field-id=\"14\"><label class=\"wpforms-field-label\" for=\"wpforms-12064-field_14\">Time <span class=\"wpforms-required-label\">*<\/span><\/label><input type=\"text\" id=\"wpforms-12064-field_14\" class=\"wpforms-field-large wpforms-field-required\" name=\"wpforms[fields][14]\" required><\/div><div id=\"wpforms-12064-field_12-container\" class=\"wpforms-field wpforms-field-text wpforms-one-fourth wpforms-mobile-full\" data-field-id=\"12\"><label class=\"wpforms-field-label\" for=\"wpforms-12064-field_12\">Number persons<\/label><input type=\"text\" id=\"wpforms-12064-field_12\" class=\"wpforms-field-medium\" name=\"wpforms[fields][12]\" ><\/div><div id=\"wpforms-12064-field_13-container\" class=\"wpforms-field wpforms-field-textarea wpforms-mobile-full\" data-field-id=\"13\"><label class=\"wpforms-field-label\" for=\"wpforms-12064-field_13\">Message<\/label><textarea id=\"wpforms-12064-field_13\" class=\"wpforms-field-medium\" name=\"wpforms[fields][13]\" ><\/textarea><div class=\"wpforms-field-description\">We look forward to questions, suggestions or preferences.<\/div><\/div><div id=\"wpforms-12064-field_2-container\" class=\"wpforms-field wpforms-field-checkbox\" data-field-id=\"2\"><label class=\"wpforms-field-label wpforms-label-hide\" for=\"wpforms-12064-field_2\">Checkboxen <span class=\"wpforms-required-label\">*<\/span><\/label><ul id=\"wpforms-12064-field_2\" class=\"wpforms-field-required\"><li class=\"choice-1 depth-1\"><input type=\"checkbox\" id=\"wpforms-12064-field_2_1\" name=\"wpforms[fields][2][]\" value=\"Ich hab die &lt;a href =&quot;#&quot;&gt;Datenschutzerkl\u00e4rung &lt;\/a&gt; gelesen und bin damit Einverstanden\" required><label class=\"wpforms-field-label-inline\" for=\"wpforms-12064-field_2_1\">I have read the <a href=\"#\">Data protection declaration <\/a> and I agree with it<\/label><\/li><\/ul><\/div><\/div><div class=\"wpforms-field wpforms-field-hp\"><label for=\"wpforms-12064-field-hp\" class=\"wpforms-field-label\">Website<\/label><input type=\"text\" name=\"wpforms[hp]\" id=\"wpforms-12064-field-hp\" class=\"wpforms-field-medium\"><\/div><div class=\"wpforms-submit-container\"><input type=\"hidden\" name=\"wpforms[id]\" value=\"12064\"><input type=\"hidden\" name=\"wpforms[author]\" value=\"12\"><button type=\"submit\" name=\"wpforms[submit]\" id=\"wpforms-submit-12064\" class=\"wpforms-submit\" data-alt-text=\"Senden...\" data-submit-text=\"Absenden\" aria-live=\"assertive\" value=\"wpforms-submit\">Send<\/button><\/div><input type=\"hidden\" name=\"trp-form-language\" value=\"en\"\/><\/form><\/div>  <!-- .wpforms-container --><\/div>\n\t\t\t\t<\/div>\n\t\t\t\t<\/div>\n\t\t\t\t\t\t<\/div>\n\t\t\t\t\t<\/div>\n\t\t<\/div>\n\t\t\t\t\t\t\t\t<\/div>\n\t\t\t\t\t<\/div>\n\t\t<\/section>\n\t\t\t\t\t\t\t\t\t<\/div>\n\t\t\t<\/div>\n\t\t\t\t\t<\/div>","protected":false},"excerpt":{"rendered":"<p>FEIERN Sie suchen noch die perfekte Location f\u00fcr eine private Feier oder Geburtstagsparty, in der Sie unter sich feiern und den Kontakt zu anderen G\u00e4sten vermeiden k\u00f6nnen? Dann sind Sie bei uns richtig. Unsere Veranstaltungsr\u00e4ume im Hotel, sowie unsere Hotelbar \u201eThe Curtain\u201c bieten f\u00fcr jede Feier den richtigen Rahmen und k\u00f6nnen EXKLUSIV gebucht werden. jetzt &hellip;<\/p>\n<p class=\"read-more\"> <a class=\"\" href=\"https:\/\/staging.hotelderblauereiter.de\/en\/feiern\/\"> <span class=\"screen-reader-text\">Feiern<\/span> Read More &raquo;<\/a><\/p>","protected":false},"author":12,"featured_media":0,"parent":0,"menu_order":0,"comment_status":"closed","ping_status":"closed","template":"","meta":{"site-sidebar-layout":"no-sidebar","site-content-layout":"page-builder","ast-global-header-display":"","ast-main-header-display":"","ast-hfb-above-header-display":"","ast-hfb-below-header-display":"","ast-hfb-mobile-header-display":"","site-post-title":"disabled","ast-breadcrumbs-content":"","ast-featured-img":"disabled","footer-sml-layout":"","theme-transparent-header-meta":"default","adv-header-id-meta":"","stick-header-meta":"","header-above-stick-meta":"","header-main-stick-meta":"","header-below-stick-meta":""},"_links":{"self":[{"href":"https:\/\/staging.hotelderblauereiter.de\/en\/wp-json\/wp\/v2\/pages\/831"}],"collection":[{"href":"https:\/\/staging.hotelderblauereiter.de\/en\/wp-json\/wp\/v2\/pages"}],"about":[{"href":"https:\/\/staging.hotelderblauereiter.de\/en\/wp-json\/wp\/v2\/types\/page"}],"author":[{"embeddable":true,"href":"https:\/\/staging.hotelderblauereiter.de\/en\/wp-json\/wp\/v2\/users\/12"}],"replies":[{"embeddable":true,"href":"https:\/\/staging.hotelderblauereiter.de\/en\/wp-json\/wp\/v2\/comments?post=831"}],"version-history":[{"count":46,"href":"https:\/\/staging.hotelderblauereiter.de\/en\/wp-json\/wp\/v2\/pages\/831\/revisions"}],"predecessor-version":[{"id":12088,"href":"https:\/\/staging.hotelderblauereiter.de\/en\/wp-json\/wp\/v2\/pages\/831\/revisions\/12088"}],"wp:attachment":[{"href":"https:\/\/staging.hotelderblauereiter.de\/en\/wp-json\/wp\/v2\/media?parent=831"}],"curies":[{"name":"wp","href":"https:\/\/api.w.org\/{rel}","templated":true}]}}