{"id":9289,"date":"2020-10-13T12:59:42","date_gmt":"2020-10-13T10:59:42","guid":{"rendered":"https:\/\/staging.hotelderblauereiter.de\/?page_id=9289"},"modified":"2020-10-16T12:16:17","modified_gmt":"2020-10-16T10:16:17","slug":"golfpark-karlsruhe","status":"publish","type":"page","link":"https:\/\/staging.hotelderblauereiter.de\/en\/golfpark-karlsruhe\/","title":{"rendered":"Golfpark Karlsruhe"},"content":{"rendered":"<div data-elementor-type=\"wp-page\" data-elementor-id=\"9289\" class=\"elementor elementor-9289\">\n\t\t\t\t\t\t<div class=\"elementor-inner\">\n\t\t\t\t<div class=\"elementor-section-wrap\">\n\t\t\t\t\t\t\t\t\t<div class=\"elementor-section elementor-top-section elementor-element elementor-element-66cceb0a elementor-section-full_width elementor-section-height-full elementor-section-content-middle background elementor-section-height-default elementor-section-items-middle\" data-id=\"66cceb0a\" data-element_type=\"section\" id=\"top-background\" data-settings=\"{&quot;background_background&quot;:&quot;classic&quot;}\">\n\t\t\t\t\t\t<div class=\"elementor-container elementor-column-gap-default\">\n\t\t\t\t\t\t\t<div class=\"elementor-row\">\n\t\t\t\t\t<div class=\"elementor-column elementor-col-100 elementor-top-column elementor-element elementor-element-7b5d8603\" data-id=\"7b5d8603\" data-element_type=\"column\">\n\t\t\t<div class=\"elementor-column-wrap lazyelementorbackgroundimages  elementor-element-populated\">\n\t\t\t\t\t\t\t<div class=\"elementor-widget-wrap\">\n\t\t\t\t\t\t<div class=\"elementor-element elementor-element-36c744e5 front-titel elementor-widget elementor-widget-text-editor\" data-id=\"36c744e5\" data-element_type=\"widget\" data-widget_type=\"text-editor.default\">\n\t\t\t\t<div class=\"elementor-widget-container\">\n\t\t\t\t\t\t\t\t<div class=\"elementor-text-editor elementor-clearfix\">\n\t\t\t\t<h1>Golfpark Karlsruhe<\/h1><h1>Gut Batzenhof<\/h1>\t\t\t\t\t<\/div>\n\t\t\t\t\t\t<\/div>\n\t\t\t\t<\/div>\n\t\t\t\t\t\t<\/div>\n\t\t\t\t\t<\/div>\n\t\t<\/div>\n\t\t\t\t\t\t\t\t<\/div>\n\t\t\t\t\t<\/div>\n\t\t<\/div>\n\t\t\t\t<div class=\"elementor-section elementor-top-section elementor-element elementor-element-deb677d elementor-section-full_width elementor-section-content-middle elementor-section-height-default elementor-section-height-default\" data-id=\"deb677d\" data-element_type=\"section\">\n\t\t\t\t\t\t<div class=\"elementor-container elementor-column-gap-no\">\n\t\t\t\t\t\t\t<div class=\"elementor-row\">\n\t\t\t\t\t<div class=\"elementor-column elementor-col-100 elementor-top-column elementor-element elementor-element-6cbffa4\" data-id=\"6cbffa4\" data-element_type=\"column\">\n\t\t\t<div class=\"elementor-column-wrap lazyelementorbackgroundimages  elementor-element-populated\">\n\t\t\t\t\t\t\t<div class=\"elementor-widget-wrap\">\n\t\t\t\t\t\t<section class=\"elementor-section elementor-inner-section elementor-element elementor-element-7e54fa7 elementor-section-full_width elementor-section-height-min-height elementor-section-content-middle elementor-section-height-default\" data-id=\"7e54fa7\" data-element_type=\"section\">\n\t\t\t\t\t\t<div class=\"elementor-container elementor-column-gap-default\">\n\t\t\t\t\t\t\t<div class=\"elementor-row\">\n\t\t\t\t\t<div class=\"elementor-column elementor-col-50 elementor-inner-column elementor-element elementor-element-ebca09a img-block-column-1\" data-id=\"ebca09a\" data-element_type=\"column\" data-settings=\"{&quot;background_background&quot;:&quot;classic&quot;}\">\n\t\t\t<div class=\"elementor-column-wrap lazyelementorbackgroundimages  elementor-element-populated\">\n\t\t\t\t\t\t\t<div class=\"elementor-widget-wrap\">\n\t\t\t\t\t\t\t\t<\/div>\n\t\t\t\t\t<\/div>\n\t\t<\/div>\n\t\t\t\t<div class=\"elementor-column elementor-col-50 elementor-inner-column elementor-element elementor-element-d3daef1 text-block-column-2\" data-id=\"d3daef1\" data-element_type=\"column\" data-settings=\"{&quot;background_background&quot;:&quot;classic&quot;}\">\n\t\t\t<div class=\"elementor-column-wrap lazyelementorbackgroundimages  elementor-element-populated\">\n\t\t\t\t\t\t\t<div class=\"elementor-widget-wrap\">\n\t\t\t\t\t\t<div class=\"elementor-element elementor-element-b658566 elementor-widget elementor-widget-heading\" data-id=\"b658566\" data-element_type=\"widget\" data-widget_type=\"heading.default\">\n\t\t\t\t<div class=\"elementor-widget-container\">\n\t\t\t<h2 class=\"elementor-heading-title elementor-size-default\"><b>Golfpark Karlsruhe Gut Batzenhof<\/b><br><br>\n\nFor GOLF absolute members: 10 % discount on bed and breakfast (only for direct bookings).<br><br> Bei Vorlage Ihres g\u00fcltigen GOLF absolute Ausweises erhalten Mitglieder 10 % Nachlass auf die \u00dcbernachtung und das Fr\u00fchst\u00fcck, bezogen auf den jeweiligen Tagespreis. Wichtig dabei ist: Dieser Nachlass gilt nur bei Direktbuchung im Hotel (also telefonisch, per E-Mail, online oder pers\u00f6nlich) Nennen Sie also schon bei der Buchungsanfrage Ihre GOLF absolute Mitgliedschaft. \n \n<\/h2>\t\t<\/div>\n\t\t\t\t<\/div>\n\t\t\t\t<div class=\"elementor-element elementor-element-e5fb07a elementor-align-center elementor-widget elementor-widget-button\" data-id=\"e5fb07a\" data-element_type=\"widget\" data-widget_type=\"button.default\">\n\t\t\t\t<div class=\"elementor-widget-container\">\n\t\t\t\t\t<div class=\"elementor-button-wrapper\">\n\t\t\t<a href=\"https:\/\/www.golf-absolute.de\/karlsruhe\/\" target=\"_blank\" class=\"elementor-button-link elementor-button elementor-size-md\" role=\"button\">\n\t\t\t\t\t\t<span class=\"elementor-button-content-wrapper\">\n\t\t\t\t\t\t<span class=\"elementor-button-text\">learn more<\/span>\n\t\t<\/span>\n\t\t\t\t\t<\/a>\n\t\t<\/div>\n\t\t\t\t<\/div>\n\t\t\t\t<\/div>\n\t\t\t\t\t\t<\/div>\n\t\t\t\t\t<\/div>\n\t\t<\/div>\n\t\t\t\t\t\t\t\t<\/div>\n\t\t\t\t\t<\/div>\n\t\t<\/section>\n\t\t\t\t\t\t<\/div>\n\t\t\t\t\t<\/div>\n\t\t<\/div>\n\t\t\t\t\t\t\t\t<\/div>\n\t\t\t\t\t<\/div>\n\t\t<\/div>\n\t\t\t\t<section class=\"elementor-section elementor-top-section elementor-element elementor-element-8e2afc8 elementor-section-full_width elementor-section-height-default elementor-section-height-default\" data-id=\"8e2afc8\" data-element_type=\"section\">\n\t\t\t\t\t\t<div class=\"elementor-container elementor-column-gap-default\">\n\t\t\t\t\t\t\t<div class=\"elementor-row\">\n\t\t\t\t\t<div class=\"elementor-column elementor-col-100 elementor-top-column elementor-element elementor-element-6510d4e\" data-id=\"6510d4e\" data-element_type=\"column\">\n\t\t\t<div class=\"elementor-column-wrap lazyelementorbackgroundimages  elementor-element-populated\">\n\t\t\t\t\t\t\t<div class=\"elementor-widget-wrap\">\n\t\t\t\t\t\t<div class=\"elementor-element elementor-element-11b8722 elementor-arrows-position-outside custom-image-slider elementor-widget elementor-widget-image-carousel\" data-id=\"11b8722\" data-element_type=\"widget\" data-settings=\"{&quot;slides_to_show&quot;:&quot;4&quot;,&quot;navigation&quot;:&quot;arrows&quot;,&quot;image_spacing_custom&quot;:{&quot;unit&quot;:&quot;px&quot;,&quot;size&quot;:0,&quot;sizes&quot;:[]},&quot;autoplay_speed&quot;:4000,&quot;autoplay&quot;:&quot;yes&quot;,&quot;pause_on_hover&quot;:&quot;yes&quot;,&quot;pause_on_interaction&quot;:&quot;yes&quot;,&quot;infinite&quot;:&quot;yes&quot;,&quot;speed&quot;:500}\" data-widget_type=\"image-carousel.default\">\n\t\t\t\t<div class=\"elementor-widget-container\">\n\t\t\t\t\t<div class=\"elementor-image-carousel-wrapper swiper-container\" dir=\"ltr\">\n\t\t\t<div class=\"elementor-image-carousel swiper-wrapper swiper-image-stretch\">\n\t\t\t\t\t\t\t\t<div class=\"swiper-slide\"><a data-elementor-open-lightbox=\"yes\" data-elementor-lightbox-slideshow=\"11b8722\" data-elementor-lightbox-title=\"20200811_GP_Karlsruhe_Bahn_17_Long_way\" e-action-hash=\"#elementor-action%3Aaction%3Dlightbox%26settings%3DeyJpZCI6OTMwNywidXJsIjoiaHR0cHM6XC9cL3N0YWdpbmcuaG90ZWxkZXJibGF1ZXJlaXRlci5kZVwvd3AtY29udGVudFwvdXBsb2Fkc1wvMjAyMFwvMTBcLzIwMjAwODExX0dQX0thcmxzcnVoZV9CYWhuXzE3X0xvbmdfd2F5LmpwZyIsInNsaWRlc2hvdyI6IjExYjg3MjIifQ%3D%3D\" href=\"https:\/\/staging.hotelderblauereiter.de\/wp-content\/uploads\/2020\/10\/20200811_GP_Karlsruhe_Bahn_17_Long_way.jpg\"><figure class=\"swiper-slide-inner\"><img class=\"swiper-slide-image\" src=\"https:\/\/staging.hotelderblauereiter.de\/wp-content\/uploads\/2020\/10\/20200811_GP_Karlsruhe_Bahn_17_Long_way.jpg\" alt=\"20200811_GP_Karlsruhe_Bahn_17_Long_way\" \/><\/figure><\/a><\/div><div class=\"swiper-slide\"><a data-elementor-open-lightbox=\"yes\" data-elementor-lightbox-slideshow=\"11b8722\" data-elementor-lightbox-title=\"Web_Karlsruhe_Bahn_10_F\u00e4cherstadt_Karlsruhe_3\" e-action-hash=\"#elementor-action%3Aaction%3Dlightbox%26settings%3DeyJpZCI6OTMxMiwidXJsIjoiaHR0cHM6XC9cL3N0YWdpbmcuaG90ZWxkZXJibGF1ZXJlaXRlci5kZVwvd3AtY29udGVudFwvdXBsb2Fkc1wvMjAyMFwvMTBcL1dlYl9LYXJsc3J1aGVfQmFobl8xMF9GXHUwMGU0Y2hlcnN0YWR0X0thcmxzcnVoZV8zLmpwZyIsInNsaWRlc2hvdyI6IjExYjg3MjIifQ%3D%3D\" href=\"https:\/\/staging.hotelderblauereiter.de\/wp-content\/uploads\/2020\/10\/Web_Karlsruhe_Bahn_10_F\u00e4cherstadt_Karlsruhe_3.jpg\"><figure class=\"swiper-slide-inner\"><img class=\"swiper-slide-image\" src=\"https:\/\/staging.hotelderblauereiter.de\/wp-content\/uploads\/2020\/10\/Web_Karlsruhe_Bahn_10_F\u00e4cherstadt_Karlsruhe_3.jpg\" alt=\"Web_Karlsruhe_Bahn_10_F\u00e4cherstadt_Karlsruhe_3\" \/><\/figure><\/a><\/div><div class=\"swiper-slide\"><a data-elementor-open-lightbox=\"yes\" data-elementor-lightbox-slideshow=\"11b8722\" data-elementor-lightbox-title=\"Web_Karlsruhe_Bahn_11_Die_rechte_und_die_linke_Hand_des_Teufels\" e-action-hash=\"#elementor-action%3Aaction%3Dlightbox%26settings%3DeyJpZCI6OTMxMywidXJsIjoiaHR0cHM6XC9cL3N0YWdpbmcuaG90ZWxkZXJibGF1ZXJlaXRlci5kZVwvd3AtY29udGVudFwvdXBsb2Fkc1wvMjAyMFwvMTBcL1dlYl9LYXJsc3J1aGVfQmFobl8xMV9EaWVfcmVjaHRlX3VuZF9kaWVfbGlua2VfSGFuZF9kZXNfVGV1ZmVscy5qcGciLCJzbGlkZXNob3ciOiIxMWI4NzIyIn0%3D\" href=\"https:\/\/staging.hotelderblauereiter.de\/wp-content\/uploads\/2020\/10\/Web_Karlsruhe_Bahn_11_Die_rechte_und_die_linke_Hand_des_Teufels.jpg\"><figure class=\"swiper-slide-inner\"><img class=\"swiper-slide-image\" src=\"https:\/\/staging.hotelderblauereiter.de\/wp-content\/uploads\/2020\/10\/Web_Karlsruhe_Bahn_11_Die_rechte_und_die_linke_Hand_des_Teufels.jpg\" alt=\"Web_Karlsruhe_Bahn_11_Die_rechte_und_die_linke_Hand_des_Teufels\" \/><\/figure><\/a><\/div><div class=\"swiper-slide\"><a data-elementor-open-lightbox=\"yes\" data-elementor-lightbox-slideshow=\"11b8722\" data-elementor-lightbox-title=\"Web_Karlsruhe_Bahn12_Grand_Canyon\" e-action-hash=\"#elementor-action%3Aaction%3Dlightbox%26settings%3DeyJpZCI6OTMxNCwidXJsIjoiaHR0cHM6XC9cL3N0YWdpbmcuaG90ZWxkZXJibGF1ZXJlaXRlci5kZVwvd3AtY29udGVudFwvdXBsb2Fkc1wvMjAyMFwvMTBcL1dlYl9LYXJsc3J1aGVfQmFobjEyX0dyYW5kX0Nhbnlvbi5qcGciLCJzbGlkZXNob3ciOiIxMWI4NzIyIn0%3D\" href=\"https:\/\/staging.hotelderblauereiter.de\/wp-content\/uploads\/2020\/10\/Web_Karlsruhe_Bahn12_Grand_Canyon.jpg\"><figure class=\"swiper-slide-inner\"><img class=\"swiper-slide-image\" src=\"https:\/\/staging.hotelderblauereiter.de\/wp-content\/uploads\/2020\/10\/Web_Karlsruhe_Bahn12_Grand_Canyon.jpg\" alt=\"Web_Karlsruhe_Bahn12_Grand_Canyon\" \/><\/figure><\/a><\/div><div class=\"swiper-slide\"><a data-elementor-open-lightbox=\"yes\" data-elementor-lightbox-slideshow=\"11b8722\" data-elementor-lightbox-title=\"Web_Karlsruhe_Naturbelassene_Fl\u00e4che_zwischen_Bahn_17_Long_Way_und_Bahn_10_F\u00e4cherstadt_Karlsruhe\" e-action-hash=\"#elementor-action%3Aaction%3Dlightbox%26settings%3DeyJpZCI6OTMxNSwidXJsIjoiaHR0cHM6XC9cL3N0YWdpbmcuaG90ZWxkZXJibGF1ZXJlaXRlci5kZVwvd3AtY29udGVudFwvdXBsb2Fkc1wvMjAyMFwvMTBcL1dlYl9LYXJsc3J1aGVfTmF0dXJiZWxhc3NlbmVfRmxcdTAwZTRjaGVfendpc2NoZW5fQmFobl8xN19Mb25nX1dheV91bmRfQmFobl8xMF9GXHUwMGU0Y2hlcnN0YWR0X0thcmxzcnVoZS1zY2FsZWQuanBnIiwic2xpZGVzaG93IjoiMTFiODcyMiJ9\" href=\"https:\/\/staging.hotelderblauereiter.de\/wp-content\/uploads\/2020\/10\/Web_Karlsruhe_Naturbelassene_Fl\u00e4che_zwischen_Bahn_17_Long_Way_und_Bahn_10_F\u00e4cherstadt_Karlsruhe-scaled.jpg\"><figure class=\"swiper-slide-inner\"><img class=\"swiper-slide-image\" src=\"https:\/\/staging.hotelderblauereiter.de\/wp-content\/uploads\/2020\/10\/Web_Karlsruhe_Naturbelassene_Fl\u00e4che_zwischen_Bahn_17_Long_Way_und_Bahn_10_F\u00e4cherstadt_Karlsruhe-scaled.jpg\" alt=\"Web_Karlsruhe_Naturbelassene_Fl\u00e4che_zwischen_Bahn_17_Long_Way_und_Bahn_10_F\u00e4cherstadt_Karlsruhe\" \/><\/figure><\/a><\/div><div class=\"swiper-slide\"><a data-elementor-open-lightbox=\"yes\" data-elementor-lightbox-slideshow=\"11b8722\" data-elementor-lightbox-title=\"Web_Karlsruhe_Bahn_10_F\u00e4cherstadt_6\" e-action-hash=\"#elementor-action%3Aaction%3Dlightbox%26settings%3DeyJpZCI6OTMxNywidXJsIjoiaHR0cHM6XC9cL3N0YWdpbmcuaG90ZWxkZXJibGF1ZXJlaXRlci5kZVwvd3AtY29udGVudFwvdXBsb2Fkc1wvMjAyMFwvMTBcL1dlYl9LYXJsc3J1aGVfQmFobl8xMF9GXHUwMGU0Y2hlcnN0YWR0XzYuanBnIiwic2xpZGVzaG93IjoiMTFiODcyMiJ9\" href=\"https:\/\/staging.hotelderblauereiter.de\/wp-content\/uploads\/2020\/10\/Web_Karlsruhe_Bahn_10_F\u00e4cherstadt_6.jpg\"><figure class=\"swiper-slide-inner\"><img class=\"swiper-slide-image\" src=\"https:\/\/staging.hotelderblauereiter.de\/wp-content\/uploads\/2020\/10\/Web_Karlsruhe_Bahn_10_F\u00e4cherstadt_6.jpg\" alt=\"Web_Karlsruhe_Bahn_10_F\u00e4cherstadt_6\" \/><\/figure><\/a><\/div>\t\t\t<\/div>\n\t\t\t\t\t\t\t\t\t\t\t\t\t\t\t\t<div class=\"elementor-swiper-button elementor-swiper-button-prev\">\n\t\t\t\t\t\t<i aria-hidden=\"true\" class=\"eicon-chevron-left\"><\/i>\t\t\t\t\t\t<span class=\"elementor-screen-only\" data-no-translation=\"\" data-trp-gettext=\"\">Previous<\/span>\n\t\t\t\t\t<\/div>\n\t\t\t\t\t<div class=\"elementor-swiper-button elementor-swiper-button-next\">\n\t\t\t\t\t\t<i aria-hidden=\"true\" class=\"eicon-chevron-right\"><\/i>\t\t\t\t\t\t<span class=\"elementor-screen-only\" data-no-translation=\"\" data-trp-gettext=\"\">Next<\/span>\n\t\t\t\t\t<\/div>\n\t\t\t\t\t\t\t\t\t<\/div>\n\t\t\t\t<\/div>\n\t\t\t\t<\/div>\n\t\t\t\t\t\t<\/div>\n\t\t\t\t\t<\/div>\n\t\t<\/div>\n\t\t\t\t\t\t\t\t<\/div>\n\t\t\t\t\t<\/div>\n\t\t<\/section>\n\t\t\t\t\t\t\t\t\t<\/div>\n\t\t\t<\/div>\n\t\t\t\t\t<\/div>","protected":false},"excerpt":{"rendered":"<p>Golfpark Karlsruhe Gut Batzenhof Golfpark Karlsruhe Gut Batzenhof F\u00fcr GOLF absolute Mitglieder: 10 % Nachlass bei \u00dcbernachtung\/Fr\u00fchst\u00fcck (nur bei Direktbuchung). Bei Vorlage Ihres g\u00fcltigen GOLF absolute Ausweises erhalten Mitglieder 10 % Nachlass auf die \u00dcbernachtung und das Fr\u00fchst\u00fcck, bezogen auf den jeweiligen Tagespreis. Wichtig dabei ist: Dieser Nachlass gilt nur bei Direktbuchung im Hotel (also &hellip;<\/p>\n<p class=\"read-more\"> <a class=\"\" href=\"https:\/\/staging.hotelderblauereiter.de\/en\/golfpark-karlsruhe\/\"> <span class=\"screen-reader-text\">Golfpark Karlsruhe<\/span> Read More &raquo;<\/a><\/p>","protected":false},"author":12,"featured_media":0,"parent":0,"menu_order":0,"comment_status":"closed","ping_status":"closed","template":"","meta":{"site-sidebar-layout":"no-sidebar","site-content-layout":"page-builder","ast-global-header-display":"","ast-main-header-display":"","ast-hfb-above-header-display":"","ast-hfb-below-header-display":"","ast-hfb-mobile-header-display":"","site-post-title":"disabled","ast-breadcrumbs-content":"","ast-featured-img":"disabled","footer-sml-layout":"","theme-transparent-header-meta":"default","adv-header-id-meta":"","stick-header-meta":"","header-above-stick-meta":"","header-main-stick-meta":"","header-below-stick-meta":""},"_links":{"self":[{"href":"https:\/\/staging.hotelderblauereiter.de\/en\/wp-json\/wp\/v2\/pages\/9289"}],"collection":[{"href":"https:\/\/staging.hotelderblauereiter.de\/en\/wp-json\/wp\/v2\/pages"}],"about":[{"href":"https:\/\/staging.hotelderblauereiter.de\/en\/wp-json\/wp\/v2\/types\/page"}],"author":[{"embeddable":true,"href":"https:\/\/staging.hotelderblauereiter.de\/en\/wp-json\/wp\/v2\/users\/12"}],"replies":[{"embeddable":true,"href":"https:\/\/staging.hotelderblauereiter.de\/en\/wp-json\/wp\/v2\/comments?post=9289"}],"version-history":[{"count":8,"href":"https:\/\/staging.hotelderblauereiter.de\/en\/wp-json\/wp\/v2\/pages\/9289\/revisions"}],"predecessor-version":[{"id":9318,"href":"https:\/\/staging.hotelderblauereiter.de\/en\/wp-json\/wp\/v2\/pages\/9289\/revisions\/9318"}],"wp:attachment":[{"href":"https:\/\/staging.hotelderblauereiter.de\/en\/wp-json\/wp\/v2\/media?parent=9289"}],"curies":[{"name":"wp","href":"https:\/\/api.w.org\/{rel}","templated":true}]}}