{"id":6584,"date":"2019-12-12T15:41:07","date_gmt":"2019-12-12T14:41:07","guid":{"rendered":"https:\/\/jbcm.de\/blauerreiter\/?post_type=product&#038;p=6584"},"modified":"2020-05-12T10:41:46","modified_gmt":"2020-05-12T08:41:46","slug":"spieluhr","status":"publish","type":"product","link":"https:\/\/staging.hotelderblauereiter.de\/en\/product\/spieluhr\/","title":{"rendered":"Music box"},"content":{"rendered":"<p>Motiv: Marc: K\u00fche &#8211; gelb, rot, gr\u00fcn Melodie: Vivaldi &#8222;Spring&#8220;<\/p>\n<p>Motiv: Marc: Gro\u00dfe blaue Pferde Melodie: Vivaldi &#8222;Spring<\/p>\n<p>Motiv:\u00a0 Franz Marc: Blaues Pferdchen: Tschaikowsk &#8222;Blumenwalzer&#8220;<\/p>\n<p>Motiv: Macke: Terrasse St. Germain Melodie: Tschaikowsk &#8222;Blumenwalzer&#8220;<\/p>\n<p>Motiv: Macke: Das helle Haus: Beethoven &#8222;F\u00fcr Elise&#8220;<\/p>\n<p>Motiv: Macke: Eselreiter Meloie: Beethoven &#8222;F\u00fcr Elise&#8220;<\/p>\n<p>Motiv: Paul Klee: Burggarten: Bach &#8222;Bourree&#8220;<\/p>\n<p>Motiv: Paul Klee: Tempelg\u00e4rten: Beethoven &#8222;F\u00fcr Elise&#8220;<\/p>\n<p>Motiv:Paul Klee: Burg und Sonne: Mozart &#8222;Zauberfl\u00f6te&#8220;<\/p>\n<p>&nbsp;<\/p>","protected":false},"excerpt":{"rendered":"<p>Spieluhr mit sch\u00f6ner Melodie .<\/p>\n<p>Mit diesem kleinen aber feinen meschanischen Musikinstrument werden H\u00f6rsinne verw\u00f6hnt.Genie\u00dfen Sie Kunst und Musik in einem.<\/p>\n<p>Sie k\u00f6nnen zwischen verschieden Musikk\u00e4stchen w\u00e4hlen.<\/p>","protected":false},"featured_media":6068,"comment_status":"open","ping_status":"closed","template":"","meta":{"site-sidebar-layout":"default","site-content-layout":"default","ast-global-header-display":"","ast-main-header-display":"","ast-hfb-above-header-display":"","ast-hfb-below-header-display":"","ast-hfb-mobile-header-display":"","site-post-title":"","ast-breadcrumbs-content":"","ast-featured-img":"","footer-sml-layout":"","theme-transparent-header-meta":"default","adv-header-id-meta":"","stick-header-meta":"","header-above-stick-meta":"","header-main-stick-meta":"","header-below-stick-meta":""},"product_cat":[26],"product_tag":[27],"_links":{"self":[{"href":"https:\/\/staging.hotelderblauereiter.de\/en\/wp-json\/wp\/v2\/product\/6584"}],"collection":[{"href":"https:\/\/staging.hotelderblauereiter.de\/en\/wp-json\/wp\/v2\/product"}],"about":[{"href":"https:\/\/staging.hotelderblauereiter.de\/en\/wp-json\/wp\/v2\/types\/product"}],"replies":[{"embeddable":true,"href":"https:\/\/staging.hotelderblauereiter.de\/en\/wp-json\/wp\/v2\/comments?post=6584"}],"version-history":[{"count":13,"href":"https:\/\/staging.hotelderblauereiter.de\/en\/wp-json\/wp\/v2\/product\/6584\/revisions"}],"predecessor-version":[{"id":8430,"href":"https:\/\/staging.hotelderblauereiter.de\/en\/wp-json\/wp\/v2\/product\/6584\/revisions\/8430"}],"wp:featuredmedia":[{"embeddable":true,"href":"https:\/\/staging.hotelderblauereiter.de\/en\/wp-json\/wp\/v2\/media\/6068"}],"wp:attachment":[{"href":"https:\/\/staging.hotelderblauereiter.de\/en\/wp-json\/wp\/v2\/media?parent=6584"}],"wp:term":[{"taxonomy":"product_cat","embeddable":true,"href":"https:\/\/staging.hotelderblauereiter.de\/en\/wp-json\/wp\/v2\/product_cat?post=6584"},{"taxonomy":"product_tag","embeddable":true,"href":"https:\/\/staging.hotelderblauereiter.de\/en\/wp-json\/wp\/v2\/product_tag?post=6584"}],"curies":[{"name":"wp","href":"https:\/\/api.w.org\/{rel}","templated":true}]}}