{"id":6604,"date":"2019-12-12T16:32:18","date_gmt":"2019-12-12T15:32:18","guid":{"rendered":"https:\/\/jbcm.de\/blauerreiter\/?post_type=product&#038;p=6604"},"modified":"2020-07-25T03:33:29","modified_gmt":"2020-07-25T01:33:29","slug":"puzzle","status":"publish","type":"product","link":"https:\/\/staging.hotelderblauereiter.de\/en\/product\/puzzle\/","title":{"rendered":"Puzzle"},"content":{"rendered":"","protected":false},"excerpt":{"rendered":"<p>Der einzigartige Puzzlespa\u00df. Teile die sich perfekt ineinander f\u00fcgen, wenn wir die das passende P\u00e4rchen finden. Ein guter Ausgleich zwischen gefordert sein und der Gewissheit die Herausforderung zu bew\u00e4ltigen.<\/p>","protected":false},"featured_media":8454,"comment_status":"open","ping_status":"closed","template":"","meta":{"site-sidebar-layout":"default","site-content-layout":"default","ast-global-header-display":"","ast-main-header-display":"","ast-hfb-above-header-display":"","ast-hfb-below-header-display":"","ast-hfb-mobile-header-display":"","site-post-title":"","ast-breadcrumbs-content":"","ast-featured-img":"","footer-sml-layout":"","theme-transparent-header-meta":"default","adv-header-id-meta":"","stick-header-meta":"","header-above-stick-meta":"","header-main-stick-meta":"","header-below-stick-meta":""},"product_cat":[26],"product_tag":[],"_links":{"self":[{"href":"https:\/\/staging.hotelderblauereiter.de\/en\/wp-json\/wp\/v2\/product\/6604"}],"collection":[{"href":"https:\/\/staging.hotelderblauereiter.de\/en\/wp-json\/wp\/v2\/product"}],"about":[{"href":"https:\/\/staging.hotelderblauereiter.de\/en\/wp-json\/wp\/v2\/types\/product"}],"replies":[{"embeddable":true,"href":"https:\/\/staging.hotelderblauereiter.de\/en\/wp-json\/wp\/v2\/comments?post=6604"}],"version-history":[{"count":1,"href":"https:\/\/staging.hotelderblauereiter.de\/en\/wp-json\/wp\/v2\/product\/6604\/revisions"}],"predecessor-version":[{"id":8456,"href":"https:\/\/staging.hotelderblauereiter.de\/en\/wp-json\/wp\/v2\/product\/6604\/revisions\/8456"}],"wp:featuredmedia":[{"embeddable":true,"href":"https:\/\/staging.hotelderblauereiter.de\/en\/wp-json\/wp\/v2\/media\/8454"}],"wp:attachment":[{"href":"https:\/\/staging.hotelderblauereiter.de\/en\/wp-json\/wp\/v2\/media?parent=6604"}],"wp:term":[{"taxonomy":"product_cat","embeddable":true,"href":"https:\/\/staging.hotelderblauereiter.de\/en\/wp-json\/wp\/v2\/product_cat?post=6604"},{"taxonomy":"product_tag","embeddable":true,"href":"https:\/\/staging.hotelderblauereiter.de\/en\/wp-json\/wp\/v2\/product_tag?post=6604"}],"curies":[{"name":"wp","href":"https:\/\/api.w.org\/{rel}","templated":true}]}}