{"id":7985,"date":"2020-04-07T18:09:14","date_gmt":"2020-04-07T16:09:14","guid":{"rendered":"https:\/\/jbcm.de\/blauerreiter\/?post_type=product&#038;p=7985"},"modified":"2022-09-28T02:13:35","modified_gmt":"2022-09-28T00:13:35","slug":"bargutschein","status":"publish","type":"product","link":"https:\/\/staging.hotelderblauereiter.de\/en\/product\/bargutschein\/","title":{"rendered":"Bargutschein"},"content":{"rendered":"<p>Lassen Sie den Abend ausklingen, entspannen in einer gem\u00fctlichen Atmosph\u00e4re und genie\u00dfen Sie die\u00a0 K\u00f6stlichkeiten\u00a0 die unser Barteam frisch f\u00fcr Sie zubereitet.<\/p>","protected":false},"excerpt":{"rendered":"<p>Lassen Sie den Abend ausklingen, entspannen in einer gem\u00fctlichen Atmosph\u00e4re und genie\u00dfen Sie die\u00a0 K\u00f6stlichkeiten\u00a0 die unser Barteam frisch f\u00fcr Sie zubereitet.<\/p>","protected":false},"featured_media":11759,"comment_status":"open","ping_status":"closed","template":"","meta":{"site-sidebar-layout":"default","site-content-layout":"default","ast-global-header-display":"","ast-main-header-display":"","ast-hfb-above-header-display":"","ast-hfb-below-header-display":"","ast-hfb-mobile-header-display":"","site-post-title":"","ast-breadcrumbs-content":"","ast-featured-img":"","footer-sml-layout":"","theme-transparent-header-meta":"default","adv-header-id-meta":"","stick-header-meta":"","header-above-stick-meta":"","header-main-stick-meta":"","header-below-stick-meta":""},"product_cat":[46],"product_tag":[57,60,59,47,58],"_links":{"self":[{"href":"https:\/\/staging.hotelderblauereiter.de\/en\/wp-json\/wp\/v2\/product\/7985"}],"collection":[{"href":"https:\/\/staging.hotelderblauereiter.de\/en\/wp-json\/wp\/v2\/product"}],"about":[{"href":"https:\/\/staging.hotelderblauereiter.de\/en\/wp-json\/wp\/v2\/types\/product"}],"replies":[{"embeddable":true,"href":"https:\/\/staging.hotelderblauereiter.de\/en\/wp-json\/wp\/v2\/comments?post=7985"}],"version-history":[{"count":2,"href":"https:\/\/staging.hotelderblauereiter.de\/en\/wp-json\/wp\/v2\/product\/7985\/revisions"}],"predecessor-version":[{"id":8602,"href":"https:\/\/staging.hotelderblauereiter.de\/en\/wp-json\/wp\/v2\/product\/7985\/revisions\/8602"}],"wp:featuredmedia":[{"embeddable":true,"href":"https:\/\/staging.hotelderblauereiter.de\/en\/wp-json\/wp\/v2\/media\/11759"}],"wp:attachment":[{"href":"https:\/\/staging.hotelderblauereiter.de\/en\/wp-json\/wp\/v2\/media?parent=7985"}],"wp:term":[{"taxonomy":"product_cat","embeddable":true,"href":"https:\/\/staging.hotelderblauereiter.de\/en\/wp-json\/wp\/v2\/product_cat?post=7985"},{"taxonomy":"product_tag","embeddable":true,"href":"https:\/\/staging.hotelderblauereiter.de\/en\/wp-json\/wp\/v2\/product_tag?post=7985"}],"curies":[{"name":"wp","href":"https:\/\/api.w.org\/{rel}","templated":true}]}}