{"id":8255,"date":"2020-04-30T13:42:08","date_gmt":"2020-04-30T11:42:08","guid":{"rendered":"https:\/\/staging.hotelderblauereiter.de\/?post_type=product&#038;p=8255"},"modified":"2020-05-05T16:20:42","modified_gmt":"2020-05-05T14:20:42","slug":"lesezeichen","status":"publish","type":"product","link":"https:\/\/staging.hotelderblauereiter.de\/en\/product\/lesezeichen\/","title":{"rendered":"Bookmark"},"content":{"rendered":"","protected":false},"excerpt":{"rendered":"<p>With our new bookmarks you can take a piece of \u201cBlauer Reiter\u201d with you at any time.<\/p>\n<p>Sie k\u00f6nnen zwischen 6 verschiedenen Motiven der K\u00fcnstler w\u00e4hlen.<\/p>","protected":false},"featured_media":8376,"comment_status":"open","ping_status":"closed","template":"","meta":{"site-sidebar-layout":"default","site-content-layout":"default","ast-global-header-display":"","ast-main-header-display":"","ast-hfb-above-header-display":"","ast-hfb-below-header-display":"","ast-hfb-mobile-header-display":"","site-post-title":"","ast-breadcrumbs-content":"","ast-featured-img":"","footer-sml-layout":"","theme-transparent-header-meta":"default","adv-header-id-meta":"","stick-header-meta":"","header-above-stick-meta":"","header-main-stick-meta":"","header-below-stick-meta":""},"product_cat":[26],"product_tag":[],"_links":{"self":[{"href":"https:\/\/staging.hotelderblauereiter.de\/en\/wp-json\/wp\/v2\/product\/8255"}],"collection":[{"href":"https:\/\/staging.hotelderblauereiter.de\/en\/wp-json\/wp\/v2\/product"}],"about":[{"href":"https:\/\/staging.hotelderblauereiter.de\/en\/wp-json\/wp\/v2\/types\/product"}],"replies":[{"embeddable":true,"href":"https:\/\/staging.hotelderblauereiter.de\/en\/wp-json\/wp\/v2\/comments?post=8255"}],"version-history":[{"count":9,"href":"https:\/\/staging.hotelderblauereiter.de\/en\/wp-json\/wp\/v2\/product\/8255\/revisions"}],"predecessor-version":[{"id":8381,"href":"https:\/\/staging.hotelderblauereiter.de\/en\/wp-json\/wp\/v2\/product\/8255\/revisions\/8381"}],"wp:featuredmedia":[{"embeddable":true,"href":"https:\/\/staging.hotelderblauereiter.de\/en\/wp-json\/wp\/v2\/media\/8376"}],"wp:attachment":[{"href":"https:\/\/staging.hotelderblauereiter.de\/en\/wp-json\/wp\/v2\/media?parent=8255"}],"wp:term":[{"taxonomy":"product_cat","embeddable":true,"href":"https:\/\/staging.hotelderblauereiter.de\/en\/wp-json\/wp\/v2\/product_cat?post=8255"},{"taxonomy":"product_tag","embeddable":true,"href":"https:\/\/staging.hotelderblauereiter.de\/en\/wp-json\/wp\/v2\/product_tag?post=8255"}],"curies":[{"name":"wp","href":"https:\/\/api.w.org\/{rel}","templated":true}]}}