{"id":9564,"date":"2020-12-18T13:07:39","date_gmt":"2020-12-18T12:07:39","guid":{"rendered":"https:\/\/staging.hotelderblauereiter.de\/?post_type=product&#038;p=9564"},"modified":"2021-11-23T16:51:32","modified_gmt":"2021-11-23T15:51:32","slug":"blauer-reiter-meets-boris-biggoers-legendaeres-trueffelmenue-12-11-2022","status":"publish","type":"product","link":"https:\/\/staging.hotelderblauereiter.de\/en\/product\/blauer-reiter-meets-boris-biggoers-legendaeres-trueffelmenue-12-11-2022\/","title":{"rendered":"BLAUER REITER MEETS BORIS BIGG\u00d6RS LEGEND\u00c4RES TR\u00dcFFELMEN\u00dc 12.11.2022"},"content":{"rendered":"<p>19:00 \u2013 23:00 UHR<br \/>\nBoris Bigg\u00f6r belegte 2016 den 3. Platz bei der SAT.1 Kochshow \u201eThe Taste\u201c und ist seit 2017 erfolgreich selbstst\u00e4ndig mit privaten Kochkursen, exklusiven Caterings und einem Home-Restaurant. Mit seiner Leidenschaft und Kreativit\u00e4t f\u00fcr das Kochen gewann er mehrere Auszeichnungen. Er erreichte bei der INTERGASTRA in Stuttgart den 1. Platz als \u201eTop Master Chef des Jahres\u201c.<\/p>\n<p>LIMITIERTE PL\u00c4TZE<\/p>","protected":false},"excerpt":{"rendered":"<p><span dir=\"ltr\" role=\"presentation\">INKLUSIVE GETR\u00c4NKEN UND WEINBEGLEITUNG \u2013 U.A. AUS MAGNUM-FLASCHEN<\/span><br role=\"presentation\" \/><span dir=\"ltr\" role=\"presentation\">(AUSGENOMMEN COCKTAILS, LONGDRINKS UND SPIRITUOSEN)<\/span><\/p>","protected":false},"featured_media":9500,"comment_status":"open","ping_status":"closed","template":"","meta":{"site-sidebar-layout":"default","site-content-layout":"default","ast-global-header-display":"","ast-main-header-display":"","ast-hfb-above-header-display":"","ast-hfb-below-header-display":"","ast-hfb-mobile-header-display":"","site-post-title":"","ast-breadcrumbs-content":"","ast-featured-img":"","footer-sml-layout":"","theme-transparent-header-meta":"default","adv-header-id-meta":"","stick-header-meta":"","header-above-stick-meta":"","header-main-stick-meta":"","header-below-stick-meta":""},"product_cat":[46,65],"product_tag":[],"_links":{"self":[{"href":"https:\/\/staging.hotelderblauereiter.de\/en\/wp-json\/wp\/v2\/product\/9564"}],"collection":[{"href":"https:\/\/staging.hotelderblauereiter.de\/en\/wp-json\/wp\/v2\/product"}],"about":[{"href":"https:\/\/staging.hotelderblauereiter.de\/en\/wp-json\/wp\/v2\/types\/product"}],"replies":[{"embeddable":true,"href":"https:\/\/staging.hotelderblauereiter.de\/en\/wp-json\/wp\/v2\/comments?post=9564"}],"version-history":[{"count":3,"href":"https:\/\/staging.hotelderblauereiter.de\/en\/wp-json\/wp\/v2\/product\/9564\/revisions"}],"predecessor-version":[{"id":11551,"href":"https:\/\/staging.hotelderblauereiter.de\/en\/wp-json\/wp\/v2\/product\/9564\/revisions\/11551"}],"wp:featuredmedia":[{"embeddable":true,"href":"https:\/\/staging.hotelderblauereiter.de\/en\/wp-json\/wp\/v2\/media\/9500"}],"wp:attachment":[{"href":"https:\/\/staging.hotelderblauereiter.de\/en\/wp-json\/wp\/v2\/media?parent=9564"}],"wp:term":[{"taxonomy":"product_cat","embeddable":true,"href":"https:\/\/staging.hotelderblauereiter.de\/en\/wp-json\/wp\/v2\/product_cat?post=9564"},{"taxonomy":"product_tag","embeddable":true,"href":"https:\/\/staging.hotelderblauereiter.de\/en\/wp-json\/wp\/v2\/product_tag?post=9564"}],"curies":[{"name":"wp","href":"https:\/\/api.w.org\/{rel}","templated":true}]}}